{"id":11,"date":"2020-05-02T17:38:58","date_gmt":"2020-05-02T15:38:58","guid":{"rendered":"https:\/\/arborus.org\/?page_id=11"},"modified":"2025-09-10T12:44:48","modified_gmt":"2025-09-10T10:44:48","slug":"international","status":"publish","type":"page","link":"https:\/\/arborus.org\/en\/international\/","title":{"rendered":"INTERNATIONAL"},"content":{"rendered":"<div class=\"wpb-content-wrapper\"><div class=\"vc_row wpb_row vc_row-fluid b_inter1 wpb_animate_when_almost_visible wpb_fadeIn fadeIn vc_custom_1595316308269 vc_row-has-fill\"><div class=\"wpb_column vc_column_container vc_col-sm-12\"><div class=\"vc_column-inner\"><div class=\"wpb_wrapper\">\n\t<div  class=\"wpb_single_image wpb_content_element vc_align_center wpb_content_element\">\n\t\t\n\t\t<figure class=\"wpb_wrapper vc_figure\">\n\t\t\t<div class=\"vc_single_image-wrapper   vc_box_border_grey\"><img loading=\"lazy\" decoding=\"async\" width=\"1920\" height=\"597\" src=\"https:\/\/arborus.org\/wp-content\/uploads\/2020\/06\/Banniere-international-noir.jpg\" class=\"vc_single_image-img attachment-full\" alt=\"\" srcset=\"https:\/\/arborus.org\/wp-content\/uploads\/2020\/06\/Banniere-international-noir.jpg 1920w, https:\/\/arborus.org\/wp-content\/uploads\/2020\/06\/Banniere-international-noir-300x93.jpg 300w, https:\/\/arborus.org\/wp-content\/uploads\/2020\/06\/Banniere-international-noir-1024x318.jpg 1024w, https:\/\/arborus.org\/wp-content\/uploads\/2020\/06\/Banniere-international-noir-768x239.jpg 768w, https:\/\/arborus.org\/wp-content\/uploads\/2020\/06\/Banniere-international-noir-1536x478.jpg 1536w, https:\/\/arborus.org\/wp-content\/uploads\/2020\/06\/Banniere-international-noir-1320x410.jpg 1320w\" sizes=\"auto, (max-width: 1920px) 100vw, 1920px\" \/><\/div>\n\t\t<\/figure>\n\t<\/div>\n\n\t<div class=\"wpb_raw_code wpb_raw_html wpb_content_element\" >\n\t\t<div class=\"wpb_wrapper\">\n\t\t\t<h2 style=\"text-align: center; text-transform: uppercase;\"><span>A common culture of equality, diversity and inclusion<\/span><\/h2>\n\t\t<\/div>\n\t<\/div>\n<\/div><\/div><\/div><\/div><div class=\"vc_row wpb_row vc_row-fluid b_inter2\"><div class=\"wpb_column vc_column_container vc_col-sm-12\"><div class=\"vc_column-inner\"><div class=\"wpb_wrapper\">\n\t<div class=\"wpb_text_column wpb_content_element bx_international_content\" >\n\t\t<div class=\"wpb_wrapper\">\n\t\t\t<h2>INTERNATIONAL EQUITIES<\/h2>\n<p>GEEIS helps international companies, from SMEs to major corporations, to structure their equality, diversity and inclusion policies on a global scale. The aim is to create an international culture of equality and respect for all, while integrating a sustainable development perspective.<\/p>\n<h3><strong>A worldwide presence:<\/strong><\/h3>\n<p><strong>Europe :<\/strong> Austria - Belgium - Bulgaria - Croatia - Czech Republic - Estonia - France - Germany - Hungary - Ireland - Italy - Latvia - Lithuania - Luxembourg - Netherlands - Norway - Poland - Portugal - Spain<br \/>\nRomania - United Kingdom - Slovakia - Slovenia - Sweden - Switzerland<\/p>\n<p><strong>America :<\/strong> Argentina - Brazil - Canada - United States<\/p>\n<p><strong>Asia :<\/strong> China - India - Jordan - Moldova - Russia - Singapore - Taiwan - Turkey<\/p>\n<p><strong>Africa :<\/strong> <a href=\"\/en\/egypte\/\">Egypt<\/a> - Mauritius - Madagascar - Tunisia<\/p>\n<p><strong>Oceania :<\/strong> Australia<\/p>\n<p><strong>United Arab Emirates :<\/strong> Dubai<\/p>\n\n\t\t<\/div>\n\t<\/div>\n<\/div><\/div><\/div><\/div><div class=\"vc_row wpb_row vc_row-fluid\"><div class=\"wpb_column vc_column_container vc_col-sm-12\"><div class=\"vc_column-inner\"><div class=\"wpb_wrapper\">\n\t<div  class=\"wpb_single_image wpb_content_element vc_align_center wpb_content_element\">\n\t\t\n\t\t<figure class=\"wpb_wrapper vc_figure\">\n\t\t\t<div class=\"vc_single_image-wrapper   vc_box_border_grey\"><img decoding=\"async\" src=\"https:\/\/arborus.org\/wp-content\/uploads\/2025\/09\/world.svg\" class=\"vc_single_image-img attachment-full\" alt=\"\" \/><\/div>\n\t\t<\/figure>\n\t<\/div>\n<\/div><\/div><\/div><\/div>\n<\/div>","protected":false},"excerpt":{"rendered":"Une culture commune de l'\u00e9galit\u00e9, de la diversit\u00e9, de l'inclusion ACTIONS INTERNATIONALES Le GEEIS a pour vocation d\u2019accompagner les entreprises internationales, les PME comme les grands groupes, \u00e0 structurer leur politique d\u2019\u00e9galit\u00e9, de diversit\u00e9 et d\u2019inclusion \u00e0 l\u2019\u00e9chelle mondiale. Permettant de cr\u00e9er une culture internationale de l\u2019\u00e9galit\u00e9 et du respect de chacune tout en int\u00e9grant [...]","protected":false},"author":3,"featured_media":0,"parent":0,"menu_order":0,"comment_status":"closed","ping_status":"closed","template":"page-templates\/no-sidebar.php","meta":{"_acf_changed":false,"footnotes":""},"class_list":["post-11","page","type-page","status-publish","hentry"],"acf":[],"_links":{"self":[{"href":"https:\/\/arborus.org\/en\/wp-json\/wp\/v2\/pages\/11","targetHints":{"allow":["GET"]}}],"collection":[{"href":"https:\/\/arborus.org\/en\/wp-json\/wp\/v2\/pages"}],"about":[{"href":"https:\/\/arborus.org\/en\/wp-json\/wp\/v2\/types\/page"}],"author":[{"embeddable":true,"href":"https:\/\/arborus.org\/en\/wp-json\/wp\/v2\/users\/3"}],"replies":[{"embeddable":true,"href":"https:\/\/arborus.org\/en\/wp-json\/wp\/v2\/comments?post=11"}],"version-history":[{"count":53,"href":"https:\/\/arborus.org\/en\/wp-json\/wp\/v2\/pages\/11\/revisions"}],"predecessor-version":[{"id":6360,"href":"https:\/\/arborus.org\/en\/wp-json\/wp\/v2\/pages\/11\/revisions\/6360"}],"wp:attachment":[{"href":"https:\/\/arborus.org\/en\/wp-json\/wp\/v2\/media?parent=11"}],"curies":[{"name":"wp","href":"https:\/\/api.w.org\/{rel}","templated":true}]}}