{"id":13,"date":"2020-05-02T17:39:21","date_gmt":"2020-05-02T15:39:21","guid":{"rendered":"https:\/\/arborus.org\/?page_id=13"},"modified":"2024-01-25T10:07:07","modified_gmt":"2024-01-25T09:07:07","slug":"arborus-france","status":"publish","type":"page","link":"https:\/\/arborus.org\/en\/arborus-france\/","title":{"rendered":"ARBORUS FRANCE"},"content":{"rendered":"<div class=\"wpb-content-wrapper\"><div class=\"vc_row wpb_row vc_row-fluid row top_artic py1\"><div class=\"wpb_column vc_column_container vc_col-sm-12\"><div class=\"vc_column-inner\"><div class=\"wpb_wrapper\">\n\t<div class=\"wpb_text_column wpb_content_element wpb_animate_when_almost_visible wpb_fadeInRight fadeInRight\" >\n\t\t<div class=\"wpb_wrapper\">\n\t\t\t<div class=\"row top_artic\">\n<div class=\"d-flex col-md-6 p-md-0\">\n<div class=\"txt_top_artic justify-content-center align-self-center\">\n<h1 class=\"entry-title card-title h2\">ARBORUS IN FRANCE :<br \/>\nINVEST IN PROJECTS<br \/>\nTHAT ARE IMPORTANT TO US<\/h1>\n<\/div>\n<\/div>\n<div class=\"col-md-6 p-md-0\">\n<div class=\"img_top_artic\"><img decoding=\"async\" src=\"http:\/\/arborus.org\/wp-content\/uploads\/2020\/06\/arborus-vert-orange.png\" \/><\/div>\n<\/div>\n<\/div>\n\n\t\t<\/div>\n\t<\/div>\n<\/div><\/div><\/div><\/div><div class=\"vc_row wpb_row vc_row-fluid py2\"><div class=\"wpb_column vc_column_container vc_col-sm-12\"><div class=\"vc_column-inner\"><div class=\"wpb_wrapper\">\n\t<div class=\"wpb_text_column wpb_content_element txt_py\" >\n\t\t<div class=\"wpb_wrapper\">\n\t\t\t<h2 style=\"text-align: center;\">THE ARBORUS ASSOCIATION<\/h2>\n<h4 style=\"text-align: center;\">For the promotion of women in decision-making since 1995<\/h4>\n<p>Arborus is an association under the French law of 1901 whose purpose is the promotion of women in decision-making.<\/p>\n<p>The association was founded in 1995 by Cristina LUNGHI, based on pragmatic observations and on a proposal to change the system of organization of the Society from the despecialization of the social roles of women and men, the valorization of female talents in particular and differences in general.<\/p>\n<p>It is recognized for its expertise at the national, European and international levels with the creation of the Arborus Fund.<\/p>\n<p>Arborus has contributed to all the major legislative advances of the last 15 years through its participation in the public debate on these subjects and through its efforts to develop the special relationship between the business world and the public authorities.<\/p>\n<p>Cristina Lunghi, was in charge of a mission in 2003\/2004 with Nicole Ameline, Minister of Equality and Parity, for the elaboration of the Equality Label, launched by the government in 2004 and delivered by AFNOR Certification.<\/p>\n<p>From 2005 to 2018, Cristina Lunghi was the moderator of the Equality Label CLUB, which was inaugurated in 2005 at the Ministry in the presence of the companies holding this label.<\/p>\n<p>For 12 years, this Club has proposed a network of labeled companies and thematic working groups.<\/p>\n<p>This club was at the origin of the progress made on the Afnor label reference framework until the establishment of the Alliance between the equality and diversity label.<\/p>\n<p>Arborus and the Equality Label Club have produced numerous studies and books.<\/p>\n<p>Today this CLUB is preparing a metamorphosis.<\/p>\n<p>Since 2004, Arborus has been leading a solidarity action in favor of gender equality in the workplace: La Courte \u00e9chelle by Arborus<\/p>\n<p>Arborus created as part of the Ministry of Women's Rights action in 2016 an anti-sexist App: Respect Me,<\/p>\n\n\t\t<\/div>\n\t<\/div>\n<\/div><\/div><\/div><\/div><div class=\"vc_row wpb_row vc_row-fluid py2\"><div class=\"wpb_column vc_column_container vc_col-sm-12\"><div class=\"vc_column-inner\"><div class=\"wpb_wrapper\">\n\t<div class=\"wpb_text_column wpb_content_element txt_py\" >\n\t\t<div class=\"wpb_wrapper\">\n\t\t\t<h2 style=\"text-align: center;\">LA COURTE \u00c9CHELLE<\/h2>\n<p style=\"text-align: left;\">The Courte Echelle is a volunteer project that was launched by the Arborus association on May 5, 2004, at the Cercle R\u00e9publicain, in the presence of Simone Veil.<br \/>\nThis is a sponsorship scheme, which aims to initiate a general movement of solidarity between women with positions of responsibility in companies or administrations, the sponsors, and young schoolgirls, during their internship to discover the company, the godmothers. To find out more about the program: <a href=\"http:\/\/lacourteechellebyarborus.org\/\"><strong>http:\/\/lacourteechellebyarborus.org\/<\/strong><\/a><\/p>\n<p style=\"text-align: left;\"><strong>The recipe of the short scale is :<\/strong><\/p>\n<h4 style=\"text-align: left;\">- 1 college in a ZEP<\/h4>\n<h4 style=\"text-align: left;\">- 1 company committed to professional and social diversity<\/h4>\n<h4 style=\"text-align: left;\">- A desire for solidarity and benevolence<\/h4>\n<p style=\"text-align: left; margin-top: 15px;\"><strong>Next:<\/strong><\/p>\n<h4 style=\"text-align: left;\">- Arborus makes the link with the possibility of animation in class on gender (depending on availability of volunteers)<\/h4>\n<h4 style=\"text-align: left;\">- On the day of the course, the president of Arborus or a volunteer, depending on availability, will welcome you.<\/h4>\n<h4 style=\"text-align: left;\">- Provision of the KIT of the Courte Echelle by Arborus<\/h4>\n<h4 style=\"text-align: left;\">- During the course, two workshops can be held:<\/h4>\n<h4 style=\"text-align: left;\">- Moving towards gender diversity<\/h4>\n<h4 style=\"text-align: left;\">- Prepare my speech<\/h4>\n<h4 style=\"text-align: left;\">- After the course, arborus organizes meeting sessions between godmothers and goddaughters.<\/h4>\n\n\t\t<\/div>\n\t<\/div>\n<\/div><\/div><\/div><\/div><div class=\"vc_row wpb_row vc_row-fluid ar_fr\"><div class=\"wpb_column vc_column_container vc_col-sm-12\"><div class=\"vc_column-inner\"><div class=\"wpb_wrapper\"><div class=\"vc_row wpb_row vc_inner vc_row-fluid shad_arb\"><div class=\"wpb_column vc_column_container vc_col-sm-3\"><div class=\"vc_column-inner\"><div class=\"wpb_wrapper\">\n\t<div  class=\"wpb_single_image wpb_content_element vc_align_center wpb_content_element\">\n\t\t\n\t\t<figure class=\"wpb_wrapper vc_figure\">\n\t\t\t<div class=\"vc_single_image-wrapper   vc_box_border_grey\"><img loading=\"lazy\" decoding=\"async\" width=\"242\" height=\"150\" src=\"https:\/\/arborus.org\/wp-content\/uploads\/2020\/05\/f1.png\" class=\"vc_single_image-img attachment-full\" alt=\"\" \/><\/div>\n\t\t<\/figure>\n\t<\/div>\n<\/div><\/div><\/div><div class=\"wpb_column vc_column_container vc_col-sm-3\"><div class=\"vc_column-inner\"><div class=\"wpb_wrapper\">\n\t<div  class=\"wpb_single_image wpb_content_element vc_align_center wpb_content_element\">\n\t\t\n\t\t<figure class=\"wpb_wrapper vc_figure\">\n\t\t\t<div class=\"vc_single_image-wrapper   vc_box_border_grey\"><img loading=\"lazy\" decoding=\"async\" width=\"217\" height=\"150\" src=\"https:\/\/arborus.org\/wp-content\/uploads\/2020\/05\/f2.png\" class=\"vc_single_image-img attachment-full\" alt=\"\" \/><\/div>\n\t\t<\/figure>\n\t<\/div>\n<\/div><\/div><\/div><div class=\"wpb_column vc_column_container vc_col-sm-3\"><div class=\"vc_column-inner\"><div class=\"wpb_wrapper\">\n\t<div  class=\"wpb_single_image wpb_content_element vc_align_center wpb_content_element\">\n\t\t\n\t\t<figure class=\"wpb_wrapper vc_figure\">\n\t\t\t<div class=\"vc_single_image-wrapper   vc_box_border_grey\"><img loading=\"lazy\" decoding=\"async\" width=\"218\" height=\"150\" src=\"https:\/\/arborus.org\/wp-content\/uploads\/2020\/05\/f3.png\" class=\"vc_single_image-img attachment-full\" alt=\"\" \/><\/div>\n\t\t<\/figure>\n\t<\/div>\n<\/div><\/div><\/div><div class=\"wpb_column vc_column_container vc_col-sm-3\"><div class=\"vc_column-inner\"><div class=\"wpb_wrapper\">\n\t<div  class=\"wpb_single_image wpb_content_element vc_align_center wpb_content_element\">\n\t\t\n\t\t<figure class=\"wpb_wrapper vc_figure\">\n\t\t\t<div class=\"vc_single_image-wrapper   vc_box_border_grey\"><img loading=\"lazy\" decoding=\"async\" width=\"217\" height=\"150\" src=\"https:\/\/arborus.org\/wp-content\/uploads\/2020\/05\/f4.png\" class=\"vc_single_image-img attachment-full\" alt=\"\" \/><\/div>\n\t\t<\/figure>\n\t<\/div>\n<\/div><\/div><\/div><\/div><\/div><\/div><\/div><\/div><div class=\"vc_row wpb_row vc_row-fluid py2\"><div class=\"wpb_column vc_column_container vc_col-sm-12\"><div class=\"vc_column-inner\"><div class=\"wpb_wrapper\">\n\t<div class=\"wpb_text_column wpb_content_element txt_py\" >\n\t\t<div class=\"wpb_wrapper\">\n\t\t\t<h2 style=\"text-align: center; margin-top: 0;\">RESPECT ME, THE ANTI-SEXIST APP<\/h2>\n<p style=\"text-align: left;\">Every year, the Equality Label Club does something noteworthy. In 2016, it tackled sexism and created with Arborus, the Respect Me app, an immediate retort to sexism. A way to talk about the subject from a distance and allow individual awareness without making people feel guilty.<\/p>\n<p style=\"text-align: left;\">The application is part of the \"Sexism, not our kind!\" campaign launched by the Ministry of Families, Children and Women's Rights.<br \/>\nA new, more collaborative and informative version of Respect Me has been available since March 2017.<\/p>\n\n\t\t<\/div>\n\t<\/div>\n<\/div><\/div><\/div><\/div><div class=\"vc_row wpb_row vc_row-fluid ar_fr google_p vc_custom_1594288585979\"><div class=\"wpb_column vc_column_container vc_col-sm-12\"><div class=\"vc_column-inner\"><div class=\"wpb_wrapper\">\n\t<div class=\"wpb_text_column wpb_content_element\" >\n\t\t<div class=\"wpb_wrapper\">\n\t\t\t<h4>Available on the App Store and on Google Play<\/h4>\n\n\t\t<\/div>\n\t<\/div>\n<div class=\"vc_row wpb_row vc_inner vc_row-fluid shad_arb\"><div class=\"wpb_column vc_column_container vc_col-sm-3\"><div class=\"vc_column-inner\"><div class=\"wpb_wrapper\">\n\t<div  class=\"wpb_single_image wpb_content_element vc_align_center wpb_content_element\">\n\t\t\n\t\t<figure class=\"wpb_wrapper vc_figure\">\n\t\t\t<div class=\"vc_single_image-wrapper   vc_box_border_grey\"><img loading=\"lazy\" decoding=\"async\" width=\"217\" height=\"150\" src=\"https:\/\/arborus.org\/wp-content\/uploads\/2020\/05\/ff1.png\" class=\"vc_single_image-img attachment-full\" alt=\"\" \/><\/div>\n\t\t<\/figure>\n\t<\/div>\n<\/div><\/div><\/div><div class=\"wpb_column vc_column_container vc_col-sm-3\"><div class=\"vc_column-inner\"><div class=\"wpb_wrapper\">\n\t<div  class=\"wpb_single_image wpb_content_element vc_align_center wpb_content_element\">\n\t\t\n\t\t<figure class=\"wpb_wrapper vc_figure\">\n\t\t\t<div class=\"vc_single_image-wrapper   vc_box_border_grey\"><img loading=\"lazy\" decoding=\"async\" width=\"218\" height=\"150\" src=\"https:\/\/arborus.org\/wp-content\/uploads\/2020\/05\/ff2.png\" class=\"vc_single_image-img attachment-full\" alt=\"\" \/><\/div>\n\t\t<\/figure>\n\t<\/div>\n<\/div><\/div><\/div><div class=\"wpb_column vc_column_container vc_col-sm-3\"><div class=\"vc_column-inner\"><div class=\"wpb_wrapper\">\n\t<div  class=\"wpb_single_image wpb_content_element vc_align_center wpb_content_element\">\n\t\t\n\t\t<figure class=\"wpb_wrapper vc_figure\">\n\t\t\t<div class=\"vc_single_image-wrapper   vc_box_border_grey\"><img loading=\"lazy\" decoding=\"async\" width=\"217\" height=\"150\" src=\"https:\/\/arborus.org\/wp-content\/uploads\/2020\/05\/ff3.png\" class=\"vc_single_image-img attachment-full\" alt=\"\" \/><\/div>\n\t\t<\/figure>\n\t<\/div>\n<\/div><\/div><\/div><div class=\"wpb_column vc_column_container vc_col-sm-3\"><div class=\"vc_column-inner\"><div class=\"wpb_wrapper\">\n\t<div  class=\"wpb_single_image wpb_content_element vc_align_center wpb_content_element\">\n\t\t\n\t\t<figure class=\"wpb_wrapper vc_figure\">\n\t\t\t<div class=\"vc_single_image-wrapper   vc_box_border_grey\"><img loading=\"lazy\" decoding=\"async\" width=\"217\" height=\"150\" src=\"https:\/\/arborus.org\/wp-content\/uploads\/2020\/05\/ff4.png\" class=\"vc_single_image-img attachment-full\" alt=\"\" \/><\/div>\n\t\t<\/figure>\n\t<\/div>\n<\/div><\/div><\/div><\/div><\/div><\/div><\/div><\/div><div class=\"vc_row wpb_row vc_row-fluid\"><div class=\"wpb_column vc_column_container vc_col-sm-12\"><div class=\"vc_column-inner\"><div class=\"wpb_wrapper\">\n\t<div class=\"wpb_raw_code wpb_raw_html wpb_content_element\" >\n\t\t<div class=\"wpb_wrapper\">\n\t\t\t<div class=\"view-all media-room\">\n<a href=\"\/wp-content\/uploads\/2020\/07\/COMMUNIQUERespectMe-Octobre2016_web.pdf\" target=\"_blank\">LEARN MORE<\/a>\n<\/div>\n\t\t<\/div>\n\t<\/div>\n<\/div><\/div><\/div><\/div>\n<\/div>","protected":false},"excerpt":{"rendered":"ARBORUS EN FRANCE : S\u2019INVESTIR DANS DES PROJETS QUI NOUS TIENNENT \u00c0 COEUR L\u2019ASSOCIATION ARBORUS Pour la promotion des femmes dans la prise de d\u00e9cision depuis 1995 Arborus est une association loi 1901 ayant pour objet la promotion des femmes dans la prise de d\u00e9cision. L\u2019association a \u00e9t\u00e9 fond\u00e9e en 1995 par Cristina LUNGHI, sur [...]","protected":false},"author":3,"featured_media":0,"parent":0,"menu_order":0,"comment_status":"closed","ping_status":"closed","template":"page-templates\/no-sidebar.php","meta":{"_acf_changed":false,"footnotes":""},"class_list":["post-13","page","type-page","status-publish","hentry"],"acf":[],"_links":{"self":[{"href":"https:\/\/arborus.org\/en\/wp-json\/wp\/v2\/pages\/13","targetHints":{"allow":["GET"]}}],"collection":[{"href":"https:\/\/arborus.org\/en\/wp-json\/wp\/v2\/pages"}],"about":[{"href":"https:\/\/arborus.org\/en\/wp-json\/wp\/v2\/types\/page"}],"author":[{"embeddable":true,"href":"https:\/\/arborus.org\/en\/wp-json\/wp\/v2\/users\/3"}],"replies":[{"embeddable":true,"href":"https:\/\/arborus.org\/en\/wp-json\/wp\/v2\/comments?post=13"}],"version-history":[{"count":34,"href":"https:\/\/arborus.org\/en\/wp-json\/wp\/v2\/pages\/13\/revisions"}],"predecessor-version":[{"id":5287,"href":"https:\/\/arborus.org\/en\/wp-json\/wp\/v2\/pages\/13\/revisions\/5287"}],"wp:attachment":[{"href":"https:\/\/arborus.org\/en\/wp-json\/wp\/v2\/media?parent=13"}],"curies":[{"name":"wp","href":"https:\/\/api.w.org\/{rel}","templated":true}]}}