{"id":230,"date":"2020-05-07T17:25:25","date_gmt":"2020-05-07T15:25:25","guid":{"rendered":"https:\/\/arborus.org\/?page_id=230"},"modified":"2023-10-23T14:35:04","modified_gmt":"2023-10-23T12:35:04","slug":"tous-nos-articles","status":"publish","type":"page","link":"https:\/\/arborus.org\/en\/tous-nos-articles\/","title":{"rendered":"Articles"},"content":{"rendered":"<div class=\"wpb-content-wrapper\"><div class=\"vc_row wpb_row vc_row-fluid box_ev_acc vc_custom_1594291239618\"><div class=\"wpb_column vc_column_container vc_col-sm-12\"><div class=\"vc_column-inner\"><div class=\"wpb_wrapper\">\n\t<div class=\"wpb_text_column wpb_content_element vc_custom_1686254453762\" >\n\t\t<div class=\"wpb_wrapper\">\n\t\t\t<h2 style=\"text-align: center;\">OUR ARTICLES<\/h2>\n\n\t\t<\/div>\n\t<\/div>\n\n\t<div class=\"wpb_raw_code wpb_raw_html wpb_content_element\" >\n\t\t<div class=\"wpb_wrapper\">\n\t\t\t<div id=\"accordion\"><div class=\"card\">\n    <div class=\"row\">\n        <div class=\"col\">\n            <div class=\"bx_filter\">\n                <div class=\"form-group year\">\n                    <label>By date<\/label>\n                    <select id=\"filter-by-year\">\n                        <option value=\"\">All<\/option>\n                        <option value=\"2023\">2023<\/option>\n                        <option value=\"2022\">2022<\/option>\n                        <option value=\"2020\">2020<\/option>\n                        <option value=\"2019\">2019<\/option>\n                        <option value=\"2018\">2018<\/option>\n                        <option value=\"2017\">2017<\/option>\n                    <\/select>\n                <\/div>\n                <div class=\"form-group country\">\n                    <label>By country<\/label>\n                    <select id=\"filter-by-country\"><option value=\"17\">Other<\/option><option value=\"8\">Egypt<\/option><option value=\"18\">United Arab Emirates<\/option><option value=\"6\">France<\/option><option value=\"5\">International<\/option><option value=\"10\">Italy<\/option><option value=\"9\">Tunisia<\/option><\/select>\n                <\/div>\n            <\/div>\n        <\/div>\n    <\/div>\n    <div>\n        <div class=\"card-body row\"><div class=\"col-lg-3 col-md-6 col-12\">\n                        <div class=\"bx1_event event_atic\">\n                            <div class=\"img_event_single\"><img decoding=\"async\" src=\"https:\/\/arborus.org\/wp-content\/uploads\/2026\/02\/Pasted-Graphic-768x936.png\" style=\"\"><\/div>\n                            <h3><a href=\"https:\/\/arborus.org\/en\/lancement-dun-appel-a-projets-smart-city-smart-building-ia-inclusive\/\">LANCEMENT D\u2019UN APPEL \u00c0 PROJETS SMART CITY \/ SMART BUILDING \u2013 IA INCLUSIVE<\/a><\/h3>\n                            <p>Dans le cadre de la mise en \u0153uvre des principes de la&nbsp;Charte pour une IA Inclusive,<\/p>\n                            <div class=\"lire_artic\"><a href=\"https:\/\/arborus.org\/en\/lancement-dun-appel-a-projets-smart-city-smart-building-ia-inclusive\/\">read the article<\/a><\/div>\n                        <\/div>\n                    <\/div><div class=\"col-lg-3 col-md-6 col-12\">\n                        <div class=\"bx1_event event_atic\">\n                            <div class=\"img_event_single\"><img decoding=\"async\" src=\"https:\/\/arborus.org\/wp-content\/uploads\/2026\/02\/067962a8-c12f-4eaa-91cb-2a12e1836cc1-768x1024.jpg\" style=\"\"><\/div>\n                            <h3><a href=\"https:\/\/arborus.org\/en\/11-fevrier-ai-summit-un-an-apres-aux-ministeres-sociaux\/\">11 F\u00c9VRIER : AI SUMMIT \u2013 UN AN APR\u00c8S, AUX MINIST\u00c8RES SOCIAUX<\/a><\/h3>\n                            <p>Le 11 f\u00e9vrier, Cristina Lunghi a \u00e9t\u00e9 invit\u00e9e \u00e0 t\u00e9moigner aux Minist\u00e8res sociaux, aux<\/p>\n                            <div class=\"lire_artic\"><a href=\"https:\/\/arborus.org\/en\/11-fevrier-ai-summit-un-an-apres-aux-ministeres-sociaux\/\">read the article<\/a><\/div>\n                        <\/div>\n                    <\/div><div class=\"col-lg-3 col-md-6 col-12\">\n                        <div class=\"bx1_event event_atic\">\n                            <div class=\"img_event_single\"><img decoding=\"async\" src=\"https:\/\/arborus.org\/wp-content\/uploads\/2026\/02\/WhatsApp-Image-2026-02-01-at-11.20.52-768x576.jpeg\" style=\"\"><\/div>\n                            <h3><a href=\"https:\/\/arborus.org\/en\/30-janvier-table-ronde-sur-les-violences-economiques\/\">30 JANVIER : TABLE RONDE SUR LES VIOLENCES \u00c9CONOMIQUES<\/a><\/h3>\n                            <p>Colloque ECVF&nbsp;- 30 janvier 2026 : Table ronde III \u2013 14h \u2013 Economie \u00ab&nbsp;Les \u00e9lues<\/p>\n                            <div class=\"lire_artic\"><a href=\"https:\/\/arborus.org\/en\/30-janvier-table-ronde-sur-les-violences-economiques\/\">read the article<\/a><\/div>\n                        <\/div>\n                    <\/div><div class=\"col-lg-3 col-md-6 col-12\">\n                        <div class=\"bx1_event event_atic\">\n                            <div class=\"img_event_single\"><img decoding=\"async\" src=\"https:\/\/arborus.org\/wp-content\/uploads\/2026\/02\/G98A5588-768x1152.jpg\" style=\"\"><\/div>\n                            <h3><a href=\"https:\/\/arborus.org\/en\/26-janvier-remise-du-livre-blanc-du-think-do-tank-marie-claire-au-conseil-constitutionnel\/\">26 JANVIER : REMISE DU LIVRE BLANC DU THINK & DO TANK MARIE CLAIRE AU CONSEIL CONSTITUTIONNEL<\/a><\/h3>\n                            <p>Le 26 janvier 2026, le Think & Do Tank&nbsp;Agir pour l\u2019\u00c9galit\u00e9&nbsp;de&nbsp;Marie<\/p>\n                            <div class=\"lire_artic\"><a href=\"https:\/\/arborus.org\/en\/26-janvier-remise-du-livre-blanc-du-think-do-tank-marie-claire-au-conseil-constitutionnel\/\">read the article<\/a><\/div>\n                        <\/div>\n                    <\/div><div class=\"col-lg-3 col-md-6 col-12\">\n                        <div class=\"bx1_event event_atic\">\n                            <div class=\"img_event_single\"><img decoding=\"async\" src=\"https:\/\/arborus.org\/wp-content\/uploads\/2026\/02\/IMG_8157-768x1274.jpeg\" style=\"\"><\/div>\n                            <h3><a href=\"https:\/\/arborus.org\/en\/22-janvier-voeux-de-la-commission-europeenne\/\">22 janvier\u00a0: V\u0153ux de la Commission europ\u00e9enne<\/a><\/h3>\n                            <p>\u00c0 l\u2019occasion des V\u0153ux de l\u2019Europe organis\u00e9s \u00e0 la Maison de l\u2019Europe \u2013 centre<\/p>\n                            <div class=\"lire_artic\"><a href=\"https:\/\/arborus.org\/en\/22-janvier-voeux-de-la-commission-europeenne\/\">read the article<\/a><\/div>\n                        <\/div>\n                    <\/div><div class=\"col-lg-3 col-md-6 col-12\">\n                        <div class=\"bx1_event event_atic\">\n                            <div class=\"img_event_single\"><img decoding=\"async\" src=\"https:\/\/arborus.org\/wp-content\/uploads\/2026\/02\/IMG_7624-768x576.jpeg\" style=\"\"><\/div>\n                            <h3><a href=\"https:\/\/arborus.org\/en\/18-decembre-seminaire-du-fonds-de-dotation-arborus\/\">18 d\u00e9cembre : S\u00e9minaire du Fonds de dotation Arborus<\/a><\/h3>\n                            <p>Le 18 d\u00e9cembre, le Fonds de dotation Arborus a organis\u00e9 le dernier s\u00e9minaire de l\u2019ann\u00e9e<\/p>\n                            <div class=\"lire_artic\"><a href=\"https:\/\/arborus.org\/en\/18-decembre-seminaire-du-fonds-de-dotation-arborus\/\">read the article<\/a><\/div>\n                        <\/div>\n                    <\/div><div class=\"col-lg-3 col-md-6 col-12\">\n                        <div class=\"bx1_event event_atic\">\n                            <div class=\"img_event_single\"><img decoding=\"async\" src=\"https:\/\/arborus.org\/wp-content\/uploads\/2025\/12\/Marie-Claire--768x470.png\" style=\"\"><\/div>\n                            <h3><a href=\"https:\/\/arborus.org\/en\/think-thank-preparation-livre-blanc\/\">Think\u00a0thank\u00a0Pr\u00e9paration Livre Blanc<\/a><\/h3>\n                            <p>Arborus, et Cristina Lunghi qui la repr\u00e9sente, se r\u00e9jouissent d\u2019\u00eatre partenaires au sein de<\/p>\n                            <div class=\"lire_artic\"><a href=\"https:\/\/arborus.org\/en\/think-thank-preparation-livre-blanc\/\">read the article<\/a><\/div>\n                        <\/div>\n                    <\/div><div class=\"col-lg-3 col-md-6 col-12\">\n                        <div class=\"bx1_event event_atic\">\n                            <div class=\"img_event_single\"><img decoding=\"async\" src=\"https:\/\/arborus.org\/wp-content\/uploads\/2025\/12\/Son-Eminence-le-Cardinal-Poupard-et-Mme-Florence-Gabay-768x1032.png\" style=\"\"><\/div>\n                            <h3><a href=\"https:\/\/arborus.org\/en\/conference-cardinal-poupard-25-novembre-rome-leducation-des-filles\/\">Conf\u00e9rence: Cardinal Poupard 25\u00a0novembre Rome\u00a0: \u00ab L&rsquo;\u00e9ducation des filles \u00bb<\/a><\/h3>\n                            <p>\"L\u2019\u00e9ducation des filles : un levier essentiel pour l\u2019\u00e9galit\u00e9\" Chez&nbsp;Arborus, notre<\/p>\n                            <div class=\"lire_artic\"><a href=\"https:\/\/arborus.org\/en\/conference-cardinal-poupard-25-novembre-rome-leducation-des-filles\/\">read the article<\/a><\/div>\n                        <\/div>\n                    <\/div><div class=\"col-lg-3 col-md-6 col-12\">\n                        <div class=\"bx1_event event_atic\">\n                            <div class=\"img_event_single\"><img decoding=\"async\" src=\"https:\/\/arborus.org\/wp-content\/uploads\/2025\/12\/1570b8cf-9fcf-4e75-8b5a-e6fc2ec4cddf-768x576.jpg\" style=\"\"><\/div>\n                            <h3><a href=\"https:\/\/arborus.org\/en\/forum-mediterraneen-de-lintelligence-artificielle-tunis-20-et-21-novembre-2025\/\">Forum m\u00e9diterran\u00e9en de\u00a0l\u2019intelligence artificielle &#8211; Tunis, 20 et 21 novembre 2025<\/a><\/h3>\n                            <p>Sous l\u2019\u00e9gide du&nbsp;Minist\u00e8re&nbsp;des Technologies de la Communication de la R\u00e9publique<\/p>\n                            <div class=\"lire_artic\"><a href=\"https:\/\/arborus.org\/en\/forum-mediterraneen-de-lintelligence-artificielle-tunis-20-et-21-novembre-2025\/\">read the article<\/a><\/div>\n                        <\/div>\n                    <\/div><div class=\"col-lg-3 col-md-6 col-12\">\n                        <div class=\"bx1_event event_atic\">\n                            <div class=\"img_event_single\"><img decoding=\"async\" src=\"https:\/\/arborus.org\/wp-content\/uploads\/2025\/12\/Cristina-LU-2-768x446.png\" style=\"\"><\/div>\n                            <h3><a href=\"https:\/\/arborus.org\/en\/retour-sur-la-conference-du-24-octobre-2025-du-think-tank-a-lecole-42-le-grand-debat-pour-une-ia-ethique-et-paritaire\/\">Retour sur la conf\u00e9rence du 24 octobre 2025\u00a0du\u00a0\u00a0Think\u00a0Tank \u00e0 l&rsquo;\u00c9cole 42 &#8211; Le grand d\u00e9bat pour une IA \u00e9thique et paritaire<\/a><\/h3>\n                            <p>Pour voir ou revoir l\u2019int\u00e9gralit\u00e9 des d\u00e9bats qui \u00e9taient tous passionnants :<\/p>\n                            <div class=\"lire_artic\"><a href=\"https:\/\/arborus.org\/en\/retour-sur-la-conference-du-24-octobre-2025-du-think-tank-a-lecole-42-le-grand-debat-pour-une-ia-ethique-et-paritaire\/\">read the article<\/a><\/div>\n                        <\/div>\n                    <\/div><div class=\"col-lg-3 col-md-6 col-12\">\n                        <div class=\"bx1_event event_atic\">\n                            <div class=\"img_event_single\"><img decoding=\"async\" src=\"https:\/\/arborus.org\/wp-content\/uploads\/2025\/10\/e0947398-60fb-4412-b095-f93fa2b13dfa-768x576.jpg\" style=\"\"><\/div>\n                            <h3><a href=\"https:\/\/arborus.org\/en\/24-octobre-think-thank-marie-claire-lia-une-revolution-inclusive\/\">24 octobre : Think Thank Marie Claire : \u00ab L\u2019IA : une r\u00e9volution inclusive ? \u00bb<\/a><\/h3>\n                            <p>Le 24 octobre, le Think & Do Tank Marie Claire s\u2019est install\u00e9 \u00e0 l\u2019\u00e9cole 42 Paris pour<\/p>\n                            <div class=\"lire_artic\"><a href=\"https:\/\/arborus.org\/en\/24-octobre-think-thank-marie-claire-lia-une-revolution-inclusive\/\">read the article<\/a><\/div>\n                        <\/div>\n                    <\/div><div class=\"col-lg-3 col-md-6 col-12\">\n                        <div class=\"bx1_event event_atic\">\n                            <div class=\"img_event_single\"><img decoding=\"async\" src=\"https:\/\/arborus.org\/wp-content\/uploads\/2025\/12\/of-an-equality-label-768x427.png\" style=\"\"><\/div>\n                            <h3><a href=\"https:\/\/arborus.org\/en\/linterview-de-cristina-lunghi-realisee-par-marianne-mazaud-ceo-ai-on-us\/\">L\u2019interview de Cristina LUNGHI\u00a0r\u00e9alis\u00e9e\u00a0par Marianne Mazaud, CEO AI on US<\/a><\/h3>\n                            <p>Voir ou revoir L\u2019interview de Cristina LUNGHI\u00a0r\u00e9alis\u00e9e\u00a0par Marianne Mazaud, CEO AI on<\/p>\n                            <div class=\"lire_artic\"><a href=\"https:\/\/arborus.org\/en\/linterview-de-cristina-lunghi-realisee-par-marianne-mazaud-ceo-ai-on-us\/\">read the article<\/a><\/div>\n                        <\/div>\n                    <\/div><div class=\"default_pagination\"><ul class='page-numbers'>\n\t<li><span aria-current=\"page\" class=\"page-numbers current\">1<\/span><\/li>\n\t<li><a class=\"page-numbers\" href=\"https:\/\/arborus.org\/en\/wp-json\/wp\/v2\/pages\/230\/page\/2\/\">2<\/a><\/li>\n\t<li><a class=\"page-numbers\" href=\"https:\/\/arborus.org\/en\/wp-json\/wp\/v2\/pages\/230\/page\/3\/\">3<\/a><\/li>\n\t<li><span class=\"page-numbers dots\">...<\/span><\/li>\n\t<li><a class=\"page-numbers\" href=\"https:\/\/arborus.org\/en\/wp-json\/wp\/v2\/pages\/230\/page\/20\/\">20<\/a><\/li>\n\t<li><a class=\"next page-numbers\" href=\"https:\/\/arborus.org\/en\/wp-json\/wp\/v2\/pages\/230\/page\/2\/\">\"<\/a><\/li>\n<\/ul>\n<\/div>\n        <\/div>\n    <\/div>\n<\/div><\/div>\n\t\t<\/div>\n\t<\/div>\n<\/div><\/div><\/div><\/div>\n<\/div>","protected":false},"excerpt":{"rendered":"Voir ou revoir L\u2019interview de Cristina LUNGHI\u00a0r\u00e9alis\u00e9e\u00a0par Marianne Mazaud, CEO AI on US \u00a0https:\/\/youtu.be\/FcPBIjCzmLI","protected":false},"author":3,"featured_media":0,"parent":0,"menu_order":0,"comment_status":"closed","ping_status":"closed","template":"page-templates\/no-sidebar.php","meta":{"_acf_changed":false,"footnotes":""},"class_list":["post-230","page","type-page","status-publish","hentry"],"acf":[],"_links":{"self":[{"href":"https:\/\/arborus.org\/en\/wp-json\/wp\/v2\/pages\/230","targetHints":{"allow":["GET"]}}],"collection":[{"href":"https:\/\/arborus.org\/en\/wp-json\/wp\/v2\/pages"}],"about":[{"href":"https:\/\/arborus.org\/en\/wp-json\/wp\/v2\/types\/page"}],"author":[{"embeddable":true,"href":"https:\/\/arborus.org\/en\/wp-json\/wp\/v2\/users\/3"}],"replies":[{"embeddable":true,"href":"https:\/\/arborus.org\/en\/wp-json\/wp\/v2\/comments?post=230"}],"version-history":[{"count":19,"href":"https:\/\/arborus.org\/en\/wp-json\/wp\/v2\/pages\/230\/revisions"}],"predecessor-version":[{"id":4459,"href":"https:\/\/arborus.org\/en\/wp-json\/wp\/v2\/pages\/230\/revisions\/4459"}],"wp:attachment":[{"href":"https:\/\/arborus.org\/en\/wp-json\/wp\/v2\/media?parent=230"}],"curies":[{"name":"wp","href":"https:\/\/api.w.org\/{rel}","templated":true}]}}