{"id":4461,"date":"2023-06-09T20:00:07","date_gmt":"2023-06-09T18:00:07","guid":{"rendered":"https:\/\/arborus-v3.awebi-lab.com\/?page_id=4461"},"modified":"2023-06-09T20:00:07","modified_gmt":"2023-06-09T18:00:07","slug":"presse","status":"publish","type":"page","link":"https:\/\/arborus.org\/en\/presse\/","title":{"rendered":"Press"},"content":{"rendered":"<div class=\"wpb-content-wrapper\"><div class=\"vc_row wpb_row vc_row-fluid box_ev_acc vc_custom_1594291239618\"><div class=\"wpb_column vc_column_container vc_col-sm-12\"><div class=\"vc_column-inner\"><div class=\"wpb_wrapper\">\n\t<div class=\"wpb_text_column wpb_content_element vc_custom_1686333569234\" >\n\t\t<div class=\"wpb_wrapper\">\n\t\t\t<h2 style=\"text-align: center;\">OUR PRESS ARTICLES<\/h2>\n<h2 style=\"text-align: center;\"><\/h2>\n\n\t\t<\/div>\n\t<\/div>\n\n\t<div class=\"wpb_raw_code wpb_raw_html wpb_content_element\" >\n\t\t<div class=\"wpb_wrapper\">\n\t\t\t<div id=\"accordion\"><div class=\"card\">\n    <div class=\"row\">\n        <div class=\"col\">\n            <div class=\"bx_filter\">\n                <div class=\"form-group year\">\n                    <label>By date<\/label>\n                    <select id=\"filter-by-year\">\n                        <option value=\"\">All<\/option>\n                        <option value=\"2023\">2023<\/option>\n                        <option value=\"2022\">2022<\/option>\n                        <option value=\"2020\">2020<\/option>\n                        <option value=\"2019\">2019<\/option>\n                        <option value=\"2018\">2018<\/option>\n                        <option value=\"2017\">2017<\/option>\n                    <\/select>\n                <\/div>\n                <div class=\"form-group country\">\n                    <label>By country<\/label>\n                    <select id=\"filter-by-country\"><option value=\"17\">Other<\/option><option value=\"8\">Egypt<\/option><option value=\"18\">United Arab Emirates<\/option><option value=\"6\">France<\/option><option value=\"5\">International<\/option><option value=\"10\">Italy<\/option><option value=\"9\">Tunisia<\/option><\/select>\n                <\/div>\n            <\/div>\n        <\/div>\n    <\/div>\n    <div>\n        <div class=\"card-body row\"><div class=\"col-lg-3 col-md-6 col-12\">\n                        <div class=\"bx1_event event_atic\">\n                            <div class=\"img_event_single\"><img decoding=\"async\" src=\"https:\/\/arborus.org\/wp-content\/uploads\/2025\/01\/INSPIRING-LEADERS-768x571.jpeg\" style=\"\"><\/div>\n                            <h3><a href=\"https:\/\/arborus.org\/en\/top-10-inspiring-leaders\/\">TOP 10\u00a0Inspiring\u00a0Leaders<\/a><\/h3>\n                            <p>Cristina LUNGHI a \u00e9t\u00e9 identifi\u00e9e comme une des TOP Leaders 2024&nbsp;&nbsp;par le<\/p>\n                            <div class=\"lire_artic\"><a href=\"https:\/\/arborus.org\/en\/top-10-inspiring-leaders\/\">read the article<\/a><\/div>\n                        <\/div>\n                    <\/div><div class=\"col-lg-3 col-md-6 col-12\">\n                        <div class=\"bx1_event event_atic\">\n                            <div class=\"img_event_single\"><img decoding=\"async\" src=\"https:\/\/arborus.org\/wp-content\/uploads\/2024\/06\/01102268109734-web-tete-768x432.webp\" style=\"\"><\/div>\n                            <h3><a href=\"https:\/\/arborus.org\/en\/tribune-collective-votez-pour-legalite\/\">Group opinion: Vote for equality!<\/a><\/h3>\n                            <p>Alongside Elisabeth Moreno, Marie Eloy and Alexia Reiss, I have signed the collective opinion of the<\/p>\n                            <div class=\"lire_artic\"><a href=\"https:\/\/arborus.org\/en\/tribune-collective-votez-pour-legalite\/\">read the article<\/a><\/div>\n                        <\/div>\n                    <\/div><div class=\"col-lg-3 col-md-6 col-12\">\n                        <div class=\"bx1_event event_atic\">\n                            <div class=\"img_event_single\"><img decoding=\"async\" src=\"https:\/\/arborus.org\/wp-content\/uploads\/2023\/03\/La-parite\u0301-dans-la-tech-768x900.jpeg\" style=\"\"><\/div>\n                            <h3><a href=\"https:\/\/arborus.org\/en\/22-fevrier-2023-publication-dans-les-echos-dune-tribune-collective-sur-les-enjeux-de-lia-si-elle-nest-pas-inclusive\/\">February 22, 2023, publication in the ECHOS of a collective tribune on the stakes of AI.<\/a><\/h3>\n                            <p>The collective is mobilizing in this tribune \"Parity in tech: an urgency, some challenges<\/p>\n                            <div class=\"lire_artic\"><a href=\"https:\/\/arborus.org\/en\/22-fevrier-2023-publication-dans-les-echos-dune-tribune-collective-sur-les-enjeux-de-lia-si-elle-nest-pas-inclusive\/\">read the article<\/a><\/div>\n                        <\/div>\n                    <\/div><div class=\"col-lg-3 col-md-6 col-12\">\n                        <div class=\"bx1_event event_atic\">\n                            <div class=\"img_event_single\"><img decoding=\"async\" src=\"https:\/\/arborus.org\/wp-content\/uploads\/2021\/05\/GEEISSDG.png\" style=\"\"><\/div>\n                            <h3><a href=\"https:\/\/arborus.org\/en\/communique-de-presse-trophees-geeis-sdg-edition-2021\/\">PRESS RELEASE - GEEIS-SDG AWARDS 2021 EDITION<\/a><\/h3>\n                            <p><\/p>\n                            <div class=\"lire_artic\"><a href=\"https:\/\/arborus.org\/en\/communique-de-presse-trophees-geeis-sdg-edition-2021\/\">read the article<\/a><\/div>\n                        <\/div>\n                    <\/div><div class=\"col-lg-3 col-md-6 col-12\">\n                        <div class=\"bx1_event event_atic\">\n                            <div class=\"img_event_single\"><img decoding=\"async\" src=\"https:\/\/arborus.org\/wp-content\/uploads\/2020\/07\/Capture-d\u2019e\u0301cran-2020-07-23-a\u0300-10.48.59.png\" style=\"\"><\/div>\n                            <h3><a href=\"https:\/\/arborus.org\/en\/actu-ia-3-questions-a-cristina-lunghi\/\">IA News - 3 QUESTIONS TO CRISTINA LUNGHI<\/a><\/h3>\n                            <p>On April 21, 2020, Arborus and Orange unveiled the International Charter for Intelligent<\/p>\n                            <div class=\"lire_artic\"><a href=\"https:\/\/arborus.org\/en\/actu-ia-3-questions-a-cristina-lunghi\/\">read the article<\/a><\/div>\n                        <\/div>\n                    <\/div><div class=\"col-lg-3 col-md-6 col-12\">\n                        <div class=\"bx1_event event_atic\">\n                            <div class=\"img_event_single\"><img decoding=\"async\" src=\"https:\/\/arborus.org\/wp-content\/uploads\/2021\/06\/Capture-d\u2019e\u0301cran-2021-06-08-a\u0300-18.36.14-768x211.png\" style=\"\"><\/div>\n                            <h3><a href=\"https:\/\/arborus.org\/en\/actu-ia-retour-sur-le-premier-anniversaire-de-la-charte-internationale-pour-une-ia-inclusive\/\">IA News - REVIEW OF THE FIRST ANNIVERSARY OF THE INTERNATIONAL CHARTER FOR INCLUSIVE AI<\/a><\/h3>\n                            <p>The International Charter for Inclusive Artificial Intelligence celebrated its first<\/p>\n                            <div class=\"lire_artic\"><a href=\"https:\/\/arborus.org\/en\/actu-ia-retour-sur-le-premier-anniversaire-de-la-charte-internationale-pour-une-ia-inclusive\/\">read the article<\/a><\/div>\n                        <\/div>\n                    <\/div><div class=\"col-lg-3 col-md-6 col-12\">\n                        <div class=\"bx1_event event_atic\">\n                            <div class=\"img_event_single\"><img decoding=\"async\" src=\"https:\/\/arborus.org\/wp-content\/uploads\/2021\/03\/Capture-d\u2019e\u0301cran-2021-03-24-a\u0300-09.22.44.png\" style=\"\"><\/div>\n                            <h3><a href=\"https:\/\/arborus.org\/en\/journal-special-des-societes-la-charte-internationale-pour-une-ia-inclusive-souffle-sa-premiere-bougie\/\">Journal Sp\u00e9cial des Soci\u00e9t\u00e9s - THE INTERNATIONAL CHARTER FOR INCLUSIVE AI TAKES ITS FIRST BLOW<\/a><\/h3>\n                            <p>On April 21, under the high patronage of Cedric O, Secretary of State for the<\/p>\n                            <div class=\"lire_artic\"><a href=\"https:\/\/arborus.org\/en\/journal-special-des-societes-la-charte-internationale-pour-une-ia-inclusive-souffle-sa-premiere-bougie\/\">read the article<\/a><\/div>\n                        <\/div>\n                    <\/div><div class=\"col-lg-3 col-md-6 col-12\">\n                        <div class=\"bx1_event event_atic\">\n                            <div class=\"img_event_single\"><img decoding=\"async\" src=\"https:\/\/arborus.org\/wp-content\/uploads\/2021\/01\/Capture-d\u2019e\u0301cran-2021-01-27-a\u0300-16.27.04-768x285.png\" style=\"\"><\/div>\n                            <h3><a href=\"https:\/\/arborus.org\/en\/focusrh-un-label-pour-favoriser-une-ia-inclusive\/\">FocusRH - A LABEL TO PROMOTE INCLUSIVE AI<\/a><\/h3>\n                            <p>\"Ten years after the creation of the GEEIS (Gender equality european and international standard) label,<\/p>\n                            <div class=\"lire_artic\"><a href=\"https:\/\/arborus.org\/en\/focusrh-un-label-pour-favoriser-une-ia-inclusive\/\">read the article<\/a><\/div>\n                        <\/div>\n                    <\/div><div class=\"col-lg-3 col-md-6 col-12\">\n                        <div class=\"bx1_event event_atic\">\n                            <div class=\"img_event_single\"><img decoding=\"async\" src=\"https:\/\/arborus.org\/wp-content\/uploads\/2021\/01\/Capture-d\u2019e\u0301cran-2021-01-07-a\u0300-21.02.24.png\" style=\"\"><\/div>\n                            <h3><a href=\"https:\/\/arborus.org\/en\/b-smart-femmes-et-entreprises-le-plafond-de-verre\/\">B Smart - WOMEN AND COMPANIES, THE GLASS CEILING?<\/a><\/h3>\n                            <p>Cristina Lunghi, President and Founder of Arborus, guest of Arnaud Ardoin, in his show<\/p>\n                            <div class=\"lire_artic\"><a href=\"https:\/\/arborus.org\/en\/b-smart-femmes-et-entreprises-le-plafond-de-verre\/\">read the article<\/a><\/div>\n                        <\/div>\n                    <\/div><div class=\"col-lg-3 col-md-6 col-12\">\n                        <div class=\"bx1_event event_atic\">\n                            <div class=\"img_event_single\"><img decoding=\"async\" src=\"https:\/\/arborus.org\/wp-content\/uploads\/2021\/04\/Capture-d\u2019e\u0301cran-2021-04-22-a\u0300-12.34.04.png\" style=\"\"><\/div>\n                            <h3><a href=\"https:\/\/arborus.org\/en\/opinion-internationale-mettons-lintelligence-artificielle-au-service-de-legalite-femmes-hommes-le-combat-de-cristina-lunghi-et-darborus\/\">INTERNATIONAL OPINION \"Let's put artificial intelligence at the service of gender equality\": the fight of Cristina Lunghi and Arborus<\/a><\/h3>\n                            <p>This Wednesday, April 21, 2021 at the French Ministry of Economy in Bercy, the Charter<\/p>\n                            <div class=\"lire_artic\"><a href=\"https:\/\/arborus.org\/en\/opinion-internationale-mettons-lintelligence-artificielle-au-service-de-legalite-femmes-hommes-le-combat-de-cristina-lunghi-et-darborus\/\">read the article<\/a><\/div>\n                        <\/div>\n                    <\/div><div class=\"col-lg-3 col-md-6 col-12\">\n                        <div class=\"bx1_event event_atic\">\n                            <div class=\"img_event_single\"><img decoding=\"async\" src=\"https:\/\/arborus.org\/wp-content\/uploads\/2021\/04\/1st-International-Charter-for-Inclusive-AI-1.png\" style=\"\"><\/div>\n                            <h3><a href=\"https:\/\/arborus.org\/en\/retombees-presse-suite-au-lancement-de-la-1ere-charte-internationale-pour-une-ia-inclusive-en-partenariat-avec-orange\/\">PRESS REVIEW 2020 - Launch of the International Charter for an Inclusive AI, in partnership with Orange<\/a><\/h3>\n                            <p>Find all our press and social media coverage, via this document:<\/p>\n                            <div class=\"lire_artic\"><a href=\"https:\/\/arborus.org\/en\/retombees-presse-suite-au-lancement-de-la-1ere-charte-internationale-pour-une-ia-inclusive-en-partenariat-avec-orange\/\">read the article<\/a><\/div>\n                        <\/div>\n                    <\/div><div class=\"col-lg-3 col-md-6 col-12\">\n                        <div class=\"bx1_event event_atic\">\n                            <div class=\"img_event_single\"><img decoding=\"async\" src=\"https:\/\/arborus.org\/wp-content\/uploads\/2021\/03\/Capture-d\u2019e\u0301cran-2021-03-26-a\u0300-10.02.37-768x390.png\" style=\"\"><\/div>\n                            <h3><a href=\"https:\/\/arborus.org\/en\/avec-ses-algorithmes-biaises-et-machistes-lia-est-de-nature-a-reproduire-des-stereotypes-deja-existants\/\">ENTERPRISE: \"With its biased and macho algorithms, AI is likely to reproduce already existing stereotypes\"<\/a><\/h3>\n                            <p>Isabelle Jouanneau - Entreprendre highlights the work of the Arborus Fund and Cristina<\/p>\n                            <div class=\"lire_artic\"><a href=\"https:\/\/arborus.org\/en\/avec-ses-algorithmes-biaises-et-machistes-lia-est-de-nature-a-reproduire-des-stereotypes-deja-existants\/\">read the article<\/a><\/div>\n                        <\/div>\n                    <\/div><div class=\"default_pagination\"><ul class='page-numbers'>\n\t<li><span aria-current=\"page\" class=\"page-numbers current\">1<\/span><\/li>\n\t<li><a class=\"page-numbers\" href=\"https:\/\/arborus.org\/en\/wp-json\/wp\/v2\/pages\/4461\/page\/2\/\">2<\/a><\/li>\n\t<li><a class=\"page-numbers\" href=\"https:\/\/arborus.org\/en\/wp-json\/wp\/v2\/pages\/4461\/page\/3\/\">3<\/a><\/li>\n\t<li><a class=\"next page-numbers\" href=\"https:\/\/arborus.org\/en\/wp-json\/wp\/v2\/pages\/4461\/page\/2\/\">\"<\/a><\/li>\n<\/ul>\n<\/div>\n        <\/div>\n    <\/div>\n<\/div><\/div>\n\t\t<\/div>\n\t<\/div>\n<\/div><\/div><\/div><\/div>\n<\/div>","protected":false},"excerpt":{"rendered":"Isabelle Jouanneau \u2013 Entreprendre met en lumi\u00e8re le travail du Fond Arborus et de Cristina Lunghi qui soutien une IA inclusive avec la premi\u00e8re Charte Internationale pour une IA inclusive, en partenariat avec Orange, et le label GEEIS-AI qui permet aux entreprises de s\u2019\u00e9valuer sur la double th\u00e9matique de l\u2019\u00e9galit\u00e9 femmes-hommes et de l\u2019IA inclusive. [...]","protected":false},"author":3,"featured_media":0,"parent":0,"menu_order":0,"comment_status":"closed","ping_status":"closed","template":"page-templates\/no-sidebar.php","meta":{"_acf_changed":false,"footnotes":""},"class_list":["post-4461","page","type-page","status-publish","hentry"],"acf":[],"_links":{"self":[{"href":"https:\/\/arborus.org\/en\/wp-json\/wp\/v2\/pages\/4461","targetHints":{"allow":["GET"]}}],"collection":[{"href":"https:\/\/arborus.org\/en\/wp-json\/wp\/v2\/pages"}],"about":[{"href":"https:\/\/arborus.org\/en\/wp-json\/wp\/v2\/types\/page"}],"author":[{"embeddable":true,"href":"https:\/\/arborus.org\/en\/wp-json\/wp\/v2\/users\/3"}],"replies":[{"embeddable":true,"href":"https:\/\/arborus.org\/en\/wp-json\/wp\/v2\/comments?post=4461"}],"version-history":[{"count":1,"href":"https:\/\/arborus.org\/en\/wp-json\/wp\/v2\/pages\/4461\/revisions"}],"predecessor-version":[{"id":4462,"href":"https:\/\/arborus.org\/en\/wp-json\/wp\/v2\/pages\/4461\/revisions\/4462"}],"wp:attachment":[{"href":"https:\/\/arborus.org\/en\/wp-json\/wp\/v2\/media?parent=4461"}],"curies":[{"name":"wp","href":"https:\/\/api.w.org\/{rel}","templated":true}]}}