{"id":4501,"date":"2023-06-13T20:26:41","date_gmt":"2023-06-13T18:26:41","guid":{"rendered":"https:\/\/arborus-v3.awebi-lab.com\/?page_id=4501"},"modified":"2025-09-09T16:13:08","modified_gmt":"2025-09-09T14:13:08","slug":"le-geeis-trophy","status":"publish","type":"page","link":"https:\/\/arborus.org\/en\/le-geeis-trophy\/","title":{"rendered":"The GEEIS Trophy"},"content":{"rendered":"<div class=\"wpb-content-wrapper\"><div class=\"vc_row wpb_row vc_row-fluid\"><div class=\"wpb_column vc_column_container vc_col-sm-12\"><div class=\"vc_column-inner\"><div class=\"wpb_wrapper\">\n\t<div  class=\"wpb_single_image wpb_content_element vc_align_center wpb_content_element  hero_img\">\n\t\t\n\t\t<figure class=\"wpb_wrapper vc_figure\">\n\t\t\t<div class=\"vc_single_image-wrapper   vc_box_border_grey\"><img loading=\"lazy\" decoding=\"async\" width=\"2000\" height=\"1333\" src=\"https:\/\/arborus.org\/wp-content\/uploads\/2023\/10\/TROPHEES-e1698835803766.jpg\" class=\"vc_single_image-img attachment-full\" alt=\"\" \/><\/div>\n\t\t<\/figure>\n\t<\/div>\n<\/div><\/div><\/div><\/div><div class=\"vc_row wpb_row vc_row-fluid custom_container_lg vc_custom_1686768729099\"><div class=\"wpb_column vc_column_container vc_col-sm-12\"><div class=\"vc_column-inner\"><div class=\"wpb_wrapper\"><div class=\"vc_row wpb_row vc_inner vc_row-fluid vc_custom_1686682702399\"><div class=\"wpb_column vc_column_container vc_col-sm-4\" id=\"id_illu_trophy\"><div class=\"vc_column-inner\"><div class=\"wpb_wrapper\">\n\t<div  class=\"wpb_single_image wpb_content_element vc_align_left wpb_content_element\">\n\t\t\n\t\t<figure class=\"wpb_wrapper vc_figure\">\n\t\t\t<div class=\"vc_single_image-wrapper   vc_box_border_grey\"><img decoding=\"async\" class=\"vc_single_image-img\" src=\"https:\/\/arborus.org\/wp-content\/uploads\/2023\/06\/trophy-239x239.png\" width=\"239\" height=\"239\" alt=\"trophy\" title=\"trophy\" loading=\"lazy\" \/><\/div>\n\t\t<\/figure>\n\t<\/div>\n<\/div><\/div><\/div><div class=\"default_content_wrapper wpb_column vc_column_container vc_col-sm-7\"><div class=\"vc_column-inner\"><div class=\"wpb_wrapper\">\n\t<div class=\"wpb_text_column wpb_content_element\" >\n\t\t<div class=\"wpb_wrapper\">\n\t\t\t<h2>The GEEIS Trophy<\/h2>\n<p>In September 2019, Arborus launched the GEEIS-SDG trophy, under the patronage of the Permanent Representation of France to the United Nations and Nicole Ameline, Vice-President of CEDAW*.<\/p>\n<p>This new award demonstrates the inseparable link between MDG5, which concerns equality between women and men, and the other goals, which are aimed in particular at safeguarding the planet, without forgetting the objective of world peace, which constitutes a common thread.<\/p>\n<p>This award is open to companies that are members of the Arborus endowment fund. To participate, contact\u00a0<a href=\"mailto:arborus@arborus.org\">arborus@arborus.org<\/a>.<\/p>\n<p>*Committee on the Elimination of Discrimination against Women<\/p>\n\n\t\t<\/div>\n\t<\/div>\n<\/div><\/div><\/div><\/div><div class=\"vc_row wpb_row vc_inner vc_row-fluid\"><div class=\"wpb_column vc_column_container vc_col-sm-12\"><div class=\"vc_column-inner vc_custom_1686684133136\"><div class=\"wpb_wrapper\">\n\t<div class=\"wpb_text_column wpb_content_element section_title\" >\n\t\t<div class=\"wpb_wrapper\">\n\t\t\t<h2>Consult our resources<\/h2>\n\n\t\t<\/div>\n\t<\/div>\n<\/div><\/div><\/div><\/div><div class=\"vc_row wpb_row vc_inner vc_row-fluid links_wrapper vc_custom_1686730212630\"><div class=\"btn_linked wpb_column vc_column_container vc_col-sm-4\"><div class=\"vc_column-inner\"><div class=\"wpb_wrapper\">\n\t<div  class=\"wpb_single_image wpb_content_element vc_align_left wpb_content_element vc_custom_1686741578136\">\n\t\t\n\t\t<figure class=\"wpb_wrapper vc_figure\">\n\t\t\t<div class=\"vc_single_image-wrapper   vc_box_border_grey\"><img loading=\"lazy\" decoding=\"async\" width=\"36\" height=\"42\" src=\"https:\/\/arborus.org\/wp-content\/uploads\/2023\/06\/ref-geeis.png\" class=\"vc_single_image-img attachment-full\" alt=\"\" srcset=\"https:\/\/arborus.org\/wp-content\/uploads\/2023\/06\/ref-geeis.png 36w, https:\/\/arborus.org\/wp-content\/uploads\/2023\/06\/ref-geeis-10x12.png 10w\" sizes=\"auto, (max-width: 36px) 100vw, 36px\" \/><\/div>\n\t\t<\/figure>\n\t<\/div>\n\n\t<div class=\"wpb_text_column wpb_content_element\" >\n\t\t<div class=\"wpb_wrapper\">\n\t\t\t<p>GEEIS-SDG Trophy standard<\/p>\n\n\t\t<\/div>\n\t<\/div>\n<div class=\"vc_icon_element vc_icon_element-outer vc_do_icon btn_linked_icon vc_icon_element-align-right\"><div class=\"vc_icon_element-inner vc_icon_element-color-black vc_icon_element-size-lg vc_icon_element-style- vc_icon_element-background-color-grey\" ><span class=\"vc_icon_element-icon fa fa-angle-right\" ><\/span><\/div><\/div><div class=\"vc_btn3-container  btn_go_to vc_btn3-inline vc_do_btn\" ><a style=\"background-color:#ffffff; color:#ffffff;\" class=\"vc_general vc_btn3 vc_btn3-size-md vc_btn3-shape-rounded vc_btn3-style-custom\" href=\"http:\/\/arborus.org\/wp-content\/uploads\/2020\/07\/GEEIS-SDGs2019V21.pdf\" title=\"\" target=\"_blank\">Link<\/a><\/div><\/div><\/div><\/div><\/div><div class=\"vc_row wpb_row vc_inner vc_row-fluid\"><div class=\"section_title wpb_column vc_column_container vc_col-sm-12\"><div class=\"vc_column-inner vc_custom_1686731022960\"><div class=\"wpb_wrapper\">\n\t<div class=\"wpb_text_column wpb_content_element\" >\n\t\t<div class=\"wpb_wrapper\">\n\t\t\t<h2>See previous editions<\/h2>\n\n\t\t<\/div>\n\t<\/div>\n<\/div><\/div><\/div><\/div><div class=\"vc_row wpb_row vc_inner vc_row-fluid links_wrapper vc_custom_1686730434071\"><div class=\"btn_linked wpb_column vc_column_container vc_col-sm-4\"><div class=\"vc_column-inner\"><div class=\"wpb_wrapper\">\n\t<div  class=\"wpb_single_image wpb_content_element vc_align_left wpb_content_element vc_custom_1686741599883\">\n\t\t\n\t\t<figure class=\"wpb_wrapper vc_figure\">\n\t\t\t<div class=\"vc_single_image-wrapper   vc_box_border_grey\"><img loading=\"lazy\" decoding=\"async\" width=\"48\" height=\"36\" src=\"https:\/\/arborus.org\/wp-content\/uploads\/2023\/06\/trophy-1.png\" class=\"vc_single_image-img attachment-full\" alt=\"\" srcset=\"https:\/\/arborus.org\/wp-content\/uploads\/2023\/06\/trophy-1.png 48w, https:\/\/arborus.org\/wp-content\/uploads\/2023\/06\/trophy-1-16x12.png 16w\" sizes=\"auto, (max-width: 48px) 100vw, 48px\" \/><\/div>\n\t\t<\/figure>\n\t<\/div>\n\n\t<div class=\"wpb_text_column wpb_content_element\" >\n\t\t<div class=\"wpb_wrapper\">\n\t\t\t<p>2019 Edition<\/p>\n\n\t\t<\/div>\n\t<\/div>\n<div class=\"vc_icon_element vc_icon_element-outer vc_do_icon btn_linked_icon vc_icon_element-align-right\"><div class=\"vc_icon_element-inner vc_icon_element-color-black vc_icon_element-size-lg vc_icon_element-style- vc_icon_element-background-color-grey\" ><span class=\"vc_icon_element-icon fa fa-angle-right\" ><\/span><\/div><\/div><div class=\"vc_btn3-container  btn_go_to vc_btn3-inline vc_do_btn\" ><a style=\"background-color:#ffffff; color:#ffffff;\" class=\"vc_general vc_btn3 vc_btn3-size-md vc_btn3-shape-rounded vc_btn3-style-custom\" href=\"http:\/\/arborus.org\/en\/trophee-geeis\/\" title=\"\" target=\"_blank\">Link<\/a><\/div><\/div><\/div><\/div><div class=\"btn_linked wpb_column vc_column_container vc_col-sm-4\"><div class=\"vc_column-inner\"><div class=\"wpb_wrapper\">\n\t<div  class=\"wpb_single_image wpb_content_element vc_align_left wpb_content_element vc_custom_1686741613409\">\n\t\t\n\t\t<figure class=\"wpb_wrapper vc_figure\">\n\t\t\t<div class=\"vc_single_image-wrapper   vc_box_border_grey\"><img loading=\"lazy\" decoding=\"async\" width=\"48\" height=\"36\" src=\"https:\/\/arborus.org\/wp-content\/uploads\/2023\/06\/trophy-1.png\" class=\"vc_single_image-img attachment-full\" alt=\"\" srcset=\"https:\/\/arborus.org\/wp-content\/uploads\/2023\/06\/trophy-1.png 48w, https:\/\/arborus.org\/wp-content\/uploads\/2023\/06\/trophy-1-16x12.png 16w\" sizes=\"auto, (max-width: 48px) 100vw, 48px\" \/><\/div>\n\t\t<\/figure>\n\t<\/div>\n\n\t<div class=\"wpb_text_column wpb_content_element\" >\n\t\t<div class=\"wpb_wrapper\">\n\t\t\t<p>Edition 2021<\/p>\n\n\t\t<\/div>\n\t<\/div>\n<div class=\"vc_icon_element vc_icon_element-outer vc_do_icon btn_linked_icon vc_icon_element-align-right\"><div class=\"vc_icon_element-inner vc_icon_element-color-black vc_icon_element-size-lg vc_icon_element-style- vc_icon_element-background-color-grey\" ><span class=\"vc_icon_element-icon fa fa-angle-right\" ><\/span><\/div><\/div><div class=\"vc_btn3-container  btn_go_to vc_btn3-inline vc_do_btn\" ><a style=\"background-color:#ffffff; color:#ffffff;\" class=\"vc_general vc_btn3 vc_btn3-size-md vc_btn3-shape-rounded vc_btn3-style-custom\" href=\"http:\/\/arborus.org\/en\/trophee-geeis-2\/\" title=\"\" target=\"_blank\">Link<\/a><\/div><\/div><\/div><\/div><div class=\"btn_linked wpb_column vc_column_container vc_col-sm-4\"><div class=\"vc_column-inner\"><div class=\"wpb_wrapper\">\n\t<div  class=\"wpb_single_image wpb_content_element vc_align_left wpb_content_element vc_custom_1686741626404\">\n\t\t\n\t\t<figure class=\"wpb_wrapper vc_figure\">\n\t\t\t<div class=\"vc_single_image-wrapper   vc_box_border_grey\"><img loading=\"lazy\" decoding=\"async\" width=\"48\" height=\"36\" src=\"https:\/\/arborus.org\/wp-content\/uploads\/2023\/06\/trophy-1.png\" class=\"vc_single_image-img attachment-full\" alt=\"\" srcset=\"https:\/\/arborus.org\/wp-content\/uploads\/2023\/06\/trophy-1.png 48w, https:\/\/arborus.org\/wp-content\/uploads\/2023\/06\/trophy-1-16x12.png 16w\" sizes=\"auto, (max-width: 48px) 100vw, 48px\" \/><\/div>\n\t\t<\/figure>\n\t<\/div>\n\n\t<div class=\"wpb_text_column wpb_content_element\" >\n\t\t<div class=\"wpb_wrapper\">\n\t\t\t<p>2022 Edition<\/p>\n\n\t\t<\/div>\n\t<\/div>\n<div class=\"vc_icon_element vc_icon_element-outer vc_do_icon btn_linked_icon vc_icon_element-align-right\"><div class=\"vc_icon_element-inner vc_icon_element-color-black vc_icon_element-size-lg vc_icon_element-style- vc_icon_element-background-color-grey\" ><span class=\"vc_icon_element-icon fa fa-angle-right\" ><\/span><\/div><\/div><div class=\"vc_btn3-container  btn_go_to vc_btn3-inline vc_do_btn\" ><a style=\"background-color:#ffffff; color:#ffffff;\" class=\"vc_general vc_btn3 vc_btn3-size-md vc_btn3-shape-rounded vc_btn3-style-custom\" href=\"http:\/\/arborus.org\/en\/trophee-geeis-3\/\" title=\"\" target=\"_blank\">Link<\/a><\/div><\/div><\/div><\/div><\/div><div class=\"vc_row wpb_row vc_inner vc_row-fluid links_wrapper vc_custom_1686730434071\"><div class=\"btn_linked wpb_column vc_column_container vc_col-sm-4\"><div class=\"vc_column-inner\"><div class=\"wpb_wrapper\">\n\t<div  class=\"wpb_single_image wpb_content_element vc_align_left wpb_content_element vc_custom_1686741599883\">\n\t\t\n\t\t<figure class=\"wpb_wrapper vc_figure\">\n\t\t\t<div class=\"vc_single_image-wrapper   vc_box_border_grey\"><img loading=\"lazy\" decoding=\"async\" width=\"48\" height=\"36\" src=\"https:\/\/arborus.org\/wp-content\/uploads\/2023\/06\/trophy-1.png\" class=\"vc_single_image-img attachment-full\" alt=\"\" srcset=\"https:\/\/arborus.org\/wp-content\/uploads\/2023\/06\/trophy-1.png 48w, https:\/\/arborus.org\/wp-content\/uploads\/2023\/06\/trophy-1-16x12.png 16w\" sizes=\"auto, (max-width: 48px) 100vw, 48px\" \/><\/div>\n\t\t<\/figure>\n\t<\/div>\n\n\t<div class=\"wpb_text_column wpb_content_element\" >\n\t\t<div class=\"wpb_wrapper\">\n\t\t\t<p>Edition 2023<\/p>\n\n\t\t<\/div>\n\t<\/div>\n<div class=\"vc_icon_element vc_icon_element-outer vc_do_icon btn_linked_icon vc_icon_element-align-right\"><div class=\"vc_icon_element-inner vc_icon_element-color-black vc_icon_element-size-lg vc_icon_element-style- vc_icon_element-background-color-grey\" ><span class=\"vc_icon_element-icon fa fa-angle-right\" ><\/span><\/div><\/div><div class=\"vc_btn3-container  btn_go_to vc_btn3-inline vc_do_btn\" ><a style=\"background-color:#ffffff; color:#ffffff;\" class=\"vc_general vc_btn3 vc_btn3-size-md vc_btn3-shape-rounded vc_btn3-style-custom\" href=\"http:\/\/arborus.org\/en\/trophee-geeis-4\/\" title=\"\" target=\"_blank\">Link<\/a><\/div><\/div><\/div><\/div><div class=\"btn_linked wpb_column vc_column_container vc_col-sm-4\"><div class=\"vc_column-inner\"><div class=\"wpb_wrapper\">\n\t<div  class=\"wpb_single_image wpb_content_element vc_align_left wpb_content_element vc_custom_1686741599883\">\n\t\t\n\t\t<figure class=\"wpb_wrapper vc_figure\">\n\t\t\t<div class=\"vc_single_image-wrapper   vc_box_border_grey\"><img loading=\"lazy\" decoding=\"async\" width=\"48\" height=\"36\" src=\"https:\/\/arborus.org\/wp-content\/uploads\/2023\/06\/trophy-1.png\" class=\"vc_single_image-img attachment-full\" alt=\"\" srcset=\"https:\/\/arborus.org\/wp-content\/uploads\/2023\/06\/trophy-1.png 48w, https:\/\/arborus.org\/wp-content\/uploads\/2023\/06\/trophy-1-16x12.png 16w\" sizes=\"auto, (max-width: 48px) 100vw, 48px\" \/><\/div>\n\t\t<\/figure>\n\t<\/div>\n\n\t<div class=\"wpb_text_column wpb_content_element\" >\n\t\t<div class=\"wpb_wrapper\">\n\t\t\t<p>\u00c9dition 2025<\/p>\n\n\t\t<\/div>\n\t<\/div>\n<div class=\"vc_icon_element vc_icon_element-outer vc_do_icon btn_linked_icon vc_icon_element-align-right\"><div class=\"vc_icon_element-inner vc_icon_element-color-black vc_icon_element-size-lg vc_icon_element-style- vc_icon_element-background-color-grey\" ><span class=\"vc_icon_element-icon fa fa-angle-right\" ><\/span><\/div><\/div><div class=\"vc_btn3-container  btn_go_to vc_btn3-inline vc_do_btn\" ><a style=\"background-color:#ffffff; color:#ffffff;\" class=\"vc_general vc_btn3 vc_btn3-size-md vc_btn3-shape-rounded vc_btn3-style-custom\" href=\"https:\/\/arborus.org\/en\/trophee-geeis-2025\/\" title=\"Troph\u00e9e GEEIS 2025\" target=\"_blank\">Link<\/a><\/div><\/div><\/div><\/div><div class=\"wpb_column vc_column_container vc_col-sm-4\"><div class=\"vc_column-inner\"><div class=\"wpb_wrapper\"><\/div><\/div><\/div><\/div><\/div><\/div><\/div><div class=\"wpb_column vc_column_container vc_col-sm-12\"><div class=\"vc_column-inner\"><div class=\"wpb_wrapper\"><\/div><\/div><\/div><\/div>\n<\/div>","protected":false},"excerpt":{"rendered":"Le GEEIS Trophy En septembre 2019, Arborus a lanc\u00e9 le troph\u00e9e GEEIS-SDG, sous le haut patronage de la Repr\u00e9sentation Permanente de la France aupr\u00e8s des Nations Unies et de Nicole Ameline, Vice-Pr\u00e9sidente du CEDAW*. Ce nouveau prix d\u00e9montre le lien indissociable entre l\u2019ODD5, qui concerne l\u2019\u00e9galit\u00e9 entre les femmes et les hommes, et les autres [...]","protected":false},"author":3,"featured_media":0,"parent":0,"menu_order":0,"comment_status":"closed","ping_status":"closed","template":"page-templates\/no-sidebar.php","meta":{"_acf_changed":false,"footnotes":""},"class_list":["post-4501","page","type-page","status-publish","hentry"],"acf":[],"_links":{"self":[{"href":"https:\/\/arborus.org\/en\/wp-json\/wp\/v2\/pages\/4501","targetHints":{"allow":["GET"]}}],"collection":[{"href":"https:\/\/arborus.org\/en\/wp-json\/wp\/v2\/pages"}],"about":[{"href":"https:\/\/arborus.org\/en\/wp-json\/wp\/v2\/types\/page"}],"author":[{"embeddable":true,"href":"https:\/\/arborus.org\/en\/wp-json\/wp\/v2\/users\/3"}],"replies":[{"embeddable":true,"href":"https:\/\/arborus.org\/en\/wp-json\/wp\/v2\/comments?post=4501"}],"version-history":[{"count":44,"href":"https:\/\/arborus.org\/en\/wp-json\/wp\/v2\/pages\/4501\/revisions"}],"predecessor-version":[{"id":5886,"href":"https:\/\/arborus.org\/en\/wp-json\/wp\/v2\/pages\/4501\/revisions\/5886"}],"wp:attachment":[{"href":"https:\/\/arborus.org\/en\/wp-json\/wp\/v2\/media?parent=4501"}],"curies":[{"name":"wp","href":"https:\/\/api.w.org\/{rel}","templated":true}]}}