{"id":9,"date":"2020-05-02T17:40:22","date_gmt":"2020-05-02T15:40:22","guid":{"rendered":"https:\/\/arborus.org\/?page_id=9"},"modified":"2023-07-08T10:49:59","modified_gmt":"2023-07-08T08:49:59","slug":"qui-sommes-nous","status":"publish","type":"page","link":"https:\/\/arborus.org\/en\/qui-sommes-nous\/","title":{"rendered":"WHO ARE WE?"},"content":{"rendered":"<div class=\"wpb-content-wrapper\"><div class=\"vc_row wpb_row vc_row-fluid bg_color box2_int bg_noir\"><div class=\"wpb_column vc_column_container vc_col-sm-12\"><div class=\"vc_column-inner\"><div class=\"wpb_wrapper\"><div class=\"vc_row wpb_row vc_inner vc_row-fluid\"><div class=\"slider-col-1-txt wpb_column vc_column_container vc_col-sm-6\"><div class=\"vc_column-inner\"><div class=\"wpb_wrapper\">\n\t<div class=\"wpb_text_column wpb_content_element wpb_animate_when_almost_visible wpb_fadeInLeft fadeInLeft\" >\n\t\t<div class=\"wpb_wrapper\">\n\t\t\t<h2><strong>BUILD A BETTER FUTURE<\/strong> BASED ON<br \/>\nGENDER EQUALITY AND INCLUSION<\/h2>\n\n\t\t<\/div>\n\t<\/div>\n<\/div><\/div><\/div><div class=\"wpb_column vc_column_container vc_col-sm-6\"><div class=\"vc_column-inner\"><div class=\"wpb_wrapper\">\n\t<div  class=\"wpb_single_image wpb_content_element vc_align_center wpb_content_element wpb_animate_when_almost_visible wpb_fadeInRight fadeInRight\">\n\t\t\n\t\t<figure class=\"wpb_wrapper vc_figure\">\n\t\t\t<div class=\"vc_single_image-wrapper   vc_box_border_grey\"><img loading=\"lazy\" decoding=\"async\" width=\"420\" height=\"298\" src=\"https:\/\/arborus.org\/wp-content\/uploads\/2020\/05\/im_top.png\" class=\"vc_single_image-img attachment-full\" alt=\"\" srcset=\"https:\/\/arborus.org\/wp-content\/uploads\/2020\/05\/im_top.png 420w, https:\/\/arborus.org\/wp-content\/uploads\/2020\/05\/im_top-300x213.png 300w\" sizes=\"auto, (max-width: 420px) 100vw, 420px\" \/><\/div>\n\t\t<\/figure>\n\t<\/div>\n<\/div><\/div><\/div><\/div><\/div><\/div><\/div><div class=\"wpb_column vc_column_container vc_col-sm-12\"><div class=\"vc_column-inner\"><div class=\"wpb_wrapper\"><\/div><\/div><\/div><\/div><div class=\"vc_row wpb_row vc_row-fluid box3_int vc_row-o-equal-height vc_row-flex\"><div class=\"wpb_column vc_column_container vc_col-sm-12\"><div class=\"vc_column-inner\"><div class=\"wpb_wrapper\"><div class=\"vc_row wpb_row vc_inner vc_row-fluid\"><div class=\"wpb_column vc_column_container vc_col-sm-12\"><div class=\"vc_column-inner vc_custom_1686139372341\"><div class=\"wpb_wrapper\">\n\t<div class=\"wpb_text_column wpb_content_element\" >\n\t\t<div class=\"wpb_wrapper\">\n\t\t\t<h3>ARBORUS ENDOWMENT FUND<\/h3>\n\n\t\t<\/div>\n\t<\/div>\n<\/div><\/div><\/div><\/div><div class=\"vc_row wpb_row vc_inner vc_row-fluid vc_row-o-equal-height vc_row-flex\"><div class=\"m-0-xs wpb_column vc_column_container vc_col-sm-6 vc_col-has-fill\"><div class=\"vc_column-inner vc_custom_1687983474273\"><div class=\"wpb_wrapper\">\n\t<div class=\"wpb_text_column wpb_content_element vc_custom_1686248216556\" >\n\t\t<div class=\"wpb_wrapper\">\n\t\t\t<p>The Arborus Endowment Fund works in the general interest, based on the idea that the human race must find its balance in the equality of its two poles, masculine and feminine. This equality then becomes the lever for social and systemic change. Global issues, the motivations of new generations and global warming are all driving us to reinforce this absolute need for change, and GEEIS seems to us to be a major structuring tool in this perspective.<\/p>\n<p>Indeed, it is through human resources, their awareness of equality and the exemplary actions of companies that this lever can be activated.<\/p>\n\n\t\t<\/div>\n\t<\/div>\n<\/div><\/div><\/div><div class=\"m-0-xs wpb_column vc_column_container vc_col-sm-6 vc_col-has-fill\"><div class=\"vc_column-inner vc_custom_1687983467808\"><div class=\"wpb_wrapper\">\n\t<div class=\"wpb_text_column wpb_content_element vc_custom_1686139465152\" >\n\t\t<div class=\"wpb_wrapper\">\n\t\t\t<p>The originality of this approach lies in the fact that it offers permanent, flexible progress that can be adapted to any company.The Arborus Fund's aim is to include, not create, groups. The principle of universalism is one of the founding principles of the Arborus approach, and is part of a dimension of general interest on a planetary scale.<\/p>\n<p>The GEEIS label, and its GEEIS-Diversity and GEEIS-AI extensions, is awarded by the world's leading certification body, Bureau Veritas Certification.<\/p>\n\n\t\t<\/div>\n\t<\/div>\n<\/div><\/div><\/div><\/div><div class=\"vc_row wpb_row vc_inner vc_row-fluid\"><div class=\"wpb_column vc_column_container vc_col-sm-12\"><div class=\"vc_column-inner vc_custom_1686143625221\"><div class=\"wpb_wrapper\">\n\t<div class=\"wpb_text_column wpb_content_element\" >\n\t\t<div class=\"wpb_wrapper\">\n\t\t\t<h3>THE ARBORUS FUND IS DRIVEN BY STRONG VALUES SHARED BY ALL ITS MEMBERS, NAMELY :<\/h3>\n\n\t\t<\/div>\n\t<\/div>\n<\/div><\/div><\/div><\/div><div class=\"vc_row wpb_row vc_inner vc_row-fluid\"><div class=\"wpb_column vc_column_container vc_col-sm-3\"><div class=\"vc_column-inner\"><div class=\"wpb_wrapper\">\n\t<div class=\"wpb_text_column wpb_content_element\" >\n\t\t<div class=\"wpb_wrapper\">\n\t\t\t<div class=\"boximg\">\n<p><img decoding=\"async\" class=\"aligncenter\" src=\"http:\/\/arborus.org\/wp-content\/uploads\/2020\/05\/ic1.png\" \/><\/p>\n<h4 style=\"text-align: center;\"><a href=\"#\">The benevolence<\/a><\/h4>\n<\/div>\n\n\t\t<\/div>\n\t<\/div>\n<\/div><\/div><\/div><div class=\"wpb_column vc_column_container vc_col-sm-3\"><div class=\"vc_column-inner\"><div class=\"wpb_wrapper\">\n\t<div class=\"wpb_text_column wpb_content_element\" >\n\t\t<div class=\"wpb_wrapper\">\n\t\t\t<div class=\"boximg\">\n<p><img decoding=\"async\" class=\"aligncenter\" src=\"http:\/\/arborus.org\/wp-content\/uploads\/2020\/05\/ic2.png\" \/><\/p>\n<h4 style=\"text-align: center;\"><a href=\"#\">Sharing<\/a><\/h4>\n<\/div>\n\n\t\t<\/div>\n\t<\/div>\n<\/div><\/div><\/div><div class=\"wpb_column vc_column_container vc_col-sm-3\"><div class=\"vc_column-inner\"><div class=\"wpb_wrapper\">\n\t<div class=\"wpb_text_column wpb_content_element\" >\n\t\t<div class=\"wpb_wrapper\">\n\t\t\t<div class=\"boximg\">\n<p><img decoding=\"async\" class=\"aligncenter\" src=\"http:\/\/arborus.org\/wp-content\/uploads\/2020\/05\/ic3.png\" \/><\/p>\n<h4 style=\"text-align: center;\"><a href=\"#\">Social innovation<\/a><\/h4>\n<\/div>\n\n\t\t<\/div>\n\t<\/div>\n<\/div><\/div><\/div><div class=\"wpb_column vc_column_container vc_col-sm-3\"><div class=\"vc_column-inner\"><div class=\"wpb_wrapper\">\n\t<div class=\"wpb_text_column wpb_content_element\" >\n\t\t<div class=\"wpb_wrapper\">\n\t\t\t<div class=\"boximg\">\n<p><img decoding=\"async\" class=\"aligncenter\" src=\"http:\/\/arborus.org\/wp-content\/uploads\/2020\/05\/ic4.png\" \/><\/p>\n<h4 style=\"text-align: center;\"><a href=\"#\">Excellence in service<br \/>\nof the general interest<\/a><\/h4>\n<\/div>\n\n\t\t<\/div>\n\t<\/div>\n<\/div><\/div><\/div><\/div><\/div><\/div><\/div><div class=\"wpb_column vc_column_container vc_col-sm-12\"><div class=\"vc_column-inner\"><div class=\"wpb_wrapper\"><\/div><\/div><\/div><\/div><div class=\"vc_row wpb_row vc_row-fluid\"><div class=\"wpb_column vc_column_container vc_col-sm-12 vc_col-has-fill\"><div class=\"vc_column-inner vc_custom_1686242794976\"><div class=\"wpb_wrapper\">\n\t<div class=\"wpb_raw_code wpb_raw_html wpb_content_element vc_custom_1686242779445\" >\n\t\t<div class=\"wpb_wrapper\">\n\t\t\t\n<div class=\"timeline_container\">\n\n            <div class=\"timeline-block timeline-block-right\">\n            <div class=\"marker\"><\/div>\n            <div class=\"timeline-content\">\n                <h3>2020<\/h3>\n                <div class=\"title-box\">\n                    <p>GEEIS-IA<\/p>\n<p><a href=\"https:\/\/charteia.arborus.org\/\">First International Charter for Inclusive AI <\/a><\/p>\n                <\/div>\n                <p>September 7, 2020. Arborus launches the International Charter for Inclusive AI with the aim of extending its commitment to professional equality and inclusion. Launched in partnership with the Orange Group, holder of the label in 17 countries and founding member of the Arborus Endowment Fund, and under the high patronage of the Secretary of State.<\/p>\n            <\/div>\n            <div class=\"timeline-logo\">\n                                        <img decoding=\"async\" src=\"https:\/\/arborus.org\/wp-content\/uploads\/2023\/07\/LOGO-CHARTE-IA-Inclusive.jpg\" alt=\"\">\n                                        <img decoding=\"async\" src=\"https:\/\/arborus.org\/wp-content\/uploads\/2023\/06\/logo-GEEIS-AI-1.png\" alt=\"\">\n                            <\/div>\n        <\/div>\n            <div class=\"timeline-block timeline-block-right\">\n            <div class=\"marker\"><\/div>\n            <div class=\"timeline-content\">\n                <h3>2019<\/h3>\n                <div class=\"title-box\">\n                    <p>The GEEIS SDG-Trophy<\/p>\n                <\/div>\n                <p>September 2019. Under the impetus of the United Nations' Sustainable Development Goals, Arborus is creating the GEEIS-SDG Trophy to offer companies involved in GEEIS the opportunity to compete for this trophy, presented to the United Nations.<\/p>\n            <\/div>\n            <div class=\"timeline-logo\">\n                                        <img decoding=\"async\" src=\"https:\/\/arborus.org\/wp-content\/uploads\/2023\/06\/url.png\" alt=\"\">\n                            <\/div>\n        <\/div>\n            <div class=\"timeline-block timeline-block-right\">\n            <div class=\"marker\"><\/div>\n            <div class=\"timeline-content\">\n                <h3>2017<\/h3>\n                <div class=\"title-box\">\n                    <p>GEEIS Diversity<\/p>\n                <\/div>\n                <p>March 31, 2017. With a view to inclusion, the label extends to diversity with GEEIS Diversity, enabling a more global approach to inclusion within companies.<\/p>\n            <\/div>\n            <div class=\"timeline-logo\">\n                                        <img decoding=\"async\" src=\"https:\/\/arborus.org\/wp-content\/uploads\/2023\/06\/GEEIS-D@2x-1.png\" alt=\"\">\n                            <\/div>\n        <\/div>\n            <div class=\"timeline-block timeline-block-right\">\n            <div class=\"marker\"><\/div>\n            <div class=\"timeline-content\">\n                <h3>2010<\/h3>\n                <div class=\"title-box\">\n                    <p>GEEIS<br \/>\nGender Equality and International Standard<\/p>\n                <\/div>\n                <p>April 8, 2010. Under the High Patronage of the Conseil \u00c9conomique Social et Europ\u00e9en, creation of the GEEIS Gender Equality European and International Standard.\r\nThe aim of this label is to promote equality between women and men worldwide.<\/p>\n            <\/div>\n            <div class=\"timeline-logo\">\n                                        <img decoding=\"async\" src=\"https:\/\/arborus.org\/wp-content\/uploads\/2023\/06\/LOGO-GEEIS_SS_FOND-1-1.png\" alt=\"\">\n                            <\/div>\n        <\/div>\n    \n<\/div>\n\t\t<\/div>\n\t<\/div>\n<\/div><\/div><\/div><\/div>\n<\/div>","protected":false},"excerpt":{"rendered":"BUILD A BETTER FUTURE BASED ON GENDER EQUALITY AND INCLUSION LE FONDS DE DOTATION ARBORUS Le Fonds de dotation Arborus travaille dans une perspective d\u2019int\u00e9r\u00eat g\u00e9n\u00e9ral bas\u00e9 sur l\u2019id\u00e9e que le genre humain doit trouver son \u00e9quilibre dans l\u2019\u00e9galit\u00e9 de ses deux p\u00f4les f\u00e9minin et masculin. Cette \u00e9galit\u00e9 devient alors le levier de tout changement [...]","protected":false},"author":3,"featured_media":0,"parent":0,"menu_order":0,"comment_status":"closed","ping_status":"closed","template":"page-templates\/no-sidebar.php","meta":{"_acf_changed":false,"footnotes":""},"class_list":["post-9","page","type-page","status-publish","hentry"],"acf":[],"_links":{"self":[{"href":"https:\/\/arborus.org\/en\/wp-json\/wp\/v2\/pages\/9","targetHints":{"allow":["GET"]}}],"collection":[{"href":"https:\/\/arborus.org\/en\/wp-json\/wp\/v2\/pages"}],"about":[{"href":"https:\/\/arborus.org\/en\/wp-json\/wp\/v2\/types\/page"}],"author":[{"embeddable":true,"href":"https:\/\/arborus.org\/en\/wp-json\/wp\/v2\/users\/3"}],"replies":[{"embeddable":true,"href":"https:\/\/arborus.org\/en\/wp-json\/wp\/v2\/comments?post=9"}],"version-history":[{"count":63,"href":"https:\/\/arborus.org\/en\/wp-json\/wp\/v2\/pages\/9\/revisions"}],"predecessor-version":[{"id":4673,"href":"https:\/\/arborus.org\/en\/wp-json\/wp\/v2\/pages\/9\/revisions\/4673"}],"wp:attachment":[{"href":"https:\/\/arborus.org\/en\/wp-json\/wp\/v2\/media?parent=9"}],"curies":[{"name":"wp","href":"https:\/\/api.w.org\/{rel}","templated":true}]}}