{"id":11,"date":"2020-05-02T17:38:58","date_gmt":"2020-05-02T15:38:58","guid":{"rendered":"https:\/\/arborus.org\/?page_id=11"},"modified":"2025-09-10T12:44:48","modified_gmt":"2025-09-10T10:44:48","slug":"international","status":"publish","type":"page","link":"https:\/\/arborus.org\/es\/international\/","title":{"rendered":"INTERNACIONAL"},"content":{"rendered":"<div class=\"wpb-content-wrapper\"><div class=\"vc_row wpb_row vc_row-fluid b_inter1 wpb_animate_when_almost_visible wpb_fadeIn fadeIn vc_custom_1595316308269 vc_row-has-fill\"><div class=\"wpb_column vc_column_container vc_col-sm-12\"><div class=\"vc_column-inner\"><div class=\"wpb_wrapper\">\n\t<div  class=\"wpb_single_image wpb_content_element vc_align_center wpb_content_element\">\n\t\t\n\t\t<figure class=\"wpb_wrapper vc_figure\">\n\t\t\t<div class=\"vc_single_image-wrapper   vc_box_border_grey\"><img loading=\"lazy\" decoding=\"async\" width=\"1920\" height=\"597\" src=\"https:\/\/arborus.org\/wp-content\/uploads\/2020\/06\/Banniere-international-noir.jpg\" class=\"vc_single_image-img attachment-full\" alt=\"\" srcset=\"https:\/\/arborus.org\/wp-content\/uploads\/2020\/06\/Banniere-international-noir.jpg 1920w, https:\/\/arborus.org\/wp-content\/uploads\/2020\/06\/Banniere-international-noir-300x93.jpg 300w, https:\/\/arborus.org\/wp-content\/uploads\/2020\/06\/Banniere-international-noir-1024x318.jpg 1024w, https:\/\/arborus.org\/wp-content\/uploads\/2020\/06\/Banniere-international-noir-768x239.jpg 768w, https:\/\/arborus.org\/wp-content\/uploads\/2020\/06\/Banniere-international-noir-1536x478.jpg 1536w, https:\/\/arborus.org\/wp-content\/uploads\/2020\/06\/Banniere-international-noir-1320x410.jpg 1320w\" sizes=\"auto, (max-width: 1920px) 100vw, 1920px\" \/><\/div>\n\t\t<\/figure>\n\t<\/div>\n\n\t<div class=\"wpb_raw_code wpb_raw_html wpb_content_element\" >\n\t\t<div class=\"wpb_wrapper\">\n\t\t\t<h2 style=\"text-align: center; text-transform: uppercase;\"><span>Una cultura com\u00fan de igualdad, diversidad e inclusi\u00f3n<\/span><\/h2>\n\t\t<\/div>\n\t<\/div>\n<\/div><\/div><\/div><\/div><div class=\"vc_row wpb_row vc_row-fluid b_inter2\"><div class=\"wpb_column vc_column_container vc_col-sm-12\"><div class=\"vc_column-inner\"><div class=\"wpb_wrapper\">\n\t<div class=\"wpb_text_column wpb_content_element bx_international_content\" >\n\t\t<div class=\"wpb_wrapper\">\n\t\t\t<h2>ACCIONES INTERNACIONALES<\/h2>\n<p>El GEEIS pretende ayudar a las empresas internacionales, desde las PYME hasta los grandes grupos, a estructurar sus pol\u00edticas de igualdad, diversidad e inclusi\u00f3n a escala mundial. El objetivo es crear una cultura internacional de igualdad y respeto para todos, integrando al mismo tiempo una perspectiva de desarrollo sostenible.<\/p>\n<h3><strong>Una presencia mundial:<\/strong><\/h3>\n<p><strong>Europa :<\/strong> Alemania - Austria - B\u00e9lgica - Bulgaria - Croacia - Espa\u00f1a - Estonia - Francia - Hungr\u00eda - Irlanda - Italia - Letonia - Lituania - Luxemburgo - Noruega - Pa\u00edses Bajos - Polonia - Portugal - Rep\u00fablica Checa<br \/>\nRuman\u00eda - Reino Unido - Eslovaquia - Eslovenia - Suecia - Suiza<\/p>\n<p><strong>Am\u00e9rica :<\/strong> Argentina - Brasil - Canad\u00e1 - Estados Unidos<\/p>\n<p><strong>Asia :<\/strong> China - India - Jordania - Moldavia - Rusia - Singapur - Taiw\u00e1n - Turqu\u00eda<\/p>\n<p><strong>\u00c1frica:<\/strong> <a href=\"\/es\/egypte\/\">Egipto<\/a> - Mauricio - Madagascar - T\u00fanez<\/p>\n<p><strong>Ocean\u00eda :<\/strong> Australia<\/p>\n<p><strong>Emiratos \u00c1rabes Unidos :<\/strong> Dubai<\/p>\n\n\t\t<\/div>\n\t<\/div>\n<\/div><\/div><\/div><\/div><div class=\"vc_row wpb_row vc_row-fluid\"><div class=\"wpb_column vc_column_container vc_col-sm-12\"><div class=\"vc_column-inner\"><div class=\"wpb_wrapper\">\n\t<div  class=\"wpb_single_image wpb_content_element vc_align_center wpb_content_element\">\n\t\t\n\t\t<figure class=\"wpb_wrapper vc_figure\">\n\t\t\t<div class=\"vc_single_image-wrapper   vc_box_border_grey\"><img decoding=\"async\" src=\"https:\/\/arborus.org\/wp-content\/uploads\/2025\/09\/world.svg\" class=\"vc_single_image-img attachment-full\" alt=\"\" \/><\/div>\n\t\t<\/figure>\n\t<\/div>\n<\/div><\/div><\/div><\/div>\n<\/div>","protected":false},"excerpt":{"rendered":"Una cultura compartida de igualdad, diversidad e inclusi\u00f3n ACCIONES INTERNACIONALES El papel de GEEIS es ayudar a las empresas internacionales, tanto PYME como grandes grupos, a estructurar sus pol\u00edticas de igualdad, diversidad e inclusi\u00f3n a escala mundial. El objetivo es crear una cultura internacional de igualdad y respeto para todos, integrando [...]","protected":false},"author":3,"featured_media":0,"parent":0,"menu_order":0,"comment_status":"closed","ping_status":"closed","template":"page-templates\/no-sidebar.php","meta":{"_acf_changed":false,"footnotes":""},"class_list":["post-11","page","type-page","status-publish","hentry"],"acf":[],"_links":{"self":[{"href":"https:\/\/arborus.org\/es\/wp-json\/wp\/v2\/pages\/11","targetHints":{"allow":["GET"]}}],"collection":[{"href":"https:\/\/arborus.org\/es\/wp-json\/wp\/v2\/pages"}],"about":[{"href":"https:\/\/arborus.org\/es\/wp-json\/wp\/v2\/types\/page"}],"author":[{"embeddable":true,"href":"https:\/\/arborus.org\/es\/wp-json\/wp\/v2\/users\/3"}],"replies":[{"embeddable":true,"href":"https:\/\/arborus.org\/es\/wp-json\/wp\/v2\/comments?post=11"}],"version-history":[{"count":53,"href":"https:\/\/arborus.org\/es\/wp-json\/wp\/v2\/pages\/11\/revisions"}],"predecessor-version":[{"id":6360,"href":"https:\/\/arborus.org\/es\/wp-json\/wp\/v2\/pages\/11\/revisions\/6360"}],"wp:attachment":[{"href":"https:\/\/arborus.org\/es\/wp-json\/wp\/v2\/media?parent=11"}],"curies":[{"name":"wp","href":"https:\/\/api.w.org\/{rel}","templated":true}]}}