{"id":13,"date":"2020-05-02T17:39:21","date_gmt":"2020-05-02T15:39:21","guid":{"rendered":"https:\/\/arborus.org\/?page_id=13"},"modified":"2024-01-25T10:07:07","modified_gmt":"2024-01-25T09:07:07","slug":"arborus-france","status":"publish","type":"page","link":"https:\/\/arborus.org\/es\/arborus-france\/","title":{"rendered":"ARBORUS FRANCIA"},"content":{"rendered":"<div class=\"wpb-content-wrapper\"><div class=\"vc_row wpb_row vc_row-fluid row top_artic py1\"><div class=\"wpb_column vc_column_container vc_col-sm-12\"><div class=\"vc_column-inner\"><div class=\"wpb_wrapper\">\n\t<div class=\"wpb_text_column wpb_content_element wpb_animate_when_almost_visible wpb_fadeInRight fadeInRight\" >\n\t\t<div class=\"wpb_wrapper\">\n\t\t\t<div class=\"row top_artic\">\n<div class=\"d-flex col-md-6 p-md-0\">\n<div class=\"txt_top_artic justify-content-center align-self-center\">\n<h1 class=\"entry-title card-title h2\">ARBORUS EN FRANCIA :<br \/>\nPARTICIPAR EN PROYECTOS<br \/>\nQUE SON IMPORTANTES PARA NOSOTROS<\/h1>\n<\/div>\n<\/div>\n<div class=\"col-md-6 p-md-0\">\n<div class=\"img_top_artic\"><img decoding=\"async\" src=\"http:\/\/arborus.org\/wp-content\/uploads\/2020\/06\/arborus-vert-orange.png\" \/><\/div>\n<\/div>\n<\/div>\n\n\t\t<\/div>\n\t<\/div>\n<\/div><\/div><\/div><\/div><div class=\"vc_row wpb_row vc_row-fluid py2\"><div class=\"wpb_column vc_column_container vc_col-sm-12\"><div class=\"vc_column-inner\"><div class=\"wpb_wrapper\">\n\t<div class=\"wpb_text_column wpb_content_element txt_py\" >\n\t\t<div class=\"wpb_wrapper\">\n\t\t\t<h2 style=\"text-align: center;\">LA ASOCIACI\u00d3N ARBORUS<\/h2>\n<h4 style=\"text-align: center;\">Por la promoci\u00f3n de las mujeres en la toma de decisiones desde 1995<\/h4>\n<p>Arborus es una asociaci\u00f3n amparada por la ley francesa de 1901 cuyo objetivo es promover a las mujeres en la toma de decisiones.<\/p>\n<p>La asociaci\u00f3n fue fundada en 1995 por Cristina LUNGHI, a partir de observaciones pragm\u00e1ticas y de una propuesta para cambiar el sistema de organizaci\u00f3n de la sociedad, partiendo de la desespecializaci\u00f3n de los roles sociales de mujeres y hombres, de la valorizaci\u00f3n de los talentos femeninos en particular y de las diferencias en general.<\/p>\n<p>Es reconocida por su experiencia a nivel nacional, europeo e internacional con la creaci\u00f3n del Fondo Arborus.<\/p>\n<p>Arborus ha contribuido a todos los grandes avances legislativos de los \u00faltimos 15 a\u00f1os a trav\u00e9s de su participaci\u00f3n en el debate p\u00fablico sobre estos temas y de su acci\u00f3n para desarrollar el v\u00ednculo privilegiado entre el mundo empresarial y los poderes p\u00fablicos.<\/p>\n<p>Cristina Lunghi, estuvo a cargo del proyecto en 2003\/2004 para Nicole Ameline, Ministra de Igualdad y Paridad, para la elaboraci\u00f3n del Sello de Igualdad, lanzado por el gobierno en 2004 y entregado por AFNOR Certification.<\/p>\n<p>De 2005 a 2018, Cristina Lunghi fue la moderadora del CLUB de la etiqueta de igualdad, que se inaugur\u00f3 en 2005 en el Ministerio con la presencia de las empresas titulares de esta etiqueta.<\/p>\n<p>Desde hace 12 a\u00f1os, este Club propone la creaci\u00f3n de redes entre empresas etiquetadas y grupos de trabajo tem\u00e1ticos.<\/p>\n<p>Este club fue el origen de los avances en el marco de referencia de la etiqueta Afnor hasta la creaci\u00f3n de la Alianza entre la etiqueta de igualdad y diversidad.<\/p>\n<p>Arborus y el Club de la Etiqueta de la Igualdad han elaborado numerosos estudios y libros.<\/p>\n<p>Hoy este CLUB est\u00e1 preparando una metamorfosis.<\/p>\n<p>Desde 2004, Arborus lleva a cabo una acci\u00f3n solidaria en favor de la igualdad de g\u00e9nero en el trabajo: La Courte \u00e9chelle de Arborus<\/p>\n<p>Arborus cre\u00f3 una App antisexista en el marco del Ministerio de Derechos de la Mujer en 2016: Resp\u00e9tame,<\/p>\n\n\t\t<\/div>\n\t<\/div>\n<\/div><\/div><\/div><\/div><div class=\"vc_row wpb_row vc_row-fluid py2\"><div class=\"wpb_column vc_column_container vc_col-sm-12\"><div class=\"vc_column-inner\"><div class=\"wpb_wrapper\">\n\t<div class=\"wpb_text_column wpb_content_element txt_py\" >\n\t\t<div class=\"wpb_wrapper\">\n\t\t\t<h2 style=\"text-align: center;\">LA COURTE \u00c9CHELLE<\/h2>\n<p style=\"text-align: left;\">La Courte Echelle es un proyecto de solidaridad voluntario que fue lanzado por la asociaci\u00f3n Arborus el 5 de mayo de 2004 en el Cercle R\u00e9publicain en presencia de Simone Veil.<br \/>\nSe trata de un programa de apadrinamiento cuyo objetivo es iniciar un movimiento general de solidaridad entre las mujeres que ocupan puestos de responsabilidad en las empresas o administraciones, las madrinas, y las j\u00f3venes colegialas, las madrinas, con ocasi\u00f3n de sus pr\u00e1cticas para descubrir la empresa. Para saber m\u00e1s sobre el proyecto, visite <a href=\"http:\/\/lacourteechellebyarborus.org\/\"><strong>http:\/\/lacourteechellebyarborus.org\/<\/strong><\/a><\/p>\n<p style=\"text-align: left;\"><strong>La receta de la escala corta es :<\/strong><\/p>\n<h4 style=\"text-align: left;\">- 1 universidad en una ZEP<\/h4>\n<h4 style=\"text-align: left;\">- 1 empresa comprometida con la diversidad profesional y social<\/h4>\n<h4 style=\"text-align: left;\">- Un deseo de solidaridad y benevolencia<\/h4>\n<p style=\"text-align: left; margin-top: 15px;\"><strong>Entonces:<\/strong><\/p>\n<h4 style=\"text-align: left;\">- Arborus establece el v\u00ednculo con la posibilidad de realizar una actividad en el aula sobre la igualdad de g\u00e9nero (en funci\u00f3n de la disponibilidad de voluntarios)<\/h4>\n<h4 style=\"text-align: left;\">- El d\u00eda del curso, el Presidente de Arborus o un voluntario, seg\u00fan la disponibilidad, le dar\u00e1 la bienvenida<\/h4>\n<h4 style=\"text-align: left;\">- Suministro del KIT de la Courte Echelle de Arborus<\/h4>\n<h4 style=\"text-align: left;\">- Durante el curso existe la posibilidad de realizar dos talleres:<\/h4>\n<h4 style=\"text-align: left;\">- Avanzar hacia el equilibrio de g\u00e9nero<\/h4>\n<h4 style=\"text-align: left;\">- Preparando mi discurso<\/h4>\n<h4 style=\"text-align: left;\">- Tras el curso, arborus organiza sesiones de encuentro para madrinas y ahijados.<\/h4>\n\n\t\t<\/div>\n\t<\/div>\n<\/div><\/div><\/div><\/div><div class=\"vc_row wpb_row vc_row-fluid ar_fr\"><div class=\"wpb_column vc_column_container vc_col-sm-12\"><div class=\"vc_column-inner\"><div class=\"wpb_wrapper\"><div class=\"vc_row wpb_row vc_inner vc_row-fluid shad_arb\"><div class=\"wpb_column vc_column_container vc_col-sm-3\"><div class=\"vc_column-inner\"><div class=\"wpb_wrapper\">\n\t<div  class=\"wpb_single_image wpb_content_element vc_align_center wpb_content_element\">\n\t\t\n\t\t<figure class=\"wpb_wrapper vc_figure\">\n\t\t\t<div class=\"vc_single_image-wrapper   vc_box_border_grey\"><img loading=\"lazy\" decoding=\"async\" width=\"242\" height=\"150\" src=\"https:\/\/arborus.org\/wp-content\/uploads\/2020\/05\/f1.png\" class=\"vc_single_image-img attachment-full\" alt=\"\" \/><\/div>\n\t\t<\/figure>\n\t<\/div>\n<\/div><\/div><\/div><div class=\"wpb_column vc_column_container vc_col-sm-3\"><div class=\"vc_column-inner\"><div class=\"wpb_wrapper\">\n\t<div  class=\"wpb_single_image wpb_content_element vc_align_center wpb_content_element\">\n\t\t\n\t\t<figure class=\"wpb_wrapper vc_figure\">\n\t\t\t<div class=\"vc_single_image-wrapper   vc_box_border_grey\"><img loading=\"lazy\" decoding=\"async\" width=\"217\" height=\"150\" src=\"https:\/\/arborus.org\/wp-content\/uploads\/2020\/05\/f2.png\" class=\"vc_single_image-img attachment-full\" alt=\"\" \/><\/div>\n\t\t<\/figure>\n\t<\/div>\n<\/div><\/div><\/div><div class=\"wpb_column vc_column_container vc_col-sm-3\"><div class=\"vc_column-inner\"><div class=\"wpb_wrapper\">\n\t<div  class=\"wpb_single_image wpb_content_element vc_align_center wpb_content_element\">\n\t\t\n\t\t<figure class=\"wpb_wrapper vc_figure\">\n\t\t\t<div class=\"vc_single_image-wrapper   vc_box_border_grey\"><img loading=\"lazy\" decoding=\"async\" width=\"218\" height=\"150\" src=\"https:\/\/arborus.org\/wp-content\/uploads\/2020\/05\/f3.png\" class=\"vc_single_image-img attachment-full\" alt=\"\" \/><\/div>\n\t\t<\/figure>\n\t<\/div>\n<\/div><\/div><\/div><div class=\"wpb_column vc_column_container vc_col-sm-3\"><div class=\"vc_column-inner\"><div class=\"wpb_wrapper\">\n\t<div  class=\"wpb_single_image wpb_content_element vc_align_center wpb_content_element\">\n\t\t\n\t\t<figure class=\"wpb_wrapper vc_figure\">\n\t\t\t<div class=\"vc_single_image-wrapper   vc_box_border_grey\"><img loading=\"lazy\" decoding=\"async\" width=\"217\" height=\"150\" src=\"https:\/\/arborus.org\/wp-content\/uploads\/2020\/05\/f4.png\" class=\"vc_single_image-img attachment-full\" alt=\"\" \/><\/div>\n\t\t<\/figure>\n\t<\/div>\n<\/div><\/div><\/div><\/div><\/div><\/div><\/div><\/div><div class=\"vc_row wpb_row vc_row-fluid py2\"><div class=\"wpb_column vc_column_container vc_col-sm-12\"><div class=\"vc_column-inner\"><div class=\"wpb_wrapper\">\n\t<div class=\"wpb_text_column wpb_content_element txt_py\" >\n\t\t<div class=\"wpb_wrapper\">\n\t\t\t<h2 style=\"text-align: center; margin-top: 0;\">RESP\u00c9TAME, LA APLICACI\u00d3N ANTISEXISTA<\/h2>\n<p style=\"text-align: left;\">Cada a\u00f1o, el Club de la Etiqueta de la Igualdad hace algo significativo. En 2016, abord\u00f3 el sexismo y cre\u00f3, con Arborus, la aplicaci\u00f3n Respect Me, una respuesta inmediata al sexismo. Una forma de hablar del tema desde la distancia y de permitir la concienciaci\u00f3n individual sin que la gente se sienta culpable.<\/p>\n<p style=\"text-align: left;\">La aplicaci\u00f3n forma parte de la campa\u00f1a \"El sexismo, no es lo nuestro\", lanzada por el Ministerio de Familia, Infancia y Derechos de la Mujer.<br \/>\nDesde marzo de 2017 est\u00e1 disponible una nueva versi\u00f3n de Respect Me, m\u00e1s colaborativa e informativa.<\/p>\n\n\t\t<\/div>\n\t<\/div>\n<\/div><\/div><\/div><\/div><div class=\"vc_row wpb_row vc_row-fluid ar_fr google_p vc_custom_1594288585979\"><div class=\"wpb_column vc_column_container vc_col-sm-12\"><div class=\"vc_column-inner\"><div class=\"wpb_wrapper\">\n\t<div class=\"wpb_text_column wpb_content_element\" >\n\t\t<div class=\"wpb_wrapper\">\n\t\t\t<h4>Disponible en App Store y Google Play<\/h4>\n\n\t\t<\/div>\n\t<\/div>\n<div class=\"vc_row wpb_row vc_inner vc_row-fluid shad_arb\"><div class=\"wpb_column vc_column_container vc_col-sm-3\"><div class=\"vc_column-inner\"><div class=\"wpb_wrapper\">\n\t<div  class=\"wpb_single_image wpb_content_element vc_align_center wpb_content_element\">\n\t\t\n\t\t<figure class=\"wpb_wrapper vc_figure\">\n\t\t\t<div class=\"vc_single_image-wrapper   vc_box_border_grey\"><img loading=\"lazy\" decoding=\"async\" width=\"217\" height=\"150\" src=\"https:\/\/arborus.org\/wp-content\/uploads\/2020\/05\/ff1.png\" class=\"vc_single_image-img attachment-full\" alt=\"\" \/><\/div>\n\t\t<\/figure>\n\t<\/div>\n<\/div><\/div><\/div><div class=\"wpb_column vc_column_container vc_col-sm-3\"><div class=\"vc_column-inner\"><div class=\"wpb_wrapper\">\n\t<div  class=\"wpb_single_image wpb_content_element vc_align_center wpb_content_element\">\n\t\t\n\t\t<figure class=\"wpb_wrapper vc_figure\">\n\t\t\t<div class=\"vc_single_image-wrapper   vc_box_border_grey\"><img loading=\"lazy\" decoding=\"async\" width=\"218\" height=\"150\" src=\"https:\/\/arborus.org\/wp-content\/uploads\/2020\/05\/ff2.png\" class=\"vc_single_image-img attachment-full\" alt=\"\" \/><\/div>\n\t\t<\/figure>\n\t<\/div>\n<\/div><\/div><\/div><div class=\"wpb_column vc_column_container vc_col-sm-3\"><div class=\"vc_column-inner\"><div class=\"wpb_wrapper\">\n\t<div  class=\"wpb_single_image wpb_content_element vc_align_center wpb_content_element\">\n\t\t\n\t\t<figure class=\"wpb_wrapper vc_figure\">\n\t\t\t<div class=\"vc_single_image-wrapper   vc_box_border_grey\"><img loading=\"lazy\" decoding=\"async\" width=\"217\" height=\"150\" src=\"https:\/\/arborus.org\/wp-content\/uploads\/2020\/05\/ff3.png\" class=\"vc_single_image-img attachment-full\" alt=\"\" \/><\/div>\n\t\t<\/figure>\n\t<\/div>\n<\/div><\/div><\/div><div class=\"wpb_column vc_column_container vc_col-sm-3\"><div class=\"vc_column-inner\"><div class=\"wpb_wrapper\">\n\t<div  class=\"wpb_single_image wpb_content_element vc_align_center wpb_content_element\">\n\t\t\n\t\t<figure class=\"wpb_wrapper vc_figure\">\n\t\t\t<div class=\"vc_single_image-wrapper   vc_box_border_grey\"><img loading=\"lazy\" decoding=\"async\" width=\"217\" height=\"150\" src=\"https:\/\/arborus.org\/wp-content\/uploads\/2020\/05\/ff4.png\" class=\"vc_single_image-img attachment-full\" alt=\"\" \/><\/div>\n\t\t<\/figure>\n\t<\/div>\n<\/div><\/div><\/div><\/div><\/div><\/div><\/div><\/div><div class=\"vc_row wpb_row vc_row-fluid\"><div class=\"wpb_column vc_column_container vc_col-sm-12\"><div class=\"vc_column-inner\"><div class=\"wpb_wrapper\">\n\t<div class=\"wpb_raw_code wpb_raw_html wpb_content_element\" >\n\t\t<div class=\"wpb_wrapper\">\n\t\t\t<div class=\"view-all media-room\">\n<a href=\"\/wp-content\/uploads\/2020\/07\/COMMUNIQUERespectMe-Octobre2016_web.pdf\" target=\"_blank\">LEER M\u00c1S<\/a>\n<\/div>\n\t\t<\/div>\n\t<\/div>\n<\/div><\/div><\/div><\/div>\n<\/div>","protected":false},"excerpt":{"rendered":"ARBORUS EN FRANCE : S\u2019INVESTIR DANS DES PROJETS QUI NOUS TIENNENT \u00c0 COEUR L\u2019ASSOCIATION ARBORUS Pour la promotion des femmes dans la prise de d\u00e9cision depuis 1995 Arborus est une association loi 1901 ayant pour objet la promotion des femmes dans la prise de d\u00e9cision. L\u2019association a \u00e9t\u00e9 fond\u00e9e en 1995 par Cristina LUNGHI, sur [...]","protected":false},"author":3,"featured_media":0,"parent":0,"menu_order":0,"comment_status":"closed","ping_status":"closed","template":"page-templates\/no-sidebar.php","meta":{"_acf_changed":false,"footnotes":""},"class_list":["post-13","page","type-page","status-publish","hentry"],"acf":[],"_links":{"self":[{"href":"https:\/\/arborus.org\/es\/wp-json\/wp\/v2\/pages\/13","targetHints":{"allow":["GET"]}}],"collection":[{"href":"https:\/\/arborus.org\/es\/wp-json\/wp\/v2\/pages"}],"about":[{"href":"https:\/\/arborus.org\/es\/wp-json\/wp\/v2\/types\/page"}],"author":[{"embeddable":true,"href":"https:\/\/arborus.org\/es\/wp-json\/wp\/v2\/users\/3"}],"replies":[{"embeddable":true,"href":"https:\/\/arborus.org\/es\/wp-json\/wp\/v2\/comments?post=13"}],"version-history":[{"count":34,"href":"https:\/\/arborus.org\/es\/wp-json\/wp\/v2\/pages\/13\/revisions"}],"predecessor-version":[{"id":5287,"href":"https:\/\/arborus.org\/es\/wp-json\/wp\/v2\/pages\/13\/revisions\/5287"}],"wp:attachment":[{"href":"https:\/\/arborus.org\/es\/wp-json\/wp\/v2\/media?parent=13"}],"curies":[{"name":"wp","href":"https:\/\/api.w.org\/{rel}","templated":true}]}}