{"id":130,"date":"2020-05-05T02:11:53","date_gmt":"2020-05-05T00:11:53","guid":{"rendered":"https:\/\/arborus.org\/?page_id=130"},"modified":"2024-01-25T13:25:25","modified_gmt":"2024-01-25T12:25:25","slug":"actualite","status":"publish","type":"page","link":"https:\/\/arborus.org\/es\/actualite\/","title":{"rendered":"NOTICIAS"},"content":{"rendered":"<div class=\"wpb-content-wrapper\"><div class=\"vc_row wpb_row vc_row-fluid box1_int\"><div class=\"wpb_column vc_column_container vc_col-sm-12\"><div class=\"vc_column-inner\"><div class=\"wpb_wrapper\">\n\t<div class=\"wpb_text_column wpb_content_element\" >\n\t\t<div class=\"wpb_wrapper\">\n\t\t\t<h2 style=\"text-align: center;\">NOTICIAS<\/h2>\n<p style=\"text-align: center;\">Contacto de prensa: arborus@arborus.info<\/p>\n<p style=\"text-align: center;\">Tel: +33 6 4339 8350<\/p>\n\n\t\t<\/div>\n\t<\/div>\n<div class=\"vc_row wpb_row vc_inner vc_row-fluid box3label\"><div class=\"box_t1-col-left wpb_column vc_column_container vc_col-sm-6\"><div class=\"vc_column-inner\"><div class=\"wpb_wrapper\">\n\t<div class=\"wpb_text_column wpb_content_element wpb_animate_when_almost_visible wpb_fadeIn fadeIn\" >\n\t\t<div class=\"wpb_wrapper\">\n\t\t\t<div class=\"box_t1\">\n<div class=\"box_t1-title\">\n<h3>Comunicado de prensa<img decoding=\"async\" class=\"toggler-icon injectable plus\" src=\"\/wp-content\/plugins\/custom-dev\/dist\/images\/plus-circular-button.svg\" \/><img decoding=\"async\" class=\"toggler-icon injectable minus\" src=\"\/wp-content\/plugins\/custom-dev\/dist\/images\/minus-circular-button.svg\" \/><\/h3>\n<\/div>\n<div class=\"box_t1-content\">\n<h4><a href=\"http:\/\/arborus.org\/wp-content\/uploads\/2023\/07\/CP-Arborus-GEEIS-Refugie.e.s-20-juin-2022-DEF.pdf\" target=\"_blank\" rel=\"noopener noreferrer\">Arborus-GEEIS - Refugiados - <em>Junio de 2022<\/em><\/a><\/h4>\n<h4><a href=\"http:\/\/arborus.org\/wp-content\/uploads\/2022\/02\/CP-GEEIS-SDG-TROPHY-2021-FR.pdf\" target=\"_blank\" rel=\"noopener noreferrer\">Presentaci\u00f3n de los trofeos GEEIS-SDG - <em>2022<\/em> ES <\/a>&#8211; <a href=\"http:\/\/arborus.org\/wp-content\/uploads\/2023\/07\/CP-GEEIS-SDG-TROPHY-2022-EN.pdf\" target=\"_blank\" rel=\"noopener noreferrer\">EN<\/a><\/h4>\n<h4><a href=\"http:\/\/arborus.org\/wp-content\/uploads\/2022\/02\/CP-GEEIS-SDG-TROPHY-2021-FR.pdf\" target=\"_blank\" rel=\"noopener noreferrer\">Presentaci\u00f3n de los trofeos GEEIS-SDG <em>&#8211; 2021<\/em> ES<\/a> &#8211; <a href=\"http:\/\/arborus.org\/wp-content\/uploads\/2022\/02\/CP-GEEIS-SDG-TROPHY-2021-EN.pdf\" target=\"_blank\" rel=\"noopener noreferrer\">EN<\/a><\/h4>\n<h4><a href=\"http:\/\/arborus.org\/wp-content\/uploads\/2020\/09\/CP-Arborus-2020-09_3.pdf\" target=\"_blank\" rel=\"noopener noreferrer\">Lanzamiento de la IA: GEEIS-AI<em>&#8211; 2020 <\/em>ES <\/a>&#8211; <a href=\"http:\/\/arborus.org\/wp-content\/uploads\/2020\/09\/CP-Arborus-2020-09_-anglais.pdf\" target=\"_blank\" rel=\"noopener noreferrer\">EN<\/a><\/h4>\n<h4><a href=\"http:\/\/arborus.org\/wp-content\/uploads\/2020\/07\/CP-fr-1.pdf\" target=\"_blank\" rel=\"noopener noreferrer\">Carta Internacional para la IA Inclusiva <em>&#8211; 2020 <\/em>ES<\/a><em> &#8211;<\/em> <a href=\"http:\/\/arborus.org\/wp-content\/uploads\/2020\/07\/CP-VDEF-20042020_eng1.pdf\" target=\"_blank\" rel=\"noopener noreferrer\">EN<\/a><\/h4>\n<h4><a href=\"http:\/\/arborus.org\/wp-content\/uploads\/2020\/07\/Winners-16-sept.pdf\" target=\"_blank\" rel=\"noopener noreferrer\">Ganadores del GEEIS-SDG <em>&#8211; 2019<\/em><\/a><\/h4>\n<h4><a href=\"http:\/\/arborus.org\/wp-content\/uploads\/2020\/07\/CP-FR-GEEIS-SDG-16-sept-2019-DEF-1.pdf\" target=\"_blank\" rel=\"noopener noreferrer\">Presentaci\u00f3n de los trofeos GEEIS-SDG <em>&#8211; 2019<\/em> ES<\/a> &#8211; <a href=\"http:\/\/arborus.org\/wp-content\/uploads\/2020\/07\/CP-side-after-event-NY-18-mars-2019EN-DEF.pdf\" target=\"_blank\" rel=\"noopener noreferrer\">EN<\/a><\/h4>\n<h4><a href=\"http:\/\/arborus.org\/wp-content\/uploads\/2020\/07\/CP-side-after-event-NY-18-mars-2019-DEF.pdf\" target=\"_blank\" rel=\"noopener noreferrer\">Evento paralelo de la ONU - <em>2019<\/em> ES<\/a> &#8211; <a href=\"http:\/\/arborus.org\/wp-content\/uploads\/2020\/07\/CP-side-after-event-NY-18-mars-2019EN-DEF.pdf\" target=\"_blank\" rel=\"noopener noreferrer\">EN<\/a><\/h4>\n<h4><a href=\"http:\/\/arborus.org\/wp-content\/uploads\/2020\/07\/CP-18_OCTOBRE-2018-FR.pdf\" target=\"_blank\" rel=\"noopener noreferrer\">Presentaci\u00f3n de los trofeos GEEIS-SDG<em>\u00a0&#8211; 2018<\/em> ES<\/a> &#8211; <a href=\"http:\/\/arborus.org\/wp-content\/uploads\/2020\/07\/CP-18_OCTOBRE-2018-EN.pdf\" target=\"_blank\" rel=\"noopener noreferrer\">EN<\/a><\/h4>\n<h4><a href=\"http:\/\/arborus.org\/wp-content\/uploads\/2020\/07\/CP-side-after-event-NY-22-mars-2018-DEF-1.pdf\" target=\"_blank\" rel=\"noopener noreferrer\">Evento paralelo de la ONU - <em>2018<\/em><\/a><\/h4>\n<h4><a href=\"http:\/\/arborus.org\/wp-content\/uploads\/2020\/07\/CP-GEEIS-DIVERSITY-lancement-032017-4.pdf\" target=\"_blank\" rel=\"noopener noreferrer\">Lanzamiento de la etiqueta GEEIS-DIVERSIDAD en el CESE - <em>2017<\/em><\/a><\/h4>\n<\/div>\n<\/div>\n\n\t\t<\/div>\n\t<\/div>\n<\/div><\/div><\/div><div class=\"wpb_column vc_column_container vc_col-sm-6\"><div class=\"vc_column-inner\"><div class=\"wpb_wrapper\">\n\t<div class=\"wpb_text_column wpb_content_element wpb_animate_when_almost_visible wpb_fadeInLeft fadeInLeft\" >\n\t\t<div class=\"wpb_wrapper\">\n\t\t\t<div class=\"box_t1\">\n<div class=\"box_t1-title\">\n<h3>Kit de prensa<img decoding=\"async\" class=\"toggler-icon injectable plus\" src=\"\/wp-content\/plugins\/custom-dev\/dist\/images\/plus-circular-button.svg\" \/><img decoding=\"async\" class=\"toggler-icon injectable minus\" src=\"\/wp-content\/plugins\/custom-dev\/dist\/images\/minus-circular-button.svg\" \/><\/h3>\n<\/div>\n<div class=\"box_t1-content\">\n<h4><a href=\"http:\/\/arborus.org\/wp-content\/uploads\/2023\/12\/Trophe\u0301es-GEEIS-SDG-2023-EN.pdf\" target=\"_blank\" rel=\"noopener noreferrer\">Premios GEEIS-SDG - 2023 ES<\/a><\/h4>\n<h4><a href=\"http:\/\/arborus.org\/wp-content\/uploads\/2023\/07\/EN-2022-DP-Remise-Trophe\u0301e-GEEIS-SDG-Arborus.pdf\" target=\"_blank\" rel=\"noopener noreferrer\">Premios GEEIS-SDG - <em>2022 <\/em>EN<\/a><\/h4>\n<h4><a href=\"http:\/\/arborus.org\/wp-content\/uploads\/2020\/07\/Arborus-Doss-Presse-2020.pdf\" target=\"_blank\" rel=\"noopener noreferrer\">Dossier de prensa - Fondo de Dotaci\u00f3n Arborus - 2020<\/a><\/h4>\n<\/div>\n<\/div>\n\n\t\t<\/div>\n\t<\/div>\n<\/div><\/div><\/div><\/div><\/div><\/div><\/div><\/div><div class=\"vc_row wpb_row vc_row-fluid box1_int\"><div class=\"wpb_column vc_column_container vc_col-sm-12\"><div class=\"vc_column-inner\"><div class=\"wpb_wrapper\">\n\t<div class=\"wpb_text_column wpb_content_element\" >\n\t\t<div class=\"wpb_wrapper\">\n\t\t\t<h2 style=\"text-align: center;\">ART\u00cdCULOS DE PRENSA<\/h2>\n\n\t\t<\/div>\n\t<\/div>\n<\/div><\/div><\/div><\/div><div class=\"vc_row wpb_row vc_row-fluid box_home2 box_label\"><div class=\"wpb_column vc_column_container vc_col-sm-12\"><div class=\"vc_column-inner\"><div class=\"wpb_wrapper\"><div class=\"vc_row wpb_row vc_inner vc_row-fluid max_width_home\"><div class=\"wpb_column vc_column_container vc_col-sm-12\"><div class=\"vc_column-inner\"><div class=\"wpb_wrapper\">\n\t<div class=\"wpb_text_column wpb_content_element\" >\n\t\t<div class=\"wpb_wrapper\">\n\t\t\t<style>.wp-show-posts-columns#wpsp-1288 {margin-left: -2em; }.wp-show-posts-columns#wpsp-1288 .wp-show-posts-inner {margin: 0 0 2em 2em; }<\/style><section id=\"wpsp-1288\" class=\"wp-show-posts-columns wp-show-posts\" style=\"\"><article class=\"wp-show-posts-single post-5741 post type-post status-publish format-standard has-post-thumbnail hentry category-international category-presse wpsp-col-4\" itemtype=\"http:\/\/schema.org\/CreativeWork\" itemscope><div class=\"wp-show-posts-inner\" style=\"\">\t\t\t\t\t\t<header class=\"wp-show-posts-entry-header\">\n\t\t\t\t\t\t\t<h2 class=\"wp-show-posts-entry-title\" itemprop=\"headline\"><a href=\"https:\/\/arborus.org\/es\/top-10-inspiring-leaders\/\" rel=\"bookmark\">TOP 10\u00a0Inspiring\u00a0Leaders<\/a><\/h2>\t\t\t\t\t\t<\/header><!-- .entry-header -->\n\t\t\t\t\t\t\t<div class=\"wp-show-posts-image  wpsp-image-center\">\n\t\t\t<a href=\"https:\/\/arborus.org\/es\/top-10-inspiring-leaders\/\"  title=\"TOP 10\u00a0Inspiring\u00a0Leaders\"><img loading=\"lazy\" decoding=\"async\" width=\"1320\" height=\"982\" src=\"https:\/\/arborus.org\/wp-content\/uploads\/2025\/01\/INSPIRING-LEADERS.jpeg\" class=\"attachment-full size-full wp-post-image\" alt=\"\" itemprop=\"image\" srcset=\"https:\/\/arborus.org\/wp-content\/uploads\/2025\/01\/INSPIRING-LEADERS.jpeg 1320w, https:\/\/arborus.org\/wp-content\/uploads\/2025\/01\/INSPIRING-LEADERS-300x223.jpeg 300w, https:\/\/arborus.org\/wp-content\/uploads\/2025\/01\/INSPIRING-LEADERS-1024x762.jpeg 1024w, https:\/\/arborus.org\/wp-content\/uploads\/2025\/01\/INSPIRING-LEADERS-768x571.jpeg 768w, https:\/\/arborus.org\/wp-content\/uploads\/2025\/01\/INSPIRING-LEADERS-16x12.jpeg 16w\" sizes=\"auto, (max-width: 1320px) 100vw, 1320px\" \/><\/a>\t\t<\/div>\n\t\t\t\t\t\t\t\t<div class=\"wp-show-posts-entry-summary\" itemprop=\"text\">\n\t\t\t\t\t\t\t<p>Cristina LUNGHI a \u00e9t\u00e9 identifi\u00e9e comme une des TOP Leaders 2024&nbsp;&nbsp;par le magazine&nbsp;entrepreneurmirror, et faire partie de ces femmes qui sont en train de r\u00e9volutionner le paysage de l\u2019IA en&#8230;<\/p>\n\t\t\t\t\t\t<\/div><!-- .entry-summary -->\n\t\t\t\t\t<div class=\"wpsp-read-more\"><a title=\"TOP 10\u00a0Inspiring\u00a0Leaders\" class=\"wp-show-posts-read-more\" href=\"https:\/\/arborus.org\/es\/top-10-inspiring-leaders\/\">leer el art\u00edculo<\/a><\/div><\/div><!-- wp-show-posts-inner --><\/article><article class=\"wp-show-posts-single post-5567 post type-post status-publish format-standard has-post-thumbnail hentry category-actualites category-france category-presse wpsp-col-4\" itemtype=\"http:\/\/schema.org\/CreativeWork\" itemscope><div class=\"wp-show-posts-inner\" style=\"\">\t\t\t\t\t\t<header class=\"wp-show-posts-entry-header\">\n\t\t\t\t\t\t\t<h2 class=\"wp-show-posts-entry-title\" itemprop=\"headline\"><a href=\"https:\/\/arborus.org\/es\/tribune-collective-votez-pour-legalite\/\" rel=\"bookmark\">Opini\u00f3n del grupo: \u00a1Vota por la igualdad!<\/a><\/h2>\t\t\t\t\t\t<\/header><!-- .entry-header -->\n\t\t\t\t\t\t\t<div class=\"wp-show-posts-image  wpsp-image-center\">\n\t\t\t<a href=\"https:\/\/arborus.org\/es\/tribune-collective-votez-pour-legalite\/\"  title=\"Opini\u00f3n del grupo: \u00a1Vota por la igualdad!\"><img loading=\"lazy\" decoding=\"async\" width=\"1280\" height=\"720\" src=\"https:\/\/arborus.org\/wp-content\/uploads\/2024\/06\/01102268109734-web-tete.webp\" class=\"attachment-full size-full wp-post-image\" alt=\"\" itemprop=\"image\" srcset=\"https:\/\/arborus.org\/wp-content\/uploads\/2024\/06\/01102268109734-web-tete.webp 1280w, https:\/\/arborus.org\/wp-content\/uploads\/2024\/06\/01102268109734-web-tete-300x169.webp 300w, https:\/\/arborus.org\/wp-content\/uploads\/2024\/06\/01102268109734-web-tete-1024x576.webp 1024w, https:\/\/arborus.org\/wp-content\/uploads\/2024\/06\/01102268109734-web-tete-768x432.webp 768w, https:\/\/arborus.org\/wp-content\/uploads\/2024\/06\/01102268109734-web-tete-18x10.webp 18w\" sizes=\"auto, (max-width: 1280px) 100vw, 1280px\" \/><\/a>\t\t<\/div>\n\t\t\t\t\t\t\t\t<div class=\"wp-show-posts-entry-summary\" itemprop=\"text\">\n\t\t\t\t\t\t\t<p>Junto con Elisabeth Moreno, Marie Eloy y Alexia Reiss, he firmado la carta colectiva de las redes de mujeres que llaman a las mujeres a votar el 30 de junio y el 7 de julio por su...<\/p>\n\t\t\t\t\t\t<\/div><!-- .entry-summary -->\n\t\t\t\t\t<div class=\"wpsp-read-more\"><a title=\"Opini\u00f3n del grupo: \u00a1Vota por la igualdad!\" class=\"wp-show-posts-read-more\" href=\"https:\/\/arborus.org\/es\/tribune-collective-votez-pour-legalite\/\">leer el art\u00edculo<\/a><\/div><\/div><!-- wp-show-posts-inner --><\/article><article class=\"wp-show-posts-single post-4367 post type-post status-publish format-standard has-post-thumbnail hentry category-actualites category-france category-presse category-publication-cristina-lunghi tag-charte tag-charte-ia-inclusive tag-geeis tag-geeis-ai tag-ia tag-ia-inclusive tag-les-echos tag-tribune wpsp-col-4\" itemtype=\"http:\/\/schema.org\/CreativeWork\" itemscope><div class=\"wp-show-posts-inner\" style=\"\">\t\t\t\t\t\t<header class=\"wp-show-posts-entry-header\">\n\t\t\t\t\t\t\t<h2 class=\"wp-show-posts-entry-title\" itemprop=\"headline\"><a href=\"https:\/\/arborus.org\/es\/22-fevrier-2023-publication-dans-les-echos-dune-tribune-collective-sur-les-enjeux-de-lia-si-elle-nest-pas-inclusive\/\" rel=\"bookmark\">22 de febrero de 2023, publicaci\u00f3n en Les Echos de un art\u00edculo de opini\u00f3n colectiva sobre los retos de la IA.<\/a><\/h2>\t\t\t\t\t\t<\/header><!-- .entry-header -->\n\t\t\t\t\t\t\t<div class=\"wp-show-posts-image  wpsp-image-center\">\n\t\t\t<a href=\"https:\/\/arborus.org\/es\/22-fevrier-2023-publication-dans-les-echos-dune-tribune-collective-sur-les-enjeux-de-lia-si-elle-nest-pas-inclusive\/\"  title=\"22 de febrero de 2023, publicaci\u00f3n en Les Echos de un art\u00edculo de opini\u00f3n colectiva sobre los retos de la IA.\"><img loading=\"lazy\" decoding=\"async\" width=\"1212\" height=\"1420\" src=\"https:\/\/arborus.org\/wp-content\/uploads\/2023\/03\/La-parite\u0301-dans-la-tech.jpeg\" class=\"attachment-full size-full wp-post-image\" alt=\"\" itemprop=\"image\" srcset=\"https:\/\/arborus.org\/wp-content\/uploads\/2023\/03\/La-parite\u0301-dans-la-tech.jpeg 1212w, https:\/\/arborus.org\/wp-content\/uploads\/2023\/03\/La-parite\u0301-dans-la-tech-256x300.jpeg 256w, https:\/\/arborus.org\/wp-content\/uploads\/2023\/03\/La-parite\u0301-dans-la-tech-874x1024.jpeg 874w, https:\/\/arborus.org\/wp-content\/uploads\/2023\/03\/La-parite\u0301-dans-la-tech-768x900.jpeg 768w, https:\/\/arborus.org\/wp-content\/uploads\/2023\/03\/La-parite\u0301-dans-la-tech-10x12.jpeg 10w\" sizes=\"auto, (max-width: 1212px) 100vw, 1212px\" \/><\/a>\t\t<\/div>\n\t\t\t\t\t\t\t\t<div class=\"wp-show-posts-entry-summary\" itemprop=\"text\">\n\t\t\t\t\t\t\t<p>El colectivo pasa a la acci\u00f3n en este art\u00edculo de opini\u00f3n titulado \"Paridad en la tecnolog\u00eda: una emergencia, soluciones\" para promover una IA inclusiva. Una iniciativa de Lise Bachmann, que propone un \"Grenelle...<\/p>\n\t\t\t\t\t\t<\/div><!-- .entry-summary -->\n\t\t\t\t\t<div class=\"wpsp-read-more\"><a title=\"22 de febrero de 2023, publicaci\u00f3n en Les Echos de un art\u00edculo de opini\u00f3n colectiva sobre los retos de la IA.\" class=\"wp-show-posts-read-more\" href=\"https:\/\/arborus.org\/es\/22-fevrier-2023-publication-dans-les-echos-dune-tribune-collective-sur-les-enjeux-de-lia-si-elle-nest-pas-inclusive\/\">leer el art\u00edculo<\/a><\/div><\/div><!-- wp-show-posts-inner --><\/article><div class=\"wpsp-clear\"><\/div><\/section><!-- .wp-show-posts -->\n\n\t\t<\/div>\n\t<\/div>\n\n\t<div class=\"wpb_raw_code wpb_raw_html wpb_content_element\" >\n\t\t<div class=\"wpb_wrapper\">\n\t\t\t<div class=\"view-all media-room\">\n<a href=\"\/es\/presse\/\">Ver todo<\/a>\n<\/div>\n\t\t<\/div>\n\t<\/div>\n<\/div><\/div><\/div><\/div><\/div><\/div><\/div><\/div>\n<\/div>","protected":false},"excerpt":{"rendered":"Le collectif se mobilise dans cette tribune \u00ab La parit\u00e9 dans la tech&nbsp;: une urgence, des solutions\u2009!\" pour une IA Inclusive. Une initiative de Lise Bachmann qui propose un Grenelle de L'IA inclusive et qui positionne la Charte pour une IA Inclusive d'Arborus et Orange qui compte 130 signataires et le label GEEIS AI dont [...]","protected":false},"author":3,"featured_media":0,"parent":0,"menu_order":0,"comment_status":"closed","ping_status":"closed","template":"page-templates\/no-sidebar.php","meta":{"_acf_changed":false,"footnotes":""},"class_list":["post-130","page","type-page","status-publish","hentry"],"acf":[],"_links":{"self":[{"href":"https:\/\/arborus.org\/es\/wp-json\/wp\/v2\/pages\/130","targetHints":{"allow":["GET"]}}],"collection":[{"href":"https:\/\/arborus.org\/es\/wp-json\/wp\/v2\/pages"}],"about":[{"href":"https:\/\/arborus.org\/es\/wp-json\/wp\/v2\/types\/page"}],"author":[{"embeddable":true,"href":"https:\/\/arborus.org\/es\/wp-json\/wp\/v2\/users\/3"}],"replies":[{"embeddable":true,"href":"https:\/\/arborus.org\/es\/wp-json\/wp\/v2\/comments?post=130"}],"version-history":[{"count":58,"href":"https:\/\/arborus.org\/es\/wp-json\/wp\/v2\/pages\/130\/revisions"}],"predecessor-version":[{"id":5318,"href":"https:\/\/arborus.org\/es\/wp-json\/wp\/v2\/pages\/130\/revisions\/5318"}],"wp:attachment":[{"href":"https:\/\/arborus.org\/es\/wp-json\/wp\/v2\/media?parent=130"}],"curies":[{"name":"wp","href":"https:\/\/api.w.org\/{rel}","templated":true}]}}