{"id":144,"date":"2020-05-05T17:47:08","date_gmt":"2020-05-05T15:47:08","guid":{"rendered":"https:\/\/arborus.org\/?page_id=144"},"modified":"2025-04-14T11:08:05","modified_gmt":"2025-04-14T09:08:05","slug":"label","status":"publish","type":"page","link":"https:\/\/arborus.org\/es\/label\/","title":{"rendered":"Etiqueta"},"content":{"rendered":"<div class=\"wpb-content-wrapper\"><div class=\"vc_row wpb_row vc_row-fluid bg_color box2_int bg_noir\"><div class=\"wpb_column vc_column_container vc_col-sm-12\"><div class=\"vc_column-inner\"><div class=\"wpb_wrapper\"><div class=\"vc_row wpb_row vc_inner vc_row-fluid\"><div class=\"slider-col-1-txt wpb_column vc_column_container vc_col-sm-6\"><div class=\"vc_column-inner\"><div class=\"wpb_wrapper\">\n\t<div class=\"wpb_text_column wpb_content_element wpb_animate_when_almost_visible wpb_fadeInLeft fadeInLeft\" >\n\t\t<div class=\"wpb_wrapper\">\n\t\t\t<h2 style=\"text-transform: uppercase;\">GEEIS, el proceso de etiquetado de la igualdad,<br \/>\ndiversidad, inclusi\u00f3n.<\/h2>\n\n\t\t<\/div>\n\t<\/div>\n<\/div><\/div><\/div><div class=\"wpb_column vc_column_container vc_col-sm-6\"><div class=\"vc_column-inner\"><div class=\"wpb_wrapper\">\n\t<div  class=\"wpb_single_image wpb_content_element vc_align_center wpb_content_element wpb_animate_when_almost_visible wpb_fadeInRight fadeInRight\">\n\t\t\n\t\t<figure class=\"wpb_wrapper vc_figure\">\n\t\t\t<div class=\"vc_single_image-wrapper   vc_box_border_grey\"><img loading=\"lazy\" decoding=\"async\" width=\"812\" height=\"273\" src=\"https:\/\/arborus.org\/wp-content\/uploads\/2020\/07\/img_topp_new_clean.png\" class=\"vc_single_image-img attachment-full\" alt=\"\" srcset=\"https:\/\/arborus.org\/wp-content\/uploads\/2020\/07\/img_topp_new_clean.png 812w, https:\/\/arborus.org\/wp-content\/uploads\/2020\/07\/img_topp_new_clean-300x101.png 300w, https:\/\/arborus.org\/wp-content\/uploads\/2020\/07\/img_topp_new_clean-768x258.png 768w\" sizes=\"auto, (max-width: 812px) 100vw, 812px\" \/><\/div>\n\t\t<\/figure>\n\t<\/div>\n<\/div><\/div><\/div><\/div><\/div><\/div><\/div><\/div><div class=\"vc_row wpb_row vc_row-fluid custom_container vc_custom_1686598909011\"><div class=\"bx_bottom_geeis_wrapper left wpb_column vc_column_container vc_col-sm-6\"><div class=\"vc_column-inner\"><div class=\"wpb_wrapper\"><div class=\"vc_row wpb_row vc_inner vc_row-fluid bx_bottom_geeis left vc_custom_1686598940150\"><div class=\"wpb_column vc_column_container vc_col-sm-3\"><div class=\"vc_column-inner\"><div class=\"wpb_wrapper\">\n\t<div  class=\"wpb_single_image wpb_content_element vc_align_center wpb_content_element\">\n\t\t\n\t\t<figure class=\"wpb_wrapper vc_figure\">\n\t\t\t<div class=\"vc_single_image-wrapper   vc_box_border_grey\"><img loading=\"lazy\" decoding=\"async\" width=\"172\" height=\"260\" src=\"https:\/\/arborus.org\/wp-content\/uploads\/2023\/06\/diversity.png\" class=\"vc_single_image-img attachment-full\" alt=\"\" srcset=\"https:\/\/arborus.org\/wp-content\/uploads\/2023\/06\/diversity.png 172w, https:\/\/arborus.org\/wp-content\/uploads\/2023\/06\/diversity-8x12.png 8w\" sizes=\"auto, (max-width: 172px) 100vw, 172px\" \/><\/div>\n\t\t<\/figure>\n\t<\/div>\n<\/div><\/div><\/div><div class=\"wpb_column vc_column_container vc_col-sm-9\"><div class=\"vc_column-inner\"><div class=\"wpb_wrapper\">\n\t<div class=\"wpb_text_column wpb_content_element\" >\n\t\t<div class=\"wpb_wrapper\">\n\t\t\t<h2 style=\"text-align: left;\">El Sello de Diversidad GEEIS<\/h2>\n<p style=\"text-align: left;\">Todos los tipos de diversidad pueden analizarse en funci\u00f3n de las necesidades de la organizaci\u00f3n y de la normativa local, lo que permite orientar la estrategia de D&amp;I.<\/p>\n<p><a href=\"#id_left_geeis\">M\u00e1s informaci\u00f3n<\/a><\/p>\n\n\t\t<\/div>\n\t<\/div>\n<\/div><\/div><\/div><\/div><div id=\"id_left_geeis\" class=\"vc_row wpb_row vc_inner vc_row-fluid bx_bottom_geeis left d-none vc_custom_1686672675458\"><div class=\"wpb_column vc_column_container vc_col-sm-3\"><div class=\"vc_column-inner vc_custom_1687268195953\"><div class=\"wpb_wrapper\">\n\t<div  class=\"wpb_single_image wpb_content_element vc_align_center wpb_content_element vc_custom_1687268281171  img_full_wrapper\">\n\t\t\n\t\t<figure class=\"wpb_wrapper vc_figure\">\n\t\t\t<div class=\"vc_single_image-wrapper   vc_box_border_grey\"><img loading=\"lazy\" decoding=\"async\" width=\"113\" height=\"69\" src=\"https:\/\/arborus.org\/wp-content\/uploads\/2023\/06\/GEEIS-D@2x-1-1.png\" class=\"vc_single_image-img attachment-full\" alt=\"\" srcset=\"https:\/\/arborus.org\/wp-content\/uploads\/2023\/06\/GEEIS-D@2x-1-1.png 113w, https:\/\/arborus.org\/wp-content\/uploads\/2023\/06\/GEEIS-D@2x-1-1-18x12.png 18w\" sizes=\"auto, (max-width: 113px) 100vw, 113px\" \/><\/div>\n\t\t<\/figure>\n\t<\/div>\n<\/div><\/div><\/div><div class=\"wpb_column vc_column_container vc_col-sm-9\"><div class=\"vc_column-inner\"><div class=\"wpb_wrapper\">\n\t<div class=\"wpb_text_column wpb_content_element\" >\n\t\t<div class=\"wpb_wrapper\">\n\t\t\t<p style=\"text-align: left;\">En respuesta a la creciente internacionalizaci\u00f3n de GEEIS y a la demanda de las empresas, Arborus y la BVC lanzaron GEEIS-DIVERSITY en el CESE el 31 de marzo de 2017. Integrando a la dimensi\u00f3n de g\u00e9nero el cuestionamiento relacionado con las diversidades elegidas en la empresa.<\/p>\n\n\t\t<\/div>\n\t<\/div>\n<\/div><\/div><\/div><\/div><\/div><\/div><\/div><div class=\"bx_bottom_geeis_wrapper right wpb_column vc_column_container vc_col-sm-6\"><div class=\"vc_column-inner\"><div class=\"wpb_wrapper\"><div class=\"vc_row wpb_row vc_inner vc_row-fluid bx_bottom_geeis right vc_custom_1686598964374\"><div class=\"wpb_column vc_column_container vc_col-sm-3\"><div class=\"vc_column-inner\"><div class=\"wpb_wrapper\">\n\t<div  class=\"wpb_single_image wpb_content_element vc_align_center wpb_content_element\">\n\t\t\n\t\t<figure class=\"wpb_wrapper vc_figure\">\n\t\t\t<div class=\"vc_single_image-wrapper   vc_box_border_grey\"><img loading=\"lazy\" decoding=\"async\" width=\"177\" height=\"260\" src=\"https:\/\/arborus.org\/wp-content\/uploads\/2023\/06\/IA.png\" class=\"vc_single_image-img attachment-full\" alt=\"\" srcset=\"https:\/\/arborus.org\/wp-content\/uploads\/2023\/06\/IA.png 177w, https:\/\/arborus.org\/wp-content\/uploads\/2023\/06\/IA-8x12.png 8w\" sizes=\"auto, (max-width: 177px) 100vw, 177px\" \/><\/div>\n\t\t<\/figure>\n\t<\/div>\n<\/div><\/div><\/div><div class=\"wpb_column vc_column_container vc_col-sm-9\"><div class=\"vc_column-inner\"><div class=\"wpb_wrapper\">\n\t<div class=\"wpb_text_column wpb_content_element\" >\n\t\t<div class=\"wpb_wrapper\">\n\t\t\t<h2>La etiqueta GEEIS IA<\/h2>\n<p>Ante los retos que plantea el desarrollo de la IA, la etiqueta GEEIS garantiza la inclusi\u00f3n de la IA en toda la cadena de valor.<\/p>\n<p><a href=\"#id_right_geeis\">M\u00e1s informaci\u00f3n<\/a><\/p>\n\n\t\t<\/div>\n\t<\/div>\n<\/div><\/div><\/div><\/div><div id=\"id_right_geeis\" class=\"vc_row wpb_row vc_inner vc_row-fluid bx_bottom_geeis right d-none vc_custom_1686672713401\"><div class=\"wpb_column vc_column_container vc_col-sm-3\"><div class=\"vc_column-inner\"><div class=\"wpb_wrapper\">\n\t<div  class=\"wpb_single_image wpb_content_element vc_align_center wpb_content_element  img_full_wrapper\">\n\t\t\n\t\t<figure class=\"wpb_wrapper vc_figure\">\n\t\t\t<div class=\"vc_single_image-wrapper   vc_box_border_grey\"><img loading=\"lazy\" decoding=\"async\" width=\"243\" height=\"150\" src=\"https:\/\/arborus.org\/wp-content\/uploads\/2023\/06\/logo-GEEIS-AI-1-1.png\" class=\"vc_single_image-img attachment-full\" alt=\"\" srcset=\"https:\/\/arborus.org\/wp-content\/uploads\/2023\/06\/logo-GEEIS-AI-1-1.png 243w, https:\/\/arborus.org\/wp-content\/uploads\/2023\/06\/logo-GEEIS-AI-1-1-18x12.png 18w\" sizes=\"auto, (max-width: 243px) 100vw, 243px\" \/><\/div>\n\t\t<\/figure>\n\t<\/div>\n<\/div><\/div><\/div><div class=\"wpb_column vc_column_container vc_col-sm-9\"><div class=\"vc_column-inner\"><div class=\"wpb_wrapper\">\n\t<div class=\"wpb_text_column wpb_content_element\" >\n\t\t<div class=\"wpb_wrapper\">\n\t\t\t<p>Ante los retos de la digitalizaci\u00f3n, y m\u00e1s concretamente de la inteligencia artificial, para Arborus resultaba urgente e importante que las decisiones automatizadas basadas en el tratamiento algor\u00edtmico no perjudicaran a las mujeres o a las minor\u00edas, por ejemplo debido a la calidad de los datos utilizados o al dise\u00f1o del c\u00f3digo, en el que los hombres siguen siendo mayor\u00eda. A esta cuesti\u00f3n de inclusi\u00f3n, y por tanto de \u00e9tica, se a\u00f1ade tambi\u00e9n la de la necesaria competitividad de las empresas europeas frente a los gigantes tecnol\u00f3gicos mundiales.Adem\u00e1s de esta cuesti\u00f3n de inclusi\u00f3n, y por lo tanto de \u00e9tica, tambi\u00e9n est\u00e1 la cuesti\u00f3n de la necesaria competitividad de las empresas europeas frente a los gigantes tecnol\u00f3gicos mundiales.Por estas razones, Arborus lanz\u00f3 la etiqueta GEEIS-AI el 7 de septiembre de 2020, como extensi\u00f3n de la Carta Internacional de la IA Inclusiva lanzada el 21 de abril de 2020 en colaboraci\u00f3n con el Grupo Orange. Bajo el alto patrocinio de Cedric O, Secretario de Estado de Asuntos Digitales, con el apoyo de Elisabeth Mor\u00e9no, Ministra de Igualdad entre Mujeres y Hombres, as\u00ed como de Delphine O, Embajadora y Secretaria General de la Conferencia Mundial de la ONU sobre la Mujer, y Nicole Ameline, Vicepresidenta del CEDAW de la ONU, Arborus est\u00e1 haciendo de la auditor\u00eda GEEIS una herramienta de estructuraci\u00f3n estrat\u00e9gica integral que permite a las empresas medir sus pol\u00edticas en t\u00e9rminos de igualdad y\/o diversidad profesional desde una perspectiva verdaderamente inclusiva.<\/p>\n\n\t\t<\/div>\n\t<\/div>\n<\/div><\/div><\/div><\/div><\/div><\/div><\/div><\/div><div class=\"vc_row wpb_row vc_row-fluid custom_container center_geeis_wrapper vc_custom_1687982025655\"><div class=\"wrapper_inner_geeis wpb_column vc_column_container vc_col-sm-12\"><div class=\"vc_column-inner\"><div class=\"wpb_wrapper\"><div class=\"vc_row wpb_row vc_inner vc_row-fluid bx_center_geeis vc_custom_1686599707272\"><div class=\"wpb_column vc_column_container vc_col-sm-3\"><div class=\"vc_column-inner vc_custom_1686598687447\"><div class=\"wpb_wrapper\">\n\t<div  class=\"wpb_single_image wpb_content_element vc_align_center wpb_content_element\">\n\t\t\n\t\t<figure class=\"wpb_wrapper vc_figure\">\n\t\t\t<div class=\"vc_single_image-wrapper   vc_box_border_grey\"><img loading=\"lazy\" decoding=\"async\" width=\"91\" height=\"129\" src=\"https:\/\/arborus.org\/wp-content\/uploads\/2023\/06\/labelGEIS.png\" class=\"vc_single_image-img attachment-full\" alt=\"\" srcset=\"https:\/\/arborus.org\/wp-content\/uploads\/2023\/06\/labelGEIS.png 91w, https:\/\/arborus.org\/wp-content\/uploads\/2023\/06\/labelGEIS-8x12.png 8w\" sizes=\"auto, (max-width: 91px) 100vw, 91px\" \/><\/div>\n\t\t<\/figure>\n\t<\/div>\n<\/div><\/div><\/div><div class=\"wpb_column vc_column_container vc_col-sm-9\"><div class=\"vc_column-inner\"><div class=\"wpb_wrapper\">\n\t<div class=\"wpb_text_column wpb_content_element\" >\n\t\t<div class=\"wpb_wrapper\">\n\t\t\t<h2>La etiqueta GEEIS<\/h2>\n<p>Eval\u00faa y promueve empresas con un enfoque proactivo de la igualdad profesional en todo el mundo.<\/p>\n<p><a href=\"#id_center_geeis\">M\u00e1s informaci\u00f3n<\/a><\/p>\n\n\t\t<\/div>\n\t<\/div>\n<\/div><\/div><\/div><\/div><div id=\"id_center_geeis\" class=\"vc_row wpb_row vc_inner vc_row-fluid bx_center_geeis d-none vc_custom_1686659329573\"><div class=\"wpb_column vc_column_container vc_col-sm-3\"><div class=\"vc_column-inner vc_custom_1686598687447\"><div class=\"wpb_wrapper\">\n\t<div  class=\"wpb_single_image wpb_content_element vc_align_center wpb_content_element vc_custom_1686771677128\">\n\t\t\n\t\t<figure class=\"wpb_wrapper vc_figure\">\n\t\t\t<div class=\"vc_single_image-wrapper   vc_box_border_grey\"><img loading=\"lazy\" decoding=\"async\" width=\"104\" height=\"61\" src=\"https:\/\/arborus.org\/wp-content\/uploads\/2023\/06\/LOGO-GEEIS_SS_FOND-1-1-1.png\" class=\"vc_single_image-img attachment-full\" alt=\"\" srcset=\"https:\/\/arborus.org\/wp-content\/uploads\/2023\/06\/LOGO-GEEIS_SS_FOND-1-1-1.png 104w, https:\/\/arborus.org\/wp-content\/uploads\/2023\/06\/LOGO-GEEIS_SS_FOND-1-1-1-18x12.png 18w\" sizes=\"auto, (max-width: 104px) 100vw, 104px\" \/><\/div>\n\t\t<\/figure>\n\t<\/div>\n<\/div><\/div><\/div><div class=\"wpb_column vc_column_container vc_col-sm-9\"><div class=\"vc_column-inner\"><div class=\"wpb_wrapper\">\n\t<div class=\"wpb_text_column wpb_content_element\" >\n\t\t<div class=\"wpb_wrapper\">\n\t\t\t<p>Sobre todo, es una herramienta de estructuraci\u00f3n nacional e internacional de la pol\u00edtica de D&amp;I, que permite una gesti\u00f3n global a trav\u00e9s de KPIs y benchmarks.Esta etiqueta tambi\u00e9n transmite valores, un mensaje positivo, resueltamente volcado hacia el futuro para construir un mundo mejor, respetuoso con las mujeres y los hombres en toda su diversidad, pero tambi\u00e9n con el planeta, con el fin de preparar un modelo m\u00e1s pr\u00f3spero y pac\u00edfico para las generaciones futuras.A esto se a\u00f1ade la diversidad en una dimensi\u00f3n inclusiva con GEEIS DIVERSIDADTambi\u00e9n se puede a\u00f1adir un an\u00e1lisis de la inclusividad de la IA utilizada con GEEIS IA.<\/p>\n\n\t\t<\/div>\n\t<\/div>\n<\/div><\/div><\/div><\/div><\/div><\/div><\/div><\/div><div class=\"vc_row wpb_row vc_row-fluid box_4_label vc_custom_1686626263078\"><div class=\"wpb_column vc_column_container vc_col-sm-12\"><div class=\"vc_column-inner\"><div class=\"wpb_wrapper\">\n\t<div class=\"wpb_text_column wpb_content_element\" >\n\t\t<div class=\"wpb_wrapper\">\n\t\t\t<h2 style=\"text-align: center;\">\u00bfC\u00f3mo funciona?<\/h2>\n\n\t\t<\/div>\n\t<\/div>\n<div class=\"vc_row wpb_row vc_inner vc_row-fluid\"><div class=\"wpb_column vc_column_container vc_col-sm-6\"><div class=\"vc_column-inner\"><div class=\"wpb_wrapper\">\n\t<div class=\"wpb_text_column wpb_content_element\" >\n\t\t<div class=\"wpb_wrapper\">\n\t\t\t<h3>\u00bfSOLICITAR LA CERTIFICACI\u00d3N GEEIS Y GEEIS-DIVERSIDAD?<\/h3>\n<p>Los sellos GEEIS y GEEIS-DIVERSIDAD est\u00e1n dirigidos a todos los grupos europeos e internacionales que deseen participar en la construcci\u00f3n de una sociedad m\u00e1s equitativa basada en la igualdad de g\u00e9nero y la diversidad. El marco ha sido dise\u00f1ado para todo tipo de empresas, independientemente de su tama\u00f1o, configuraci\u00f3n y actividad, en todos los pa\u00edses y en todos los continentes.<\/p>\n<h3>\u00bfObtenci\u00f3n de las etiquetas GEEIS o GEEIS-DIVERSIDAD?<\/h3>\n<p>Para obtener el GEEIS y el GEEIS-DIVERSIDAD, el grupo debe poner en marcha herramientas de direcci\u00f3n, formaci\u00f3n y comunicaci\u00f3n para trabajar por la igualdad de oportunidades. Las etiquetas se conceden tras una auditor\u00eda in situ y un estudio documental.<br \/>\nEl organismo certificador mide el nivel de los recursos aplicados y garantiza el correcto despliegue de la pol\u00edtica de RRHH en materia de igualdad profesional en la empresa matriz y en las filiales del grupo afectadas por el GEEIS o GEEIS-DIVERSIDAD. Se utiliza una serie de criterios para evaluar la participaci\u00f3n y los progresos realizados.<br \/>\nLos GEEIS o GEEIS-DIVERSIDAD se conceden durante 4 a\u00f1os, con una evaluaci\u00f3n intermedia a los 24 meses.<\/p>\n\n\t\t<\/div>\n\t<\/div>\n<\/div><\/div><\/div><div class=\"wpb_column vc_column_container vc_col-sm-6\"><div class=\"vc_column-inner\"><div class=\"wpb_wrapper\">\n\t<div  class=\"wpb_single_image wpb_content_element vc_align_center wpb_content_element\">\n\t\t\n\t\t<figure class=\"wpb_wrapper vc_figure\">\n\t\t\t<div class=\"vc_single_image-wrapper   vc_box_border_grey\"><img loading=\"lazy\" decoding=\"async\" width=\"585\" height=\"549\" src=\"https:\/\/arborus.org\/wp-content\/uploads\/2023\/06\/imgRight.png\" class=\"vc_single_image-img attachment-full\" alt=\"\" srcset=\"https:\/\/arborus.org\/wp-content\/uploads\/2023\/06\/imgRight.png 585w, https:\/\/arborus.org\/wp-content\/uploads\/2023\/06\/imgRight-300x282.png 300w, https:\/\/arborus.org\/wp-content\/uploads\/2023\/06\/imgRight-13x12.png 13w\" sizes=\"auto, (max-width: 585px) 100vw, 585px\" \/><\/div>\n\t\t<\/figure>\n\t<\/div>\n<\/div><\/div><\/div><\/div><\/div><\/div><\/div><\/div><div class=\"vc_row wpb_row vc_row-fluid box_5_label bg_color\"><div class=\"wpb_column vc_column_container vc_col-sm-12\"><div class=\"vc_column-inner\"><div class=\"wpb_wrapper\">\n\t<div class=\"wpb_text_column wpb_content_element\" >\n\t\t<div class=\"wpb_wrapper\">\n\t\t\t<h2 style=\"text-align: center;\">PROCESO DE ETIQUETADO<\/h2>\n\n\t\t<\/div>\n\t<\/div>\n<div class=\"vc_row wpb_row vc_inner vc_row-fluid box_process\"><div class=\"wpb_column vc_column_container vc_col-sm-12\"><div class=\"vc_column-inner\"><div class=\"wpb_wrapper\">\n\t<div class=\"wpb_text_column wpb_content_element itm_tabs_box\" >\n\t\t<div class=\"wpb_wrapper\">\n\t\t\t<div class=\"bx1\">\n<h3>1<\/h3>\n<div class=\"imgbx\"><img decoding=\"async\" src=\"http:\/\/arborus.org\/wp-content\/uploads\/2020\/05\/pr1.png\" \/><\/div>\n<h4>Demande de devis \u00e0<br \/>\nBureau Veritas, T\u00dcV Reinland<\/h4>\n<\/div>\n\n\t\t<\/div>\n\t<\/div>\n\n\t<div class=\"wpb_text_column wpb_content_element itm_tabs_box\" >\n\t\t<div class=\"wpb_wrapper\">\n\t\t\t<div class=\"bx1\">\n<h3>2<\/h3>\n<div class=\"imgbx\"><img decoding=\"async\" src=\"http:\/\/arborus.org\/wp-content\/uploads\/2020\/05\/pr2.png\" \/><\/div>\n<h4>Firma del contrato<br \/>\navec le certificateur<\/h4>\n<\/div>\n\n\t\t<\/div>\n\t<\/div>\n\n\t<div class=\"wpb_text_column wpb_content_element itm_tabs_box\" >\n\t\t<div class=\"wpb_wrapper\">\n\t\t\t<div class=\"bx1\">\n<h3>3<\/h3>\n<div class=\"imgbx\"><img decoding=\"async\" src=\"http:\/\/arborus.org\/wp-content\/uploads\/2020\/05\/pr3.png\" \/><\/div>\n<h4>Afiliaci\u00f3n al Fondo<br \/>\nArborus (opcional)<\/h4>\n<\/div>\n\n\t\t<\/div>\n\t<\/div>\n\n\t<div class=\"wpb_text_column wpb_content_element itm_tabs_box\" >\n\t\t<div class=\"wpb_wrapper\">\n\t\t\t<div class=\"bx1\">\n<h3>4<\/h3>\n<div class=\"imgbx\"><img decoding=\"async\" src=\"http:\/\/arborus.org\/wp-content\/uploads\/2020\/05\/pr4.png\" \/><\/div>\n<h4>Preparaci\u00f3n de la auditor\u00eda<br \/>\nsobre la base del GEEIS<\/h4>\n<\/div>\n\n\t\t<\/div>\n\t<\/div>\n\n\t<div class=\"wpb_text_column wpb_content_element itm_tabs_box\" >\n\t\t<div class=\"wpb_wrapper\">\n\t\t\t<div class=\"bx1\">\n<h3>5<\/h3>\n<div class=\"imgbx\"><img decoding=\"async\" src=\"http:\/\/arborus.org\/wp-content\/uploads\/2020\/05\/pr5.png\" \/><\/div>\n<h4>Auditor\u00eda y seguimiento durante 2 a\u00f1os<br \/>\nRenovaci\u00f3n despu\u00e9s de 2 a\u00f1os<\/h4>\n<\/div>\n\n\t\t<\/div>\n\t<\/div>\n<\/div><\/div><\/div><\/div><\/div><\/div><\/div><\/div><div class=\"vc_row wpb_row vc_row-fluid\"><div class=\"wpb_column vc_column_container vc_col-sm-12\"><div class=\"vc_column-inner\"><div class=\"wpb_wrapper\">\n\t<div class=\"wpb_raw_code wpb_raw_html wpb_content_element\" >\n\t\t<div class=\"wpb_wrapper\">\n\t\t\t\n<!-- Bootstrap core JavaScript\n    ================================================== -->\n\t<!-- Placed at the end of the document so the pages load faster -->\n\t<script src=\"https:\/\/ajax.googleapis.com\/ajax\/libs\/jquery\/1.11.1\/jquery.min.js\"><\/script>\n\t<script src=\"\/\/maxcdn.bootstrapcdn.com\/bootstrap\/3.2.0\/js\/bootstrap.min.js\"><\/script>\n\t\t<\/div>\n\t<\/div>\n<\/div><\/div><\/div><\/div>\n<\/div>","protected":false},"excerpt":{"rendered":"GEEIS, un proceso de etiquetado para la igualdad, la diversidad y la inclusi\u00f3n. El Sello de Diversidad GEEIS Se pueden analizar todos los tipos de diversidad en funci\u00f3n de las necesidades de las organizaciones y de la normativa local, lo que les permite dirigir su estrategia de D&amp;I M\u00e1s informaci\u00f3n Ante la creciente internacionalizaci\u00f3n de GEEIS y la demanda de las empresas, Arborus y [...]","protected":false},"author":3,"featured_media":0,"parent":0,"menu_order":0,"comment_status":"closed","ping_status":"closed","template":"page-templates\/no-sidebar.php","meta":{"_acf_changed":false,"footnotes":""},"class_list":["post-144","page","type-page","status-publish","hentry"],"acf":[],"_links":{"self":[{"href":"https:\/\/arborus.org\/es\/wp-json\/wp\/v2\/pages\/144","targetHints":{"allow":["GET"]}}],"collection":[{"href":"https:\/\/arborus.org\/es\/wp-json\/wp\/v2\/pages"}],"about":[{"href":"https:\/\/arborus.org\/es\/wp-json\/wp\/v2\/types\/page"}],"author":[{"embeddable":true,"href":"https:\/\/arborus.org\/es\/wp-json\/wp\/v2\/users\/3"}],"replies":[{"embeddable":true,"href":"https:\/\/arborus.org\/es\/wp-json\/wp\/v2\/comments?post=144"}],"version-history":[{"count":88,"href":"https:\/\/arborus.org\/es\/wp-json\/wp\/v2\/pages\/144\/revisions"}],"predecessor-version":[{"id":5777,"href":"https:\/\/arborus.org\/es\/wp-json\/wp\/v2\/pages\/144\/revisions\/5777"}],"wp:attachment":[{"href":"https:\/\/arborus.org\/es\/wp-json\/wp\/v2\/media?parent=144"}],"curies":[{"name":"wp","href":"https:\/\/api.w.org\/{rel}","templated":true}]}}