{"id":215,"date":"2020-05-07T16:22:40","date_gmt":"2020-05-07T14:22:40","guid":{"rendered":"https:\/\/arborus.org\/?page_id=215"},"modified":"2023-06-11T21:37:45","modified_gmt":"2023-06-11T19:37:45","slug":"publications","status":"publish","type":"page","link":"https:\/\/arborus.org\/es\/publications\/","title":{"rendered":"Publicaciones"},"content":{"rendered":"<div class=\"wpb-content-wrapper\"><div class=\"vc_row wpb_row vc_row-fluid bg_color box2_int bg_noir\"><div class=\"wpb_column vc_column_container vc_col-sm-12\"><div class=\"vc_column-inner\"><div class=\"wpb_wrapper\"><div class=\"vc_row wpb_row vc_inner vc_row-fluid\"><div class=\"slider-col-1-txt wpb_column vc_column_container vc_col-sm-6\"><div class=\"vc_column-inner\"><div class=\"wpb_wrapper\">\n\t<div class=\"wpb_text_column wpb_content_element wpb_animate_when_almost_visible wpb_fadeInLeft fadeInLeft\" >\n\t\t<div class=\"wpb_wrapper\">\n\t\t\t<h2>CADA VEZ QUE SE LEE UN BUEN LIBRO,<br \/>\nEN ALG\u00daN LUGAR DEL MUNDO UNA PUERTA<br \/>\nSE ABRE PARA QUE ENTRE M\u00c1S LUZ.<\/h2>\n<h3 style=\"text-align: left;\">-VERA NAZARIANA<\/h3>\n\n\t\t<\/div>\n\t<\/div>\n<\/div><\/div><\/div><div class=\"wpb_column vc_column_container vc_col-sm-6\"><div class=\"vc_column-inner\"><div class=\"wpb_wrapper\">\n\t<div  class=\"wpb_single_image wpb_content_element vc_align_center wpb_content_element wpb_animate_when_almost_visible wpb_fadeInRight fadeInRight\">\n\t\t\n\t\t<figure class=\"wpb_wrapper vc_figure\">\n\t\t\t<div class=\"vc_single_image-wrapper   vc_box_border_grey\"><img loading=\"lazy\" decoding=\"async\" width=\"418\" height=\"299\" src=\"https:\/\/arborus.org\/wp-content\/uploads\/2020\/05\/i01-1.png\" class=\"vc_single_image-img attachment-full\" alt=\"\" srcset=\"https:\/\/arborus.org\/wp-content\/uploads\/2020\/05\/i01-1.png 418w, https:\/\/arborus.org\/wp-content\/uploads\/2020\/05\/i01-1-300x215.png 300w\" sizes=\"auto, (max-width: 418px) 100vw, 418px\" \/><\/div>\n\t\t<\/figure>\n\t<\/div>\n<\/div><\/div><\/div><\/div><\/div><\/div><\/div><\/div><div class=\"vc_row wpb_row vc_row-fluid box_publication\"><div class=\"wpb_column vc_column_container vc_col-sm-12\"><div class=\"vc_column-inner\"><div class=\"wpb_wrapper\">\n\t<div class=\"wpb_raw_code wpb_raw_html wpb_content_element\" >\n\t\t<div class=\"wpb_wrapper\">\n\t\t\t<div class=\"row\"><div class=\"col-lg-6 col-md-12\">\r\n        <div class=\"bx_pub row\">\r\n            <div class=\"col-lg-4 col-md-12 p-0\">\r\n                <div class=\"img_link_pub\">\r\n                    <img decoding=\"async\" src=\"https:\/\/arborus.org\/wp-content\/uploads\/2024\/06\/Cover.jpg\">\r\n                    <div class=\"pub_titre purpol\">Encuesta<\/div>\r\n                <\/div>\r\n            <\/div>\r\n            <div class=\"col-lg-8 col-md-12 pl-lg-4\">\r\n                <h3>AN INTERNATIONAL GUIDE TO INCLUSIVE PARENTHOOD - ENGLISH VERSION<\/h3>\r\n                <p>Parenthood is one of the last bastions to be demolished if women and men are to achieve real professional equality. This guide offers a reflection on the subject, inspired by the practices of companies holding the GEEIS label around the world, then in a second part, sheets by geographical area, country and specific practice. English version French version<\/p>\r\n                <div class=\"lien_pub\"> <a href=\"https:\/\/arborus.org\/wp-content\/uploads\/2024\/06\/Parenting_Guide_0701.pdf\">Download<\/a> <\/div>\r\n            <\/div>\r\n\r\n        <\/div>\r\n    <\/div>\r\n<div class=\"col-lg-6 col-md-12\">\r\n        <div class=\"bx_pub row\">\r\n            <div class=\"col-lg-4 col-md-12 p-0\">\r\n                <div class=\"img_link_pub\">\r\n                    <img decoding=\"async\" src=\"https:\/\/arborus.org\/wp-content\/uploads\/2024\/09\/Guide-Parental.png\">\r\n                    <div class=\"pub_titre purpol\">Encuesta<\/div>\r\n                <\/div>\r\n            <\/div>\r\n            <div class=\"col-lg-8 col-md-12 pl-lg-4\">\r\n                <h3>GUIDE INTERNATIONAL POUR UNE PARENTALIT\u00c9 INCLUSIVE - VERSION FRAN\u00c7AISE<\/h3>\r\n                <p>La parentalit\u00e9 est un des derniers bastions \u00e0 faire tomber pour permettre aux femmes et aux hommes d'\u00eatre sur un pied d'\u00e9galit\u00e9 professionnelle r\u00e9el. Ce guide propose une r\u00e9flexion sur le sujet, inspir\u00e9e des pratiques des entreprises d\u00e9tentrices du label GEEIS dans le monde, puis dans une seconde partie, des fiches par zone g\u00e9ographique, pays et pratique sp\u00e9cifique.<\/p>\r\n                <div class=\"lien_pub\"> <a href=\"https:\/\/arborus.org\/wp-content\/uploads\/2024\/06\/Guide-Parental.pdf\">Descargar<\/a> <\/div>\r\n            <\/div>\r\n\r\n        <\/div>\r\n    <\/div>\r\n<div class=\"col-lg-6 col-md-12\">\r\n        <div class=\"bx_pub row\">\r\n            <div class=\"col-lg-4 col-md-12 p-0\">\r\n                <div class=\"img_link_pub\">\r\n                    <img decoding=\"async\" src=\"https:\/\/arborus.org\/wp-content\/uploads\/2020\/05\/ii1.png\">\r\n                    <div class=\"pub_titre purpol\">Encuesta<\/div>\r\n                <\/div>\r\n            <\/div>\r\n            <div class=\"col-lg-8 col-md-12 pl-lg-4\">\r\n                <h3>IGUALDAD PROFESIONAL Y TENER EN CUENTA EL SEXISMO Y LA VIOLENCIA EN EL TRABAJO<\/h3>\r\n                <p>\"Toda nuestra sociedad est\u00e1 enferma de sexismo\", estas son las palabras utilizadas por el Presidente de la Rep\u00fablica para describir la magnitud del desaf\u00edo cultural que debemos asumir juntos. El \u00e1mbito profesional tambi\u00e9n se ve afectado por la violencia sexista y sexual que se produce tanto dentro como fuera del lugar de trabajo y que tambi\u00e9n profundiza las desigualdades profesionales entre mujeres y hombres.<\/p>\r\n                <div class=\"lien_pub\"> <a href=\"http:\/\/arborus.org\/wp-content\/uploads\/2020\/11\/Maquette_flipBook_18_10-2.pdf\">Descargar<\/a> <\/div>\r\n            <\/div>\r\n\r\n        <\/div>\r\n    <\/div>\r\n<div class=\"col-lg-6 col-md-12\">\r\n        <div class=\"bx_pub row\">\r\n            <div class=\"col-lg-4 col-md-12 p-0\">\r\n                <div class=\"img_link_pub\">\r\n                    <img decoding=\"async\" src=\"https:\/\/arborus.org\/wp-content\/uploads\/2020\/07\/arborus-publi-1.jpg\">\r\n                    <div class=\"pub_titre purpol\">Encuesta<\/div>\r\n                <\/div>\r\n            <\/div>\r\n            <div class=\"col-lg-8 col-md-12 pl-lg-4\">\r\n                <h3>Bar\u00f3metro mundial de la paternidad<\/h3>\r\n                <p>Etapa importante en la vida de la comunidad y en la vida de un individuo, la paternidad es, sin embargo, un \u00e1rea que rara vez se explora en las encuestas de opini\u00f3n, y pocos estudios privados o p\u00fablicos identifican los efectos reales de la paternidad en la trayectoria profesional de los empleados.\r\nPocos estudios privados o p\u00fablicos identifican los efectos reales de la paternidad en la trayectoria profesional de los trabajadores.<\/p>\r\n                <div class=\"lien_pub\"> <a href=\"https:\/\/arborus.org\/es\/resultats-enquete-ow-3_vow-def-janv-2018ppt\/\">Descargar<\/a> <\/div>\r\n            <\/div>\r\n\r\n        <\/div>\r\n    <\/div>\r\n<div class=\"col-lg-6 col-md-12\">\r\n        <div class=\"bx_pub row\">\r\n            <div class=\"col-lg-4 col-md-12 p-0\">\r\n                <div class=\"img_link_pub\">\r\n                    <img decoding=\"async\" src=\"https:\/\/arborus.org\/wp-content\/uploads\/2020\/07\/arborus-publi.png\">\r\n                    <div class=\"pub_titre purpol\">Encuesta <\/div>\r\n                <\/div>\r\n            <\/div>\r\n            <div class=\"col-lg-8 col-md-12 pl-lg-4\">\r\n                <h3>RENDIMIENTO DE LAS MUJERES<\/h3>\r\n                <p>La encuesta \"El impacto de la feminizaci\u00f3n en los resultados de las empresas\" se inscribe en el marco de los trabajos anuales de la asociaci\u00f3n arborus y se inscribe en la l\u00ednea de las investigaciones-acciones llevadas a cabo por arborus desde hace 10 a\u00f1os sobre el lugar de las mujeres en las empresas y el valor a\u00f1adido que representan.<\/p>\r\n                <div class=\"lien_pub\"> <a href=\"http:\/\/arborus.org\/wp-content\/uploads\/2020\/11\/syntheseCCIP2.pdf\">Descargar<\/a> <\/div>\r\n            <\/div>\r\n\r\n        <\/div>\r\n    <\/div>\r\n<div class=\"col-lg-6 col-md-12\">\r\n        <div class=\"bx_pub row\">\r\n            <div class=\"col-lg-4 col-md-12 p-0\">\r\n                <div class=\"img_link_pub\">\r\n                    <img decoding=\"async\" src=\"https:\/\/arborus.org\/wp-content\/uploads\/2020\/07\/reussiraufemini-180x250-1.jpg\">\r\n                    <div class=\"pub_titre purpol\">Encuesta <\/div>\r\n                <\/div>\r\n            <\/div>\r\n            <div class=\"col-lg-8 col-md-12 pl-lg-4\">\r\n                <h3>PARA EL \u00c9XITO DE LAS MUJERES<\/h3>\r\n                <p>Cristina Lunghi, fundadora de arborus, ha escrito este kit para FEMANET,\r\nuna red de mujeres sindicalistas europeas.\r\nPuedes descargarlo y compartirlo con tus amigos.<\/p>\r\n                <div class=\"lien_pub\"> <a href=\"http:\/\/arborus.eu\/wp-content\/uploads\/2018\/01\/KIT_FEMANET_FR.pdf\">Descargar<\/a> <\/div>\r\n            <\/div>\r\n\r\n        <\/div>\r\n    <\/div>\r\n<div class=\"col-lg-6 col-md-12\">\r\n        <div class=\"bx_pub row\">\r\n            <div class=\"col-lg-4 col-md-12 p-0\">\r\n                <div class=\"img_link_pub\">\r\n                    <img decoding=\"async\" src=\"https:\/\/arborus.org\/wp-content\/uploads\/2020\/07\/arborus-publi.jpg\">\r\n                    <div class=\"pub_titre livre\">Libro<\/div>\r\n                <\/div>\r\n            <\/div>\r\n            <div class=\"col-lg-8 col-md-12 pl-lg-4\">\r\n                <h3>Defensa de la igualdad<\/h3>\r\n                <p>En un contexto ca\u00f3tico, en el que se habla de cambio de sistema y de sociedad, en v\u00edsperas de las elecciones europeas, el autor ofrece una inspiradora reflexi\u00f3n sobre el mundo que est\u00e1 tomando forma. Su original enfoque pretende dar una nueva mirada al mundo a trav\u00e9s del tema de la igualdad entre mujeres y hombres. <\/p>\r\n                <div class=\"lien_pub\"> <a href=\"https:\/\/www.amazon.fr\/Plaidoyer-pour-l%C3%A9galit%C3%A9-Ann%C3%A9e-z%C3%A9ro\/dp\/2343162611\">Comprar<\/a> <\/div>\r\n            <\/div>\r\n\r\n        <\/div>\r\n    <\/div>\r\n<div class=\"col-lg-6 col-md-12\">\r\n        <div class=\"bx_pub row\">\r\n            <div class=\"col-lg-4 col-md-12 p-0\">\r\n                <div class=\"img_link_pub\">\r\n                    <img decoding=\"async\" src=\"https:\/\/arborus.org\/wp-content\/uploads\/2020\/07\/couverture-Guide-du-Club-du-Label-Egalite\u0301.png\">\r\n                    <div class=\"pub_titre livre\">Libro<\/div>\r\n                <\/div>\r\n            <\/div>\r\n            <div class=\"col-lg-8 col-md-12 pl-lg-4\">\r\n                <h3>10 A\u00d1OS DE IGUALDAD PROFESIONAL EN LA PR\u00c1CTICA, PUBLICADO POR L'HARMATTAN<\/h3>\r\n                <p>Se trata de una fuerte se\u00f1al del Estado, que afirma as\u00ed la no fungibilidad de la igualdad entre mujeres y hombres en la diversidad. Con motivo del d\u00e9cimo aniversario del sello, las empresas y organismos p\u00fablicos miembros del Club del Sello de Igualdad han querido compartir sus experiencias. Aportan luz sobre el impacto de los procesos aplicados. El Sello de Igualdad es, pues, una herramienta concreta para el cambio cultural hacia una mayor igualdad.<\/p>\r\n                <div class=\"lien_pub\"> <a href=\"http:\/\/www.editions-harmattan.fr\/index.asp?navig=catalogue&obj=livre&no=45309%20\">Comprar<\/a> <\/div>\r\n            <\/div>\r\n\r\n        <\/div>\r\n    <\/div>\r\n<div class=\"col-lg-6 col-md-12\">\r\n        <div class=\"bx_pub row\">\r\n            <div class=\"col-lg-4 col-md-12 p-0\">\r\n                <div class=\"img_link_pub\">\r\n                    <img decoding=\"async\" src=\"https:\/\/arborus.org\/wp-content\/uploads\/2020\/07\/ET-SI-LES-FEMMES-REINVENTAIENT-LE-TRAVAIL.png\">\r\n                    <div class=\"pub_titre livre\">Libro<\/div>\r\n                <\/div>\r\n            <\/div>\r\n            <div class=\"col-lg-8 col-md-12 pl-lg-4\">\r\n                <h3>Y SI LAS MUJERES REINVENTARAN EL TRABAJO<\/h3>\r\n                <p>A lo largo del siglo XX, las mujeres han luchado mucho para adquirir derechos y ser reconocidas como libres e iguales a los hombres: derecho al voto en 1945, derecho a tener una chequera en 1963, derecho al aborto en 1974, etc.\r\nPero uno de los mayores trastornos de nuestra sociedad es la entrada masiva de las mujeres en el mercado laboral. [...]<\/p>\r\n                <div class=\"lien_pub\"> <a href=\"https:\/\/www.eyrolles.com\/Loisirs\/Livre\/et-si-les-femmes-reinventaient-le-travail-9782708126824\">Comprar<\/a> <\/div>\r\n            <\/div>\r\n\r\n        <\/div>\r\n    <\/div>\r\n<div class=\"col-lg-6 col-md-12\">\r\n        <div class=\"bx_pub row\">\r\n            <div class=\"col-lg-4 col-md-12 p-0\">\r\n                <div class=\"img_link_pub\">\r\n                    <img decoding=\"async\" src=\"https:\/\/arborus.org\/wp-content\/uploads\/2020\/07\/egalite_professionnelle_en_pratique.png\">\r\n                    <div class=\"pub_titre livre\">Libro<\/div>\r\n                <\/div>\r\n            <\/div>\r\n            <div class=\"col-lg-8 col-md-12 pl-lg-4\">\r\n                <h3>LA IGUALDAD PROFESIONAL EN LA PR\u00c1CTICA ESTE LIBRO VA ACOMPA\u00d1ADO DE UN CD-ROM<\/h3>\r\n                <p>Para promover la igualdad profesional entre hombres y mujeres, la ley de 9 de mayo de 2001 prev\u00e9 la negociaci\u00f3n colectiva anual para todas las empresas de m\u00e1s de 50 trabajadores. Esta negociaci\u00f3n se basa en un\u00a0<b data-stringify-type=\"bold\">informe de situaci\u00f3n comparativo<\/b> elaborado por el empresario y\r\ndifundido al comit\u00e9 de empresa y a los sindicatos, y cuyo contenido est\u00e1 definido por la ley[...].<\/p>\r\n                <div class=\"lien_pub\"> <a href=\"https:\/\/www.eyrolles.com\/Entreprise\/Livre\/l-egalite-professionnelle-en-pratique-9782708129245\">Comprar <\/a> <\/div>\r\n            <\/div>\r\n\r\n        <\/div>\r\n    <\/div>\r\n<\/div>\n\t\t<\/div>\n\t<\/div>\n<\/div><\/div><\/div><\/div>\n<\/div>","protected":false},"excerpt":{"rendered":"","protected":false},"author":3,"featured_media":0,"parent":0,"menu_order":0,"comment_status":"closed","ping_status":"closed","template":"page-templates\/no-sidebar.php","meta":{"_acf_changed":false,"footnotes":""},"class_list":["post-215","page","type-page","status-publish","hentry"],"acf":[],"_links":{"self":[{"href":"https:\/\/arborus.org\/es\/wp-json\/wp\/v2\/pages\/215","targetHints":{"allow":["GET"]}}],"collection":[{"href":"https:\/\/arborus.org\/es\/wp-json\/wp\/v2\/pages"}],"about":[{"href":"https:\/\/arborus.org\/es\/wp-json\/wp\/v2\/types\/page"}],"author":[{"embeddable":true,"href":"https:\/\/arborus.org\/es\/wp-json\/wp\/v2\/users\/3"}],"replies":[{"embeddable":true,"href":"https:\/\/arborus.org\/es\/wp-json\/wp\/v2\/comments?post=215"}],"version-history":[{"count":15,"href":"https:\/\/arborus.org\/es\/wp-json\/wp\/v2\/pages\/215\/revisions"}],"predecessor-version":[{"id":4466,"href":"https:\/\/arborus.org\/es\/wp-json\/wp\/v2\/pages\/215\/revisions\/4466"}],"wp:attachment":[{"href":"https:\/\/arborus.org\/es\/wp-json\/wp\/v2\/media?parent=215"}],"curies":[{"name":"wp","href":"https:\/\/api.w.org\/{rel}","templated":true}]}}