{"id":4461,"date":"2023-06-09T20:00:07","date_gmt":"2023-06-09T18:00:07","guid":{"rendered":"https:\/\/arborus-v3.awebi-lab.com\/?page_id=4461"},"modified":"2023-06-09T20:00:07","modified_gmt":"2023-06-09T18:00:07","slug":"presse","status":"publish","type":"page","link":"https:\/\/arborus.org\/es\/presse\/","title":{"rendered":"Pulse"},"content":{"rendered":"<div class=\"wpb-content-wrapper\"><div class=\"vc_row wpb_row vc_row-fluid box_ev_acc vc_custom_1594291239618\"><div class=\"wpb_column vc_column_container vc_col-sm-12\"><div class=\"vc_column-inner\"><div class=\"wpb_wrapper\">\n\t<div class=\"wpb_text_column wpb_content_element vc_custom_1686333569234\" >\n\t\t<div class=\"wpb_wrapper\">\n\t\t\t<h2 style=\"text-align: center;\">NUESTROS ART\u00cdCULOS DE PRENSA<\/h2>\n<h2 style=\"text-align: center;\"><\/h2>\n\n\t\t<\/div>\n\t<\/div>\n\n\t<div class=\"wpb_raw_code wpb_raw_html wpb_content_element\" >\n\t\t<div class=\"wpb_wrapper\">\n\t\t\t<div id=\"accordion\"><div class=\"card\">\n    <div class=\"row\">\n        <div class=\"col\">\n            <div class=\"bx_filter\">\n                <div class=\"form-group year\">\n                    <label>Por fecha<\/label>\n                    <select id=\"filter-by-year\">\n                        <option value=\"\">Todos<\/option>\n                        <option value=\"2023\">2023<\/option>\n                        <option value=\"2022\">2022<\/option>\n                        <option value=\"2020\">2020<\/option>\n                        <option value=\"2019\">2019<\/option>\n                        <option value=\"2018\">2018<\/option>\n                        <option value=\"2017\">2017<\/option>\n                    <\/select>\n                <\/div>\n                <div class=\"form-group country\">\n                    <label>Por pa\u00eds<\/label>\n                    <select id=\"filter-by-country\"><option value=\"17\">Otros<\/option><option value=\"8\">Egipto<\/option><option value=\"18\">Emiratos \u00c1rabes Unidos<\/option><option value=\"6\">Francia<\/option><option value=\"5\">Internacional<\/option><option value=\"10\">Italia<\/option><option value=\"9\">T\u00fanez<\/option><\/select>\n                <\/div>\n            <\/div>\n        <\/div>\n    <\/div>\n    <div>\n        <div class=\"card-body row\"><div class=\"col-lg-3 col-md-6 col-12\">\n                        <div class=\"bx1_event event_atic\">\n                            <div class=\"img_event_single\"><img decoding=\"async\" src=\"https:\/\/arborus.org\/wp-content\/uploads\/2025\/01\/INSPIRING-LEADERS-768x571.jpeg\" style=\"\"><\/div>\n                            <h3><a href=\"https:\/\/arborus.org\/es\/top-10-inspiring-leaders\/\">TOP 10\u00a0Inspiring\u00a0Leaders<\/a><\/h3>\n                            <p>Cristina LUNGHI a \u00e9t\u00e9 identifi\u00e9e comme une des TOP Leaders 2024&nbsp;&nbsp;par le<\/p>\n                            <div class=\"lire_artic\"><a href=\"https:\/\/arborus.org\/es\/top-10-inspiring-leaders\/\">leer el art\u00edculo<\/a><\/div>\n                        <\/div>\n                    <\/div><div class=\"col-lg-3 col-md-6 col-12\">\n                        <div class=\"bx1_event event_atic\">\n                            <div class=\"img_event_single\"><img decoding=\"async\" src=\"https:\/\/arborus.org\/wp-content\/uploads\/2024\/06\/01102268109734-web-tete-768x432.webp\" style=\"\"><\/div>\n                            <h3><a href=\"https:\/\/arborus.org\/es\/tribune-collective-votez-pour-legalite\/\">Opini\u00f3n del grupo: \u00a1Vota por la igualdad!<\/a><\/h3>\n                            <p>Junto con Elisabeth Moreno, Marie Eloy y Alexia Reiss, he firmado el dictamen colectivo de la<\/p>\n                            <div class=\"lire_artic\"><a href=\"https:\/\/arborus.org\/es\/tribune-collective-votez-pour-legalite\/\">leer el art\u00edculo<\/a><\/div>\n                        <\/div>\n                    <\/div><div class=\"col-lg-3 col-md-6 col-12\">\n                        <div class=\"bx1_event event_atic\">\n                            <div class=\"img_event_single\"><img decoding=\"async\" src=\"https:\/\/arborus.org\/wp-content\/uploads\/2023\/03\/La-parite\u0301-dans-la-tech-768x900.jpeg\" style=\"\"><\/div>\n                            <h3><a href=\"https:\/\/arborus.org\/es\/22-fevrier-2023-publication-dans-les-echos-dune-tribune-collective-sur-les-enjeux-de-lia-si-elle-nest-pas-inclusive\/\">22 de febrero de 2023, publicaci\u00f3n en Les Echos de un art\u00edculo de opini\u00f3n colectiva sobre los retos de la IA.<\/a><\/h3>\n                            <p>El colectivo pasa a la acci\u00f3n en este art\u00edculo titulado \"Paridad en tecnolog\u00eda: una emergencia, pero tambi\u00e9n un reto\".<\/p>\n                            <div class=\"lire_artic\"><a href=\"https:\/\/arborus.org\/es\/22-fevrier-2023-publication-dans-les-echos-dune-tribune-collective-sur-les-enjeux-de-lia-si-elle-nest-pas-inclusive\/\">leer el art\u00edculo<\/a><\/div>\n                        <\/div>\n                    <\/div><div class=\"col-lg-3 col-md-6 col-12\">\n                        <div class=\"bx1_event event_atic\">\n                            <div class=\"img_event_single\"><img decoding=\"async\" src=\"https:\/\/arborus.org\/wp-content\/uploads\/2021\/05\/GEEISSDG.png\" style=\"\"><\/div>\n                            <h3><a href=\"https:\/\/arborus.org\/es\/communique-de-presse-trophees-geeis-sdg-edition-2021\/\">COMUNICADO DE PRENSA - PREMIOS GEEIS-SDG EDICI\u00d3N 2021<\/a><\/h3>\n                            <p><\/p>\n                            <div class=\"lire_artic\"><a href=\"https:\/\/arborus.org\/es\/communique-de-presse-trophees-geeis-sdg-edition-2021\/\">leer el art\u00edculo<\/a><\/div>\n                        <\/div>\n                    <\/div><div class=\"col-lg-3 col-md-6 col-12\">\n                        <div class=\"bx1_event event_atic\">\n                            <div class=\"img_event_single\"><img decoding=\"async\" src=\"https:\/\/arborus.org\/wp-content\/uploads\/2020\/07\/Capture-d\u2019e\u0301cran-2020-07-23-a\u0300-10.48.59.png\" style=\"\"><\/div>\n                            <h3><a href=\"https:\/\/arborus.org\/es\/actu-ia-3-questions-a-cristina-lunghi\/\">AI News - 3 PREGUNTAS A CRISTINA LUNGHI<\/a><\/h3>\n                            <p>Arborus y Orange presentaron el 21 de abril de 2020 la Carta Internacional de Inteligencia<\/p>\n                            <div class=\"lire_artic\"><a href=\"https:\/\/arborus.org\/es\/actu-ia-3-questions-a-cristina-lunghi\/\">leer el art\u00edculo<\/a><\/div>\n                        <\/div>\n                    <\/div><div class=\"col-lg-3 col-md-6 col-12\">\n                        <div class=\"bx1_event event_atic\">\n                            <div class=\"img_event_single\"><img decoding=\"async\" src=\"https:\/\/arborus.org\/wp-content\/uploads\/2021\/06\/Capture-d\u2019e\u0301cran-2021-06-08-a\u0300-18.36.14-768x211.png\" style=\"\"><\/div>\n                            <h3><a href=\"https:\/\/arborus.org\/es\/actu-ia-retour-sur-le-premier-anniversaire-de-la-charte-internationale-pour-une-ia-inclusive\/\">AI News - REVISI\u00d3N DEL PRIMER ANIVERSARIO DE LA CARTA INTERNACIONAL PARA LA IA INCLUSIVA<\/a><\/h3>\n                            <p>La Carta Internacional para la Inteligencia Artificial Inclusiva celebr\u00f3 su primer<\/p>\n                            <div class=\"lire_artic\"><a href=\"https:\/\/arborus.org\/es\/actu-ia-retour-sur-le-premier-anniversaire-de-la-charte-internationale-pour-une-ia-inclusive\/\">leer el art\u00edculo<\/a><\/div>\n                        <\/div>\n                    <\/div><div class=\"col-lg-3 col-md-6 col-12\">\n                        <div class=\"bx1_event event_atic\">\n                            <div class=\"img_event_single\"><img decoding=\"async\" src=\"https:\/\/arborus.org\/wp-content\/uploads\/2021\/03\/Capture-d\u2019e\u0301cran-2021-03-24-a\u0300-09.22.44.png\" style=\"\"><\/div>\n                            <h3><a href=\"https:\/\/arborus.org\/es\/journal-special-des-societes-la-charte-internationale-pour-une-ia-inclusive-souffle-sa-premiere-bougie\/\">Journal Sp\u00e9cial des Soci\u00e9t\u00e9s - LA CARTA INTERNACIONAL PARA LA IA INCLUSIVA DA SU PRIMER GOLPE<\/a><\/h3>\n                            <p>El 21 de abril, bajo el patrocinio de Cedric O, Secretario de Estado de Medio Ambiente, el<\/p>\n                            <div class=\"lire_artic\"><a href=\"https:\/\/arborus.org\/es\/journal-special-des-societes-la-charte-internationale-pour-une-ia-inclusive-souffle-sa-premiere-bougie\/\">leer el art\u00edculo<\/a><\/div>\n                        <\/div>\n                    <\/div><div class=\"col-lg-3 col-md-6 col-12\">\n                        <div class=\"bx1_event event_atic\">\n                            <div class=\"img_event_single\"><img decoding=\"async\" src=\"https:\/\/arborus.org\/wp-content\/uploads\/2021\/01\/Capture-d\u2019e\u0301cran-2021-01-27-a\u0300-16.27.04-768x285.png\" style=\"\"><\/div>\n                            <h3><a href=\"https:\/\/arborus.org\/es\/focusrh-un-label-pour-favoriser-une-ia-inclusive\/\">FocusRH - UNA ETIQUETA PARA PROMOVER LA IA INCLUSIVA<\/a><\/h3>\n                            <p>\"Diez a\u00f1os despu\u00e9s de la creaci\u00f3n de la etiqueta GEEIS (Gender equality european and international standard),<\/p>\n                            <div class=\"lire_artic\"><a href=\"https:\/\/arborus.org\/es\/focusrh-un-label-pour-favoriser-une-ia-inclusive\/\">leer el art\u00edculo<\/a><\/div>\n                        <\/div>\n                    <\/div><div class=\"col-lg-3 col-md-6 col-12\">\n                        <div class=\"bx1_event event_atic\">\n                            <div class=\"img_event_single\"><img decoding=\"async\" src=\"https:\/\/arborus.org\/wp-content\/uploads\/2021\/01\/Capture-d\u2019e\u0301cran-2021-01-07-a\u0300-21.02.24.png\" style=\"\"><\/div>\n                            <h3><a href=\"https:\/\/arborus.org\/es\/b-smart-femmes-et-entreprises-le-plafond-de-verre\/\">B Smart - MUJERES Y EMPRESAS, \u00bfel techo de cristal?<\/a><\/h3>\n                            <p>Cristina Lunghi, presidenta y fundadora de Arborus, invitada al programa de Arnaud Ardoin<\/p>\n                            <div class=\"lire_artic\"><a href=\"https:\/\/arborus.org\/es\/b-smart-femmes-et-entreprises-le-plafond-de-verre\/\">leer el art\u00edculo<\/a><\/div>\n                        <\/div>\n                    <\/div><div class=\"col-lg-3 col-md-6 col-12\">\n                        <div class=\"bx1_event event_atic\">\n                            <div class=\"img_event_single\"><img decoding=\"async\" src=\"https:\/\/arborus.org\/wp-content\/uploads\/2021\/04\/Capture-d\u2019e\u0301cran-2021-04-22-a\u0300-12.34.04.png\" style=\"\"><\/div>\n                            <h3><a href=\"https:\/\/arborus.org\/es\/opinion-internationale-mettons-lintelligence-artificielle-au-service-de-legalite-femmes-hommes-le-combat-de-cristina-lunghi-et-darborus\/\">OPINI\u00d3N INTERNACIONAL \"Pongamos la inteligencia artificial al servicio de la igualdad de g\u00e9nero\": la lucha de Cristina Lunghi y Arborus<\/a><\/h3>\n                            <p>El mi\u00e9rcoles 21 de abril de 2021, en el Ministerio de Econom\u00eda franc\u00e9s en Bercy, la Carta<\/p>\n                            <div class=\"lire_artic\"><a href=\"https:\/\/arborus.org\/es\/opinion-internationale-mettons-lintelligence-artificielle-au-service-de-legalite-femmes-hommes-le-combat-de-cristina-lunghi-et-darborus\/\">leer el art\u00edculo<\/a><\/div>\n                        <\/div>\n                    <\/div><div class=\"col-lg-3 col-md-6 col-12\">\n                        <div class=\"bx1_event event_atic\">\n                            <div class=\"img_event_single\"><img decoding=\"async\" src=\"https:\/\/arborus.org\/wp-content\/uploads\/2021\/04\/1st-International-Charter-for-Inclusive-AI-1.png\" style=\"\"><\/div>\n                            <h3><a href=\"https:\/\/arborus.org\/es\/retombees-presse-suite-au-lancement-de-la-1ere-charte-internationale-pour-une-ia-inclusive-en-partenariat-avec-orange\/\">REVISI\u00d3N DE PRENSA 2020 - Lanzamiento de la Carta Internacional para la IA Inclusiva, en colaboraci\u00f3n con Orange<\/a><\/h3>\n                            <p>Encuentre en este documento toda nuestra cobertura de prensa y medios sociales:<\/p>\n                            <div class=\"lire_artic\"><a href=\"https:\/\/arborus.org\/es\/retombees-presse-suite-au-lancement-de-la-1ere-charte-internationale-pour-une-ia-inclusive-en-partenariat-avec-orange\/\">leer el art\u00edculo<\/a><\/div>\n                        <\/div>\n                    <\/div><div class=\"col-lg-3 col-md-6 col-12\">\n                        <div class=\"bx1_event event_atic\">\n                            <div class=\"img_event_single\"><img decoding=\"async\" src=\"https:\/\/arborus.org\/wp-content\/uploads\/2021\/03\/Capture-d\u2019e\u0301cran-2021-03-26-a\u0300-10.02.37-768x390.png\" style=\"\"><\/div>\n                            <h3><a href=\"https:\/\/arborus.org\/es\/avec-ses-algorithmes-biaises-et-machistes-lia-est-de-nature-a-reproduire-des-stereotypes-deja-existants\/\">EMPRESA: \"Con sus algoritmos sesgados y machistas, la IA probablemente reproducir\u00e1 los estereotipos ya existentes\".<\/a><\/h3>\n                            <p>Isabelle Jouanneau - Entreprendre destaca la labor del Fondo Arborus y de Cristina<\/p>\n                            <div class=\"lire_artic\"><a href=\"https:\/\/arborus.org\/es\/avec-ses-algorithmes-biaises-et-machistes-lia-est-de-nature-a-reproduire-des-stereotypes-deja-existants\/\">leer el art\u00edculo<\/a><\/div>\n                        <\/div>\n                    <\/div><div class=\"default_pagination\"><ul class='page-numbers'>\n\t<li><span aria-current=\"page\" class=\"page-numbers current\">1<\/span><\/li>\n\t<li><a class=\"page-numbers\" href=\"https:\/\/arborus.org\/es\/wp-json\/wp\/v2\/pages\/4461\/page\/2\/\">2<\/a><\/li>\n\t<li><a class=\"page-numbers\" href=\"https:\/\/arborus.org\/es\/wp-json\/wp\/v2\/pages\/4461\/page\/3\/\">3<\/a><\/li>\n\t<li><a class=\"next page-numbers\" href=\"https:\/\/arborus.org\/es\/wp-json\/wp\/v2\/pages\/4461\/page\/2\/\">\"<\/a><\/li>\n<\/ul>\n<\/div>\n        <\/div>\n    <\/div>\n<\/div><\/div>\n\t\t<\/div>\n\t<\/div>\n<\/div><\/div><\/div><\/div>\n<\/div>","protected":false},"excerpt":{"rendered":"Isabelle Jouanneau \u2013 Entreprendre met en lumi\u00e8re le travail du Fond Arborus et de Cristina Lunghi qui soutien une IA inclusive avec la premi\u00e8re Charte Internationale pour une IA inclusive, en partenariat avec Orange, et le label GEEIS-AI qui permet aux entreprises de s\u2019\u00e9valuer sur la double th\u00e9matique de l\u2019\u00e9galit\u00e9 femmes-hommes et de l\u2019IA inclusive. [...]","protected":false},"author":3,"featured_media":0,"parent":0,"menu_order":0,"comment_status":"closed","ping_status":"closed","template":"page-templates\/no-sidebar.php","meta":{"_acf_changed":false,"footnotes":""},"class_list":["post-4461","page","type-page","status-publish","hentry"],"acf":[],"_links":{"self":[{"href":"https:\/\/arborus.org\/es\/wp-json\/wp\/v2\/pages\/4461","targetHints":{"allow":["GET"]}}],"collection":[{"href":"https:\/\/arborus.org\/es\/wp-json\/wp\/v2\/pages"}],"about":[{"href":"https:\/\/arborus.org\/es\/wp-json\/wp\/v2\/types\/page"}],"author":[{"embeddable":true,"href":"https:\/\/arborus.org\/es\/wp-json\/wp\/v2\/users\/3"}],"replies":[{"embeddable":true,"href":"https:\/\/arborus.org\/es\/wp-json\/wp\/v2\/comments?post=4461"}],"version-history":[{"count":1,"href":"https:\/\/arborus.org\/es\/wp-json\/wp\/v2\/pages\/4461\/revisions"}],"predecessor-version":[{"id":4462,"href":"https:\/\/arborus.org\/es\/wp-json\/wp\/v2\/pages\/4461\/revisions\/4462"}],"wp:attachment":[{"href":"https:\/\/arborus.org\/es\/wp-json\/wp\/v2\/media?parent=4461"}],"curies":[{"name":"wp","href":"https:\/\/api.w.org\/{rel}","templated":true}]}}