{"id":7,"date":"2020-05-02T17:28:10","date_gmt":"2020-05-02T15:28:10","guid":{"rendered":"https:\/\/arborus.org\/?page_id=7"},"modified":"2024-04-19T02:15:59","modified_gmt":"2024-04-19T00:15:59","slug":"accueil","status":"publish","type":"page","link":"https:\/\/arborus.org\/es\/","title":{"rendered":"INICIO"},"content":{"rendered":"<div class=\"wpb-content-wrapper\"><div class=\"vc_row wpb_row vc_row-fluid bg_color home1 vc_custom_1592980932077 vc_row-has-fill\"><div class=\"wpb_column vc_column_container vc_col-sm-12\"><div class=\"vc_column-inner\"><div class=\"wpb_wrapper\"><div class=\"vc_row wpb_row vc_inner vc_row-fluid txt_top\"><div class=\"wpb_column vc_column_container vc_col-sm-12\"><div class=\"vc_column-inner\"><div class=\"wpb_wrapper\">\n\t<div class=\"wpb_text_column wpb_content_element wpb_animate_when_almost_visible wpb_fadeInRight fadeInRight\" >\n\t\t<div class=\"wpb_wrapper\">\n\t\t\t<h2>PARA <strong>UN MUNDO MEJOR<\/strong> DE IGUALDAD, INCLUSI\u00d3N Y SOSTENIBILIDAD <strong>CON GEEIS<\/strong> LA PRIMERA CERTIFICACI\u00d3N EUROPEA E INTERNACIONAL DEL MUNDO<\/h2>\n\n\t\t<\/div>\n\t<\/div>\n<\/div><\/div><\/div><\/div><\/div><\/div><\/div><\/div><div class=\"vc_row wpb_row vc_row-fluid box_home1\"><div class=\"act_home_top wpb_animate_when_almost_visible wpb_fadeInLeft fadeInLeft wpb_column vc_column_container vc_col-sm-12\"><div class=\"vc_column-inner\"><div class=\"wpb_wrapper\">\n\t<div class=\"wpb_text_column wpb_content_element\" >\n\t\t<div class=\"wpb_wrapper\">\n\t\t\t<h2>NOTICIAS<\/h2>\n\n\t\t<\/div>\n\t<\/div>\n\n<div class=\"vc_grid-container-wrapper vc_clearfix vc_grid-animation-zoomIn\">\n\t<div class=\"vc_grid-container vc_clearfix wpb_content_element vc_masonry_grid\" data-initial-loading-animation=\"zoomIn\" data-vc-grid-settings=\"{&quot;page_id&quot;:7,&quot;style&quot;:&quot;all-masonry&quot;,&quot;action&quot;:&quot;vc_get_vc_grid_data&quot;,&quot;shortcode_id&quot;:&quot;1713485611030-8dac1e7c81f62ad3096886f16a8db3fb-4&quot;,&quot;tag&quot;:&quot;vc_masonry_grid&quot;}\" data-vc-request=\"https:\/\/arborus.org\/wp-admin\/admin-ajax.php\" data-vc-post-id=\"7\" data-vc-public-nonce=\"a6e1d7e0e5\">\n\t\t\n\t<\/div>\n<\/div>\n\t<div class=\"wpb_raw_code wpb_raw_html wpb_content_element\" >\n\t\t<div class=\"wpb_wrapper\">\n\t\t\t<div class=\"view-all\">\n<a href=\"\/es\/tous-nos-articles\/\"><span class=\"plus\">+<\/span> Ver todas las noticias<\/a>\n<\/div>\n\t\t<\/div>\n\t<\/div>\n<\/div><\/div><\/div><\/div><div class=\"vc_row wpb_row vc_row-fluid box_home2 wpb_animate_when_almost_visible wpb_fadeInUp fadeInUp\"><div class=\"wpb_column vc_column_container vc_col-sm-12\"><div class=\"vc_column-inner\"><div class=\"wpb_wrapper\"><div class=\"vc_row wpb_row vc_inner vc_row-fluid max_width_home\"><div class=\"wpb_column vc_column_container vc_col-sm-12\"><div class=\"vc_column-inner\"><div class=\"wpb_wrapper\">\n\t<div class=\"wpb_text_column wpb_content_element wpb_animate_when_almost_visible wpb_fadeInDown fadeInDown tit_activ\" >\n\t\t<div class=\"wpb_wrapper\">\n\t\t\t<h2 style=\"text-align: center; text-transform: uppercase;\">Publicaci\u00f3n Cristina Lunghi<\/h2>\n\n\t\t<\/div>\n\t<\/div>\n\n\t<div class=\"wpb_text_column wpb_content_element wpb_animate_when_almost_visible wpb_fadeInUp fadeInUp\" >\n\t\t<div class=\"wpb_wrapper\">\n\t\t\t<style>.wp-show-posts-columns#wpsp-1614 {margin-left: -2em; }.wp-show-posts-columns#wpsp-1614 .wp-show-posts-inner {margin: 0 0 2em 2em; }<\/style><section id=\"wpsp-1614\" class=\"wp-show-posts-columns wp-show-posts\" style=\"\"><article class=\"wp-show-posts-single post-5537 post type-post status-publish format-standard has-post-thumbnail hentry category-actualites category-international category-publication-cristina-lunghi wpsp-col-4\" itemtype=\"http:\/\/schema.org\/CreativeWork\" itemscope><div class=\"wp-show-posts-inner\" style=\"\">\t\t\t\t\t\t<header class=\"wp-show-posts-entry-header\">\n\t\t\t\t\t\t\t<h2 class=\"wp-show-posts-entry-title\" itemprop=\"headline\"><a href=\"https:\/\/arborus.org\/es\/guide-international-pour-une-parentalite-inclusive\/\" rel=\"bookmark\">GUIDE INTERNATIONAL POUR UNE PARENTALIT\u00c9 INCLUSIVE<\/a><\/h2>\t\t\t\t\t\t<\/header><!-- .entry-header -->\n\t\t\t\t\t\t\t<div class=\"wp-show-posts-image  wpsp-image-center\">\n\t\t\t<a href=\"https:\/\/arborus.org\/es\/guide-international-pour-une-parentalite-inclusive\/\"  title=\"GUIDE INTERNATIONAL POUR UNE PARENTALIT\u00c9 INCLUSIVE\"><img loading=\"lazy\" decoding=\"async\" width=\"1414\" height=\"2000\" src=\"https:\/\/arborus.org\/wp-content\/uploads\/2024\/06\/Cover.jpg\" class=\"attachment-full size-full wp-post-image\" alt=\"\" itemprop=\"image\" srcset=\"https:\/\/arborus.org\/wp-content\/uploads\/2024\/06\/Cover.jpg 1414w, https:\/\/arborus.org\/wp-content\/uploads\/2024\/06\/Cover-212x300.jpg 212w, https:\/\/arborus.org\/wp-content\/uploads\/2024\/06\/Cover-724x1024.jpg 724w, https:\/\/arborus.org\/wp-content\/uploads\/2024\/06\/Cover-768x1086.jpg 768w, https:\/\/arborus.org\/wp-content\/uploads\/2024\/06\/Cover-1086x1536.jpg 1086w, https:\/\/arborus.org\/wp-content\/uploads\/2024\/06\/Cover-8x12.jpg 8w, https:\/\/arborus.org\/wp-content\/uploads\/2024\/06\/Cover-1320x1867.jpg 1320w\" sizes=\"auto, (max-width: 1414px) 100vw, 1414px\" \/><\/a>\t\t<\/div>\n\t\t\t\t\t\t\t\t<div class=\"wp-show-posts-entry-summary\" itemprop=\"text\">\n\t\t\t\t\t\t\t<p>La paternidad es uno de los \u00faltimos bastiones que hay que derribar para que mujeres y hombres est\u00e9n en pie de aut\u00e9ntica igualdad profesional. Esta gu\u00eda examina...<\/p>\n\t\t\t\t\t\t<\/div><!-- .entry-summary -->\n\t\t\t\t\t<div class=\"wpsp-read-more\"><a title=\"GUIDE INTERNATIONAL POUR UNE PARENTALIT\u00c9 INCLUSIVE\" class=\"wp-show-posts-read-more\" href=\"https:\/\/arborus.org\/es\/guide-international-pour-une-parentalite-inclusive\/\">leer el art\u00edculo<\/a><\/div><\/div><!-- wp-show-posts-inner --><\/article><article class=\"wp-show-posts-single post-4367 post type-post status-publish format-standard has-post-thumbnail hentry category-actualites category-france category-presse category-publication-cristina-lunghi tag-charte tag-charte-ia-inclusive tag-geeis tag-geeis-ai tag-ia tag-ia-inclusive tag-les-echos tag-tribune wpsp-col-4\" itemtype=\"http:\/\/schema.org\/CreativeWork\" itemscope><div class=\"wp-show-posts-inner\" style=\"\">\t\t\t\t\t\t<header class=\"wp-show-posts-entry-header\">\n\t\t\t\t\t\t\t<h2 class=\"wp-show-posts-entry-title\" itemprop=\"headline\"><a href=\"https:\/\/arborus.org\/es\/22-fevrier-2023-publication-dans-les-echos-dune-tribune-collective-sur-les-enjeux-de-lia-si-elle-nest-pas-inclusive\/\" rel=\"bookmark\">22 de febrero de 2023, publicaci\u00f3n en Les Echos de un art\u00edculo de opini\u00f3n colectiva sobre los retos de la IA.<\/a><\/h2>\t\t\t\t\t\t<\/header><!-- .entry-header -->\n\t\t\t\t\t\t\t<div class=\"wp-show-posts-image  wpsp-image-center\">\n\t\t\t<a href=\"https:\/\/arborus.org\/es\/22-fevrier-2023-publication-dans-les-echos-dune-tribune-collective-sur-les-enjeux-de-lia-si-elle-nest-pas-inclusive\/\"  title=\"22 de febrero de 2023, publicaci\u00f3n en Les Echos de un art\u00edculo de opini\u00f3n colectiva sobre los retos de la IA.\"><img loading=\"lazy\" decoding=\"async\" width=\"1212\" height=\"1420\" src=\"https:\/\/arborus.org\/wp-content\/uploads\/2023\/03\/La-parite\u0301-dans-la-tech.jpeg\" class=\"attachment-full size-full wp-post-image\" alt=\"\" itemprop=\"image\" srcset=\"https:\/\/arborus.org\/wp-content\/uploads\/2023\/03\/La-parite\u0301-dans-la-tech.jpeg 1212w, https:\/\/arborus.org\/wp-content\/uploads\/2023\/03\/La-parite\u0301-dans-la-tech-256x300.jpeg 256w, https:\/\/arborus.org\/wp-content\/uploads\/2023\/03\/La-parite\u0301-dans-la-tech-874x1024.jpeg 874w, https:\/\/arborus.org\/wp-content\/uploads\/2023\/03\/La-parite\u0301-dans-la-tech-768x900.jpeg 768w, https:\/\/arborus.org\/wp-content\/uploads\/2023\/03\/La-parite\u0301-dans-la-tech-10x12.jpeg 10w\" sizes=\"auto, (max-width: 1212px) 100vw, 1212px\" \/><\/a>\t\t<\/div>\n\t\t\t\t\t\t\t\t<div class=\"wp-show-posts-entry-summary\" itemprop=\"text\">\n\t\t\t\t\t\t\t<p>El colectivo pasa a la acci\u00f3n en este art\u00edculo de opini\u00f3n titulado \"Paridad en la tecnolog\u00eda: una emergencia, soluciones\" para promover una IA inclusiva. Una iniciativa de Lise Bachmann, que propone un \"Grenelle...<\/p>\n\t\t\t\t\t\t<\/div><!-- .entry-summary -->\n\t\t\t\t\t<div class=\"wpsp-read-more\"><a title=\"22 de febrero de 2023, publicaci\u00f3n en Les Echos de un art\u00edculo de opini\u00f3n colectiva sobre los retos de la IA.\" class=\"wp-show-posts-read-more\" href=\"https:\/\/arborus.org\/es\/22-fevrier-2023-publication-dans-les-echos-dune-tribune-collective-sur-les-enjeux-de-lia-si-elle-nest-pas-inclusive\/\">leer el art\u00edculo<\/a><\/div><\/div><!-- wp-show-posts-inner --><\/article><article class=\"wp-show-posts-single post-1748 post type-post status-publish format-standard hentry category-non-classe category-publication-cristina-lunghi wpsp-col-4\" itemtype=\"http:\/\/schema.org\/CreativeWork\" itemscope><div class=\"wp-show-posts-inner\" style=\"\">\t\t\t\t\t\t<header class=\"wp-show-posts-entry-header\">\n\t\t\t\t\t\t\t<h2 class=\"wp-show-posts-entry-title\" itemprop=\"headline\"><a href=\"https:\/\/arborus.org\/es\/lannee-zero-enfin\/\" rel=\"bookmark\">\u00bfEl a\u00f1o CERO? \u00bfPor fin?<\/a><\/h2>\t\t\t\t\t\t<\/header><!-- .entry-header -->\n\t\t\t\t\t\t\t\t\t\t\t<div class=\"wp-show-posts-entry-summary\" itemprop=\"text\">\n\t\t\t\t\t\t\tLa crisis sanitaria del coronavirus 19 nos ha enfrentado de repente a nuestras contradicciones y a los riesgos a los que nos enfrentamos.\t\t\t\t\t\t<\/div><!-- .entry-summary -->\n\t\t\t\t\t<div class=\"wpsp-read-more\"><a title=\"\u00bfEl a\u00f1o CERO? \u00bfPor fin?\" class=\"wp-show-posts-read-more\" href=\"https:\/\/arborus.org\/es\/lannee-zero-enfin\/\">leer el art\u00edculo<\/a><\/div><\/div><!-- wp-show-posts-inner --><\/article><div class=\"wpsp-clear\"><\/div><\/section><!-- .wp-show-posts -->\n\n\t\t<\/div>\n\t<\/div>\n\n\t<div class=\"wpb_raw_code wpb_raw_html wpb_content_element\" >\n\t\t<div class=\"wpb_wrapper\">\n\t\t\t<div class=\"view-all activities\">\n<a href=\"\/es\/tous-nos-articles\/\">Ver todo<\/a>\n<\/div>\n\t\t<\/div>\n\t<\/div>\n<\/div><\/div><\/div><\/div><\/div><\/div><\/div><\/div><div class=\"vc_row wpb_row vc_row-fluid box_home3 wpb_animate_when_almost_visible wpb_fadeInUp fadeInUp vc_custom_1594288458380\"><div class=\"wpb_column vc_column_container vc_col-sm-12\"><div class=\"vc_column-inner\"><div class=\"wpb_wrapper\"><div class=\"vc_row wpb_row vc_inner vc_row-fluid max_width_home\"><div class=\"wpb_column vc_column_container vc_col-sm-12\"><div class=\"vc_column-inner\"><div class=\"wpb_wrapper\">\n\t<div class=\"wpb_text_column wpb_content_element\" >\n\t\t<div class=\"wpb_wrapper\">\n\t\t\t<h2 style=\"text-align: center;\">EMPRESAS PATROCINADORAS<\/h2>\n\n\t\t<\/div>\n\t<\/div>\n<\/div><\/div><\/div><\/div><div class=\"vc_row wpb_row vc_inner vc_row-fluid\"><div class=\"wpb_column vc_column_container vc_col-sm-2 vc_col-lg-offset-1 vc_col-md-offset-1\"><div class=\"vc_column-inner\"><div class=\"wpb_wrapper\">\n\t<div  class=\"wpb_single_image wpb_content_element vc_align_center wpb_content_element\">\n\t\t\n\t\t<figure class=\"wpb_wrapper vc_figure\">\n\t\t\t<div class=\"vc_single_image-wrapper   vc_box_border_grey\"><img loading=\"lazy\" decoding=\"async\" width=\"153\" height=\"93\" src=\"https:\/\/arborus.org\/wp-content\/uploads\/2020\/05\/l7.png\" class=\"vc_single_image-img attachment-full\" alt=\"\" \/><\/div>\n\t\t<\/figure>\n\t<\/div>\n<\/div><\/div><\/div><div class=\"wpb_column vc_column_container vc_col-sm-2\"><div class=\"vc_column-inner\"><div class=\"wpb_wrapper\">\n\t<div  class=\"wpb_single_image wpb_content_element vc_align_center wpb_content_element\">\n\t\t\n\t\t<figure class=\"wpb_wrapper vc_figure\">\n\t\t\t<div class=\"vc_single_image-wrapper   vc_box_border_grey\"><img loading=\"lazy\" decoding=\"async\" width=\"153\" height=\"93\" src=\"https:\/\/arborus.org\/wp-content\/uploads\/2020\/05\/l10.png\" class=\"vc_single_image-img attachment-full\" alt=\"\" \/><\/div>\n\t\t<\/figure>\n\t<\/div>\n<\/div><\/div><\/div><div class=\"wpb_column vc_column_container vc_col-sm-2\"><div class=\"vc_column-inner\"><div class=\"wpb_wrapper\">\n\t<div  class=\"wpb_single_image wpb_content_element vc_align_center wpb_content_element\">\n\t\t\n\t\t<figure class=\"wpb_wrapper vc_figure\">\n\t\t\t<div class=\"vc_single_image-wrapper   vc_box_border_grey\"><img loading=\"lazy\" decoding=\"async\" width=\"153\" height=\"93\" src=\"https:\/\/arborus.org\/wp-content\/uploads\/2020\/05\/l8.png\" class=\"vc_single_image-img attachment-full\" alt=\"\" \/><\/div>\n\t\t<\/figure>\n\t<\/div>\n<\/div><\/div><\/div><div class=\"wpb_column vc_column_container vc_col-sm-2\"><div class=\"vc_column-inner\"><div class=\"wpb_wrapper\">\n\t<div  class=\"wpb_single_image wpb_content_element vc_align_center wpb_content_element\">\n\t\t\n\t\t<figure class=\"wpb_wrapper vc_figure\">\n\t\t\t<div class=\"vc_single_image-wrapper   vc_box_border_grey\"><img loading=\"lazy\" decoding=\"async\" width=\"153\" height=\"93\" src=\"https:\/\/arborus.org\/wp-content\/uploads\/2020\/05\/l11.png\" class=\"vc_single_image-img attachment-full\" alt=\"\" \/><\/div>\n\t\t<\/figure>\n\t<\/div>\n<\/div><\/div><\/div><div class=\"wpb_column vc_column_container vc_col-sm-2\"><div class=\"vc_column-inner\"><div class=\"wpb_wrapper\">\n\t<div  class=\"wpb_single_image wpb_content_element vc_align_center wpb_content_element\">\n\t\t\n\t\t<figure class=\"wpb_wrapper vc_figure\">\n\t\t\t<div class=\"vc_single_image-wrapper   vc_box_border_grey\"><img loading=\"lazy\" decoding=\"async\" width=\"153\" height=\"79\" src=\"https:\/\/arborus.org\/wp-content\/uploads\/2020\/05\/l3.png\" class=\"vc_single_image-img attachment-full\" alt=\"\" \/><\/div>\n\t\t<\/figure>\n\t<\/div>\n<\/div><\/div><\/div><\/div><div class=\"vc_row wpb_row vc_inner vc_row-fluid\"><div class=\"wpb_column vc_column_container vc_col-sm-2 vc_col-lg-offset-1 vc_col-md-offset-1\"><div class=\"vc_column-inner\"><div class=\"wpb_wrapper\">\n\t<div  class=\"wpb_single_image wpb_content_element vc_align_center wpb_content_element\">\n\t\t\n\t\t<figure class=\"wpb_wrapper vc_figure\">\n\t\t\t<div class=\"vc_single_image-wrapper   vc_box_border_grey\"><img loading=\"lazy\" decoding=\"async\" width=\"153\" height=\"79\" src=\"https:\/\/arborus.org\/wp-content\/uploads\/2023\/06\/geodis.jpg\" class=\"vc_single_image-img attachment-full\" alt=\"\" srcset=\"https:\/\/arborus.org\/wp-content\/uploads\/2023\/06\/geodis.jpg 153w, https:\/\/arborus.org\/wp-content\/uploads\/2023\/06\/geodis-18x9.jpg 18w\" sizes=\"auto, (max-width: 153px) 100vw, 153px\" \/><\/div>\n\t\t<\/figure>\n\t<\/div>\n<\/div><\/div><\/div><div class=\"wpb_column vc_column_container vc_col-sm-2\"><div class=\"vc_column-inner\"><div class=\"wpb_wrapper\">\n\t<div  class=\"wpb_single_image wpb_content_element vc_align_center wpb_content_element\">\n\t\t\n\t\t<figure class=\"wpb_wrapper vc_figure\">\n\t\t\t<div class=\"vc_single_image-wrapper   vc_box_border_grey\"><img loading=\"lazy\" decoding=\"async\" width=\"153\" height=\"79\" src=\"https:\/\/arborus.org\/wp-content\/uploads\/2023\/06\/inditex.jpg\" class=\"vc_single_image-img attachment-full\" alt=\"\" srcset=\"https:\/\/arborus.org\/wp-content\/uploads\/2023\/06\/inditex.jpg 153w, https:\/\/arborus.org\/wp-content\/uploads\/2023\/06\/inditex-18x9.jpg 18w\" sizes=\"auto, (max-width: 153px) 100vw, 153px\" \/><\/div>\n\t\t<\/figure>\n\t<\/div>\n<\/div><\/div><\/div><div class=\"wpb_column vc_column_container vc_col-sm-2\"><div class=\"vc_column-inner\"><div class=\"wpb_wrapper\">\n\t<div  class=\"wpb_single_image wpb_content_element vc_align_center wpb_content_element\">\n\t\t\n\t\t<figure class=\"wpb_wrapper vc_figure\">\n\t\t\t<div class=\"vc_single_image-wrapper   vc_box_border_grey\"><img loading=\"lazy\" decoding=\"async\" width=\"153\" height=\"79\" src=\"https:\/\/arborus.org\/wp-content\/uploads\/2020\/05\/l2.png\" class=\"vc_single_image-img attachment-full\" alt=\"\" \/><\/div>\n\t\t<\/figure>\n\t<\/div>\n<\/div><\/div><\/div><div class=\"wpb_column vc_column_container vc_col-sm-2\"><div class=\"vc_column-inner\"><div class=\"wpb_wrapper\">\n\t<div  class=\"wpb_single_image wpb_content_element vc_align_center wpb_content_element\">\n\t\t\n\t\t<figure class=\"wpb_wrapper vc_figure\">\n\t\t\t<div class=\"vc_single_image-wrapper   vc_box_border_grey\"><img loading=\"lazy\" decoding=\"async\" width=\"153\" height=\"93\" src=\"https:\/\/arborus.org\/wp-content\/uploads\/2020\/05\/l12.png\" class=\"vc_single_image-img attachment-full\" alt=\"\" \/><\/div>\n\t\t<\/figure>\n\t<\/div>\n<\/div><\/div><\/div><div class=\"wpb_column vc_column_container vc_col-sm-2\"><div class=\"vc_column-inner\"><div class=\"wpb_wrapper\">\n\t<div  class=\"wpb_single_image wpb_content_element vc_align_center wpb_content_element\">\n\t\t\n\t\t<figure class=\"wpb_wrapper vc_figure\">\n\t\t\t<div class=\"vc_single_image-wrapper   vc_box_border_grey\"><img loading=\"lazy\" decoding=\"async\" width=\"153\" height=\"79\" src=\"https:\/\/arborus.org\/wp-content\/uploads\/2020\/05\/l4.png\" class=\"vc_single_image-img attachment-full\" alt=\"\" \/><\/div>\n\t\t<\/figure>\n\t<\/div>\n<\/div><\/div><\/div><\/div><div class=\"vc_row wpb_row vc_inner vc_row-fluid\"><div class=\"wpb_column vc_column_container vc_col-sm-2 vc_col-lg-offset-1 vc_col-md-offset-1\"><div class=\"vc_column-inner\"><div class=\"wpb_wrapper\">\n\t<div  class=\"wpb_single_image wpb_content_element vc_align_center wpb_content_element\">\n\t\t\n\t\t<figure class=\"wpb_wrapper vc_figure\">\n\t\t\t<div class=\"vc_single_image-wrapper   vc_box_border_grey\"><img loading=\"lazy\" decoding=\"async\" width=\"153\" height=\"79\" src=\"https:\/\/arborus.org\/wp-content\/uploads\/2020\/05\/l6.png\" class=\"vc_single_image-img attachment-full\" alt=\"\" \/><\/div>\n\t\t<\/figure>\n\t<\/div>\n<\/div><\/div><\/div><div class=\"wpb_column vc_column_container vc_col-sm-2\"><div class=\"vc_column-inner\"><div class=\"wpb_wrapper\">\n\t<div  class=\"wpb_single_image wpb_content_element vc_align_center wpb_content_element\">\n\t\t\n\t\t<figure class=\"wpb_wrapper vc_figure\">\n\t\t\t<div class=\"vc_single_image-wrapper   vc_box_border_grey\"><img loading=\"lazy\" decoding=\"async\" width=\"153\" height=\"79\" src=\"https:\/\/arborus.org\/wp-content\/uploads\/2020\/05\/l1.png\" class=\"vc_single_image-img attachment-full\" alt=\"\" \/><\/div>\n\t\t<\/figure>\n\t<\/div>\n<\/div><\/div><\/div><div class=\"wpb_column vc_column_container vc_col-sm-2\"><div class=\"vc_column-inner\"><div class=\"wpb_wrapper\">\n\t<div  class=\"wpb_single_image wpb_content_element vc_align_center wpb_content_element\">\n\t\t\n\t\t<figure class=\"wpb_wrapper vc_figure\">\n\t\t\t<div class=\"vc_single_image-wrapper   vc_box_border_grey\"><img loading=\"lazy\" decoding=\"async\" width=\"153\" height=\"79\" src=\"https:\/\/arborus.org\/wp-content\/uploads\/2020\/05\/l5.png\" class=\"vc_single_image-img attachment-full\" alt=\"\" \/><\/div>\n\t\t<\/figure>\n\t<\/div>\n<\/div><\/div><\/div><div class=\"wpb_column vc_column_container vc_col-sm-2\"><div class=\"vc_column-inner\"><div class=\"wpb_wrapper\">\n\t<div  class=\"wpb_single_image wpb_content_element vc_align_center wpb_content_element\">\n\t\t\n\t\t<figure class=\"wpb_wrapper vc_figure\">\n\t\t\t<div class=\"vc_single_image-wrapper   vc_box_border_grey\"><img loading=\"lazy\" decoding=\"async\" width=\"153\" height=\"93\" src=\"https:\/\/arborus.org\/wp-content\/uploads\/2020\/05\/l9.png\" class=\"vc_single_image-img attachment-full\" alt=\"\" \/><\/div>\n\t\t<\/figure>\n\t<\/div>\n<\/div><\/div><\/div><div class=\"wpb_column vc_column_container vc_col-sm-2\"><div class=\"vc_column-inner\"><div class=\"wpb_wrapper\">\n\t<div  class=\"wpb_single_image wpb_content_element vc_align_center wpb_content_element\">\n\t\t\n\t\t<figure class=\"wpb_wrapper vc_figure\">\n\t\t\t<div class=\"vc_single_image-wrapper   vc_box_border_grey\"><img loading=\"lazy\" decoding=\"async\" width=\"153\" height=\"79\" src=\"https:\/\/arborus.org\/wp-content\/uploads\/2023\/06\/sonepar.jpg\" class=\"vc_single_image-img attachment-full\" alt=\"\" srcset=\"https:\/\/arborus.org\/wp-content\/uploads\/2023\/06\/sonepar.jpg 153w, https:\/\/arborus.org\/wp-content\/uploads\/2023\/06\/sonepar-18x9.jpg 18w\" sizes=\"auto, (max-width: 153px) 100vw, 153px\" \/><\/div>\n\t\t<\/figure>\n\t<\/div>\n<\/div><\/div><\/div><\/div><\/div><\/div><\/div><\/div>\n<\/div>","protected":false},"excerpt":{"rendered":"La crisis sanitaria del coronavirus 19 nos ha enfrentado de golpe a nuestras contradicciones y a los riesgos a los que nos enfrentamos, riesgos que conocemos y, lo que es peor, asumimos con nuestro comportamiento cotidiano, en el que dejamos para ma\u00f1ana lo que podr\u00eda salvarnos hoy. Pero esta crisis hist\u00f3rica nos ha obligado a limitarnos a nuestros [...]","protected":false},"author":3,"featured_media":0,"parent":0,"menu_order":0,"comment_status":"closed","ping_status":"closed","template":"page-templates\/no-sidebar.php","meta":{"_acf_changed":false,"footnotes":""},"class_list":["post-7","page","type-page","status-publish","hentry"],"acf":[],"_links":{"self":[{"href":"https:\/\/arborus.org\/es\/wp-json\/wp\/v2\/pages\/7","targetHints":{"allow":["GET"]}}],"collection":[{"href":"https:\/\/arborus.org\/es\/wp-json\/wp\/v2\/pages"}],"about":[{"href":"https:\/\/arborus.org\/es\/wp-json\/wp\/v2\/types\/page"}],"author":[{"embeddable":true,"href":"https:\/\/arborus.org\/es\/wp-json\/wp\/v2\/users\/3"}],"replies":[{"embeddable":true,"href":"https:\/\/arborus.org\/es\/wp-json\/wp\/v2\/comments?post=7"}],"version-history":[{"count":71,"href":"https:\/\/arborus.org\/es\/wp-json\/wp\/v2\/pages\/7\/revisions"}],"predecessor-version":[{"id":4645,"href":"https:\/\/arborus.org\/es\/wp-json\/wp\/v2\/pages\/7\/revisions\/4645"}],"wp:attachment":[{"href":"https:\/\/arborus.org\/es\/wp-json\/wp\/v2\/media?parent=7"}],"curies":[{"name":"wp","href":"https:\/\/api.w.org\/{rel}","templated":true}]}}