{"id":9,"date":"2020-05-02T17:40:22","date_gmt":"2020-05-02T15:40:22","guid":{"rendered":"https:\/\/arborus.org\/?page_id=9"},"modified":"2023-07-08T10:49:59","modified_gmt":"2023-07-08T08:49:59","slug":"qui-sommes-nous","status":"publish","type":"page","link":"https:\/\/arborus.org\/es\/qui-sommes-nous\/","title":{"rendered":"\u00bfQUI\u00c9NES SOMOS?"},"content":{"rendered":"<div class=\"wpb-content-wrapper\"><div class=\"vc_row wpb_row vc_row-fluid bg_color box2_int bg_noir\"><div class=\"wpb_column vc_column_container vc_col-sm-12\"><div class=\"vc_column-inner\"><div class=\"wpb_wrapper\"><div class=\"vc_row wpb_row vc_inner vc_row-fluid\"><div class=\"slider-col-1-txt wpb_column vc_column_container vc_col-sm-6\"><div class=\"vc_column-inner\"><div class=\"wpb_wrapper\">\n\t<div class=\"wpb_text_column wpb_content_element wpb_animate_when_almost_visible wpb_fadeInLeft fadeInLeft\" >\n\t\t<div class=\"wpb_wrapper\">\n\t\t\t<h2><strong>CONSTRUIR UN FUTURO MEJOR<\/strong> BASADO EN<br \/>\nIGUALDAD DE G\u00c9NERO E INCLUSI\u00d3N<\/h2>\n\n\t\t<\/div>\n\t<\/div>\n<\/div><\/div><\/div><div class=\"wpb_column vc_column_container vc_col-sm-6\"><div class=\"vc_column-inner\"><div class=\"wpb_wrapper\">\n\t<div  class=\"wpb_single_image wpb_content_element vc_align_center wpb_content_element wpb_animate_when_almost_visible wpb_fadeInRight fadeInRight\">\n\t\t\n\t\t<figure class=\"wpb_wrapper vc_figure\">\n\t\t\t<div class=\"vc_single_image-wrapper   vc_box_border_grey\"><img loading=\"lazy\" decoding=\"async\" width=\"420\" height=\"298\" src=\"https:\/\/arborus.org\/wp-content\/uploads\/2020\/05\/im_top.png\" class=\"vc_single_image-img attachment-full\" alt=\"\" srcset=\"https:\/\/arborus.org\/wp-content\/uploads\/2020\/05\/im_top.png 420w, https:\/\/arborus.org\/wp-content\/uploads\/2020\/05\/im_top-300x213.png 300w\" sizes=\"auto, (max-width: 420px) 100vw, 420px\" \/><\/div>\n\t\t<\/figure>\n\t<\/div>\n<\/div><\/div><\/div><\/div><\/div><\/div><\/div><div class=\"wpb_column vc_column_container vc_col-sm-12\"><div class=\"vc_column-inner\"><div class=\"wpb_wrapper\"><\/div><\/div><\/div><\/div><div class=\"vc_row wpb_row vc_row-fluid box3_int vc_row-o-equal-height vc_row-flex\"><div class=\"wpb_column vc_column_container vc_col-sm-12\"><div class=\"vc_column-inner\"><div class=\"wpb_wrapper\"><div class=\"vc_row wpb_row vc_inner vc_row-fluid\"><div class=\"wpb_column vc_column_container vc_col-sm-12\"><div class=\"vc_column-inner vc_custom_1686139372341\"><div class=\"wpb_wrapper\">\n\t<div class=\"wpb_text_column wpb_content_element\" >\n\t\t<div class=\"wpb_wrapper\">\n\t\t\t<h3>EL FONDO DE DOTACI\u00d3N DE ARBORUS<\/h3>\n\n\t\t<\/div>\n\t<\/div>\n<\/div><\/div><\/div><\/div><div class=\"vc_row wpb_row vc_inner vc_row-fluid vc_row-o-equal-height vc_row-flex\"><div class=\"m-0-xs wpb_column vc_column_container vc_col-sm-6 vc_col-has-fill\"><div class=\"vc_column-inner vc_custom_1687983474273\"><div class=\"wpb_wrapper\">\n\t<div class=\"wpb_text_column wpb_content_element vc_custom_1686248216556\" >\n\t\t<div class=\"wpb_wrapper\">\n\t\t\t<p>El Fondo de Dotaci\u00f3n Arborus trabaja por el inter\u00e9s general, bas\u00e1ndose en la idea de que la raza humana debe encontrar su equilibrio en la igualdad de sus dos polos, masculino y femenino. Esta igualdad se convierte entonces en la palanca de cualquier cambio en la sociedad y los sistemas. Los problemas mundiales, las motivaciones de las nuevas generaciones y el calentamiento global nos llevan a reforzar esta necesidad absoluta de cambio, y el GEEIS nos parece una herramienta estructurante importante en esta perspectiva.<\/p>\n<p>De hecho, es a trav\u00e9s de los recursos humanos, su concienciaci\u00f3n sobre la igualdad y las acciones ejemplares de las empresas como puede activarse esta palanca.<\/p>\n\n\t\t<\/div>\n\t<\/div>\n<\/div><\/div><\/div><div class=\"m-0-xs wpb_column vc_column_container vc_col-sm-6 vc_col-has-fill\"><div class=\"vc_column-inner vc_custom_1687983467808\"><div class=\"wpb_wrapper\">\n\t<div class=\"wpb_text_column wpb_content_element vc_custom_1686139465152\" >\n\t\t<div class=\"wpb_wrapper\">\n\t\t\t<p>La originalidad del planteamiento reside en ofrecer un progreso permanente, flexible y adaptable a todas las empresas.El objetivo del Fondo Arborus es incluir en lugar de crear grupos. El principio de universalismo es uno de los principios generales fundadores del enfoque Arborus y se inscribe en una dimensi\u00f3n de inter\u00e9s general a escala planetaria.<\/p>\n<p>La etiqueta GEEIS, y sus extensiones GEEIS-Diversity y GEEIS-AI, las concede el principal organismo de certificaci\u00f3n del mundo, Bureau Veritas Certification.<\/p>\n\n\t\t<\/div>\n\t<\/div>\n<\/div><\/div><\/div><\/div><div class=\"vc_row wpb_row vc_inner vc_row-fluid\"><div class=\"wpb_column vc_column_container vc_col-sm-12\"><div class=\"vc_column-inner vc_custom_1686143625221\"><div class=\"wpb_wrapper\">\n\t<div class=\"wpb_text_column wpb_content_element\" >\n\t\t<div class=\"wpb_wrapper\">\n\t\t\t<h3>EL FONDO ARBORUS SE RIGE POR S\u00d3LIDOS VALORES COMPARTIDOS POR TODOS SUS MIEMBROS, A SABER<\/h3>\n\n\t\t<\/div>\n\t<\/div>\n<\/div><\/div><\/div><\/div><div class=\"vc_row wpb_row vc_inner vc_row-fluid\"><div class=\"wpb_column vc_column_container vc_col-sm-3\"><div class=\"vc_column-inner\"><div class=\"wpb_wrapper\">\n\t<div class=\"wpb_text_column wpb_content_element\" >\n\t\t<div class=\"wpb_wrapper\">\n\t\t\t<div class=\"boximg\">\n<p><img decoding=\"async\" class=\"aligncenter\" src=\"http:\/\/arborus.org\/wp-content\/uploads\/2020\/05\/ic1.png\" \/><\/p>\n<h4 style=\"text-align: center;\"><a href=\"#\">Cuidando<\/a><\/h4>\n<\/div>\n\n\t\t<\/div>\n\t<\/div>\n<\/div><\/div><\/div><div class=\"wpb_column vc_column_container vc_col-sm-3\"><div class=\"vc_column-inner\"><div class=\"wpb_wrapper\">\n\t<div class=\"wpb_text_column wpb_content_element\" >\n\t\t<div class=\"wpb_wrapper\">\n\t\t\t<div class=\"boximg\">\n<p><img decoding=\"async\" class=\"aligncenter\" src=\"http:\/\/arborus.org\/wp-content\/uploads\/2020\/05\/ic2.png\" \/><\/p>\n<h4 style=\"text-align: center;\"><a href=\"#\">Compartir<\/a><\/h4>\n<\/div>\n\n\t\t<\/div>\n\t<\/div>\n<\/div><\/div><\/div><div class=\"wpb_column vc_column_container vc_col-sm-3\"><div class=\"vc_column-inner\"><div class=\"wpb_wrapper\">\n\t<div class=\"wpb_text_column wpb_content_element\" >\n\t\t<div class=\"wpb_wrapper\">\n\t\t\t<div class=\"boximg\">\n<p><img decoding=\"async\" class=\"aligncenter\" src=\"http:\/\/arborus.org\/wp-content\/uploads\/2020\/05\/ic3.png\" \/><\/p>\n<h4 style=\"text-align: center;\"><a href=\"#\">Innovaci\u00f3n social<\/a><\/h4>\n<\/div>\n\n\t\t<\/div>\n\t<\/div>\n<\/div><\/div><\/div><div class=\"wpb_column vc_column_container vc_col-sm-3\"><div class=\"vc_column-inner\"><div class=\"wpb_wrapper\">\n\t<div class=\"wpb_text_column wpb_content_element\" >\n\t\t<div class=\"wpb_wrapper\">\n\t\t\t<div class=\"boximg\">\n<p><img decoding=\"async\" class=\"aligncenter\" src=\"http:\/\/arborus.org\/wp-content\/uploads\/2020\/05\/ic4.png\" \/><\/p>\n<h4 style=\"text-align: center;\"><a href=\"#\">Excelencia en el servicio<br \/>\nde inter\u00e9s general<\/a><\/h4>\n<\/div>\n\n\t\t<\/div>\n\t<\/div>\n<\/div><\/div><\/div><\/div><\/div><\/div><\/div><div class=\"wpb_column vc_column_container vc_col-sm-12\"><div class=\"vc_column-inner\"><div class=\"wpb_wrapper\"><\/div><\/div><\/div><\/div><div class=\"vc_row wpb_row vc_row-fluid\"><div class=\"wpb_column vc_column_container vc_col-sm-12 vc_col-has-fill\"><div class=\"vc_column-inner vc_custom_1686242794976\"><div class=\"wpb_wrapper\">\n\t<div class=\"wpb_raw_code wpb_raw_html wpb_content_element vc_custom_1686242779445\" >\n\t\t<div class=\"wpb_wrapper\">\n\t\t\t\n<div class=\"timeline_container\">\n\n            <div class=\"timeline-block timeline-block-right\">\n            <div class=\"marker\"><\/div>\n            <div class=\"timeline-content\">\n                <h3>2020<\/h3>\n                <div class=\"title-box\">\n                    <p>GEEIS-IA<\/p>\n<p><a href=\"https:\/\/charteia.arborus.org\/\">Primera Carta Internacional de la AI Inclusiva <\/a><\/p>\n                <\/div>\n                <p>7 de septiembre de 2020. Arborus lanza la Carta Internacional de la IA Inclusiva para ampliar su compromiso con la igualdad profesional y la inclusi\u00f3n. Lanzada en colaboraci\u00f3n con el Grupo Orange, titular del sello en 17 pa\u00edses y miembro fundador del Fondo de Dotaci\u00f3n de Arborus, y bajo el alto patrocinio de la Secretaria de Estado.<\/p>\n            <\/div>\n            <div class=\"timeline-logo\">\n                                        <img decoding=\"async\" src=\"https:\/\/arborus.org\/wp-content\/uploads\/2023\/07\/LOGO-CHARTE-IA-Inclusive.jpg\" alt=\"\">\n                                        <img decoding=\"async\" src=\"https:\/\/arborus.org\/wp-content\/uploads\/2023\/06\/logo-GEEIS-AI-1.png\" alt=\"\">\n                            <\/div>\n        <\/div>\n            <div class=\"timeline-block timeline-block-right\">\n            <div class=\"marker\"><\/div>\n            <div class=\"timeline-content\">\n                <h3>2019<\/h3>\n                <div class=\"title-box\">\n                    <p>El Trofeo GEEIS SDG<\/p>\n                <\/div>\n                <p>Septiembre de 2019. A instancias de las Naciones Unidas, que ha desarrollado los Objetivos de Desarrollo Sostenible, Arborus est\u00e1 creando el Trofeo GEEIS-SDG para ofrecer a las empresas que participan en GEEIS la oportunidad de competir por este trofeo, que se entregar\u00e1 a las Naciones Unidas.<\/p>\n            <\/div>\n            <div class=\"timeline-logo\">\n                                        <img decoding=\"async\" src=\"https:\/\/arborus.org\/wp-content\/uploads\/2023\/06\/url.png\" alt=\"\">\n                            <\/div>\n        <\/div>\n            <div class=\"timeline-block timeline-block-right\">\n            <div class=\"marker\"><\/div>\n            <div class=\"timeline-content\">\n                <h3>2017<\/h3>\n                <div class=\"title-box\">\n                    <p>Diversidad GEEIS<\/p>\n                <\/div>\n                <p>31 de marzo de 2017. Con vistas a la inclusi\u00f3n, la etiqueta se ha ampliado para incluir la diversidad con GEEIS Diversity, lo que permite un enfoque m\u00e1s global de la inclusi\u00f3n en las empresas.<\/p>\n            <\/div>\n            <div class=\"timeline-logo\">\n                                        <img decoding=\"async\" src=\"https:\/\/arborus.org\/wp-content\/uploads\/2023\/06\/GEEIS-D@2x-1.png\" alt=\"\">\n                            <\/div>\n        <\/div>\n            <div class=\"timeline-block timeline-block-right\">\n            <div class=\"marker\"><\/div>\n            <div class=\"timeline-content\">\n                <h3>2010<\/h3>\n                <div class=\"title-box\">\n                    <p>GEEIS<br \/>\nIgualdad de g\u00e9nero y normas internacionales<\/p>\n                <\/div>\n                <p>8 de abril de 2010. Bajo el Alto Patrocinio del Consejo Econ\u00f3mico y Social Europeo, creaci\u00f3n de la Norma Europea e Internacional de Igualdad de G\u00e9nero GEEIS.\r\nEl objetivo de esta etiqueta es promover la igualdad entre mujeres y hombres en todo el mundo.<\/p>\n            <\/div>\n            <div class=\"timeline-logo\">\n                                        <img decoding=\"async\" src=\"https:\/\/arborus.org\/wp-content\/uploads\/2023\/06\/LOGO-GEEIS_SS_FOND-1-1.png\" alt=\"\">\n                            <\/div>\n        <\/div>\n    \n<\/div>\n\t\t<\/div>\n\t<\/div>\n<\/div><\/div><\/div><\/div>\n<\/div>","protected":false},"excerpt":{"rendered":"BUILD A BETTER FUTURE BASED ON GENDER EQUALITY AND INCLUSION LE FONDS DE DOTATION ARBORUS Le Fonds de dotation Arborus travaille dans une perspective d\u2019int\u00e9r\u00eat g\u00e9n\u00e9ral bas\u00e9 sur l\u2019id\u00e9e que le genre humain doit trouver son \u00e9quilibre dans l\u2019\u00e9galit\u00e9 de ses deux p\u00f4les f\u00e9minin et masculin. Cette \u00e9galit\u00e9 devient alors le levier de tout changement [...]","protected":false},"author":3,"featured_media":0,"parent":0,"menu_order":0,"comment_status":"closed","ping_status":"closed","template":"page-templates\/no-sidebar.php","meta":{"_acf_changed":false,"footnotes":""},"class_list":["post-9","page","type-page","status-publish","hentry"],"acf":[],"_links":{"self":[{"href":"https:\/\/arborus.org\/es\/wp-json\/wp\/v2\/pages\/9","targetHints":{"allow":["GET"]}}],"collection":[{"href":"https:\/\/arborus.org\/es\/wp-json\/wp\/v2\/pages"}],"about":[{"href":"https:\/\/arborus.org\/es\/wp-json\/wp\/v2\/types\/page"}],"author":[{"embeddable":true,"href":"https:\/\/arborus.org\/es\/wp-json\/wp\/v2\/users\/3"}],"replies":[{"embeddable":true,"href":"https:\/\/arborus.org\/es\/wp-json\/wp\/v2\/comments?post=9"}],"version-history":[{"count":63,"href":"https:\/\/arborus.org\/es\/wp-json\/wp\/v2\/pages\/9\/revisions"}],"predecessor-version":[{"id":4673,"href":"https:\/\/arborus.org\/es\/wp-json\/wp\/v2\/pages\/9\/revisions\/4673"}],"wp:attachment":[{"href":"https:\/\/arborus.org\/es\/wp-json\/wp\/v2\/media?parent=9"}],"curies":[{"name":"wp","href":"https:\/\/api.w.org\/{rel}","templated":true}]}}